{"id":89340,"date":"2022-07-14T20:34:46","date_gmt":"2022-07-15T01:34:46","guid":{"rendered":"https:\/\/defabrica.com.mx\/defabrica\/?post_type=product&#038;p=89340"},"modified":"2022-07-14T20:34:46","modified_gmt":"2022-07-15T01:34:46","slug":"steelseries-raton-optico-inalambrico-para-juegos-rival-650-con-iluminacion-rgb-negro","status":"publish","type":"product","link":"https:\/\/defabrica.com.mx\/defabrica\/producto\/steelseries-raton-optico-inalambrico-para-juegos-rival-650-con-iluminacion-rgb-negro\/","title":{"rendered":"SteelSeries &#8211; Rat\u00f3n \u00f3ptico inal\u00e1mbrico para juegos Rival 650 con iluminaci\u00f3n RGB &#8211; Negro"},"content":{"rendered":"<div class=\"embedded-component-container lv product-description\">\n<div>\n<div id=\"shop-product-description-34630910\" class=\"_none\" data-version=\"1.3.46\">\n<div class=\"shop-product-description\">\n<section class=\"align-heading-left\" data-reactroot=\"\">\n<div class=\"long-description-container body-copy \">\n<div class=\"html-fragment\"><span>El mouse inal\u00e1mbrico para juegos Rival 650 presenta un rendimiento sin retrasos de Quantum Wireless\u2122 junto con un sistema de sensor dual avanzado, TrueMove3+ para una libertad sin concesiones.\u00a0Con m\u00e1s de 24 horas de duraci\u00f3n de la bater\u00eda, carga r\u00e1pida y ajuste personalizado del centro de gravedad con 256 configuraciones de peso, el Rival 650 Wireless es imprescindible para los juegos competitivos.<\/span><\/div>\n<\/div>\n<\/section>\n<\/div>\n<\/div>\n<\/div>\n<\/div>\n<div class=\"embedded-component-container lv product-features\">\n<h3><\/h3>\n<h3 class=\"heading-5 v-fw-regular feature-heading\"><strong>Caracter\u00edsticas<\/strong><\/h3>\n<ul>\n<li><strong>Precisi\u00f3n inal\u00e1mbrica de siguiente nivel<\/strong><br \/>\nEl Rival 650 Wireless presenta un rendimiento sin p\u00e9rdidas de 1 ms de Quantum Wireless \u2122, capacidades de carga ultrarr\u00e1pidas y un sensor de juego ultra preciso.<\/li>\n<li><strong>Inal\u00e1mbrico cu\u00e1ntico<\/strong><br \/>\nEl nuevo sistema de vanguardia sin retrasos ofrece 1000 Hz, latencia de 1 ms, 24 horas de duraci\u00f3n de la bater\u00eda y optimizaci\u00f3n de frecuencia de grado de torneo para un rendimiento inigualable incluso durante las sesiones de juego m\u00e1s exigentes.<\/li>\n<li><strong>Carga r\u00e1pida<\/strong><br \/>\nEl Rival 650 Wireless ofrece una velocidad de carga excepcional. 15 minutos de carga ofrecen m\u00e1s de 10 horas de tiempo de juego. Nunca m\u00e1s tendr\u00e1s que cargar en medio de tu juego.<\/li>\n<li><strong>2 sensores para precisi\u00f3n de siguiente nivel<\/strong><br \/>\nCon un sistema de sensor avanzado, el TrueMove3+ combina un seguimiento real 1 a 1 con una innovadora detecci\u00f3n de distancia de despegue de \u00faltima generaci\u00f3n. Por primera vez, usted tiene el control total, incluso durante el despegue.<\/li>\n<li><strong>Peso y equilibrio eficientes<\/strong><br \/>\nEl nuevo sistema de ajuste del centro de gravedad incluye pesos m\u00f3viles y personalizaci\u00f3n de ligero a pesado, lo que ofrece la m\u00e1s amplia gama de ajustes de cualquier mouse para juegos.<\/li>\n<li><strong>Peso ajustable<\/strong><br \/>\n256 configuraciones de peso y equilibrio.<\/li>\n<li><strong>Compatible con la mayor\u00eda de las computadoras Windows y Mac<\/strong><br \/>\nFunciona en una amplia gama de computadoras.<\/li>\n<\/ul>\n<\/div>\n","protected":false},"excerpt":{"rendered":"<p>El mouse inal\u00e1mbrico para juegos Rival 650 presenta un rendimiento sin retrasos de Quantum Wireless\u2122 junto con un sistema de sensor dual avanzado, TrueMove3+ para una libertad sin concesiones.\u00a0Con m\u00e1s<\/p>\n","protected":false},"featured_media":89341,"comment_status":"open","ping_status":"closed","template":"","meta":{"_acf_changed":false,"_joinchat":[]},"product_brand":[],"product_cat":[277,280,434],"product_tag":[],"class_list":{"0":"post-89340","1":"product","2":"type-product","3":"status-publish","4":"has-post-thumbnail","6":"product_cat-zona-gamer","7":"product_cat-pc-gaming","8":"product_cat-mouse-y-teclado-gamer","10":"first","11":"instock","12":"sale","13":"shipping-taxable","14":"purchasable","15":"product-type-simple"},"acf":[],"_links":{"self":[{"href":"https:\/\/defabrica.com.mx\/defabrica\/wp-json\/wp\/v2\/product\/89340","targetHints":{"allow":["GET"]}}],"collection":[{"href":"https:\/\/defabrica.com.mx\/defabrica\/wp-json\/wp\/v2\/product"}],"about":[{"href":"https:\/\/defabrica.com.mx\/defabrica\/wp-json\/wp\/v2\/types\/product"}],"replies":[{"embeddable":true,"href":"https:\/\/defabrica.com.mx\/defabrica\/wp-json\/wp\/v2\/comments?post=89340"}],"wp:featuredmedia":[{"embeddable":true,"href":"https:\/\/defabrica.com.mx\/defabrica\/wp-json\/wp\/v2\/media\/89341"}],"wp:attachment":[{"href":"https:\/\/defabrica.com.mx\/defabrica\/wp-json\/wp\/v2\/media?parent=89340"}],"wp:term":[{"taxonomy":"product_brand","embeddable":true,"href":"https:\/\/defabrica.com.mx\/defabrica\/wp-json\/wp\/v2\/product_brand?post=89340"},{"taxonomy":"product_cat","embeddable":true,"href":"https:\/\/defabrica.com.mx\/defabrica\/wp-json\/wp\/v2\/product_cat?post=89340"},{"taxonomy":"product_tag","embeddable":true,"href":"https:\/\/defabrica.com.mx\/defabrica\/wp-json\/wp\/v2\/product_tag?post=89340"}],"curies":[{"name":"wp","href":"https:\/\/api.w.org\/{rel}","templated":true}]}}