{"id":89334,"date":"2022-07-14T20:31:45","date_gmt":"2022-07-15T01:31:45","guid":{"rendered":"https:\/\/defabrica.com.mx\/defabrica\/?post_type=product&#038;p=89334"},"modified":"2023-01-18T13:41:56","modified_gmt":"2023-01-18T19:41:56","slug":"steelseries-apex-pro-mini-60-inalambrico-mecanico-omnipoint-interruptor-de-activacion-ajustable-teclado-para-juegos-con-retroiluminacion-rgb-negro","status":"publish","type":"product","link":"https:\/\/defabrica.com.mx\/defabrica\/producto\/steelseries-apex-pro-mini-60-inalambrico-mecanico-omnipoint-interruptor-de-activacion-ajustable-teclado-para-juegos-con-retroiluminacion-rgb-negro\/","title":{"rendered":"SteelSeries &#8211; Apex Pro Mini 60 % Inal\u00e1mbrico Mec\u00e1nico OmniPoint Interruptor de activaci\u00f3n ajustable Teclado para juegos con retroiluminaci\u00f3n RGB &#8211; Negro"},"content":{"rendered":"<div class=\"embedded-component-container lv product-description\">\n<div>\n<div id=\"shop-product-description-53068705\" class=\"_none\" data-version=\"1.3.46\">\n<div class=\"shop-product-description\">\n<section class=\"align-heading-left\" data-reactroot=\"\">\n<div class=\"long-description-container body-copy \">\n<div class=\"html-fragment\">El Apex Pro Mini Wireless es uno de los teclados m\u00e1s r\u00e1pidos con interruptores OmniPoint 2.0 para una respuesta 11 veces m\u00e1s r\u00e1pida y una actuaci\u00f3n 10 veces m\u00e1s r\u00e1pida.\u00a0Ajuste las pulsaciones de teclas a la profundidad de registro que desee, desde 0,2 mm a 3,8 mm, o combine dos funciones en una tecla mientras toca con un teclado delgado del 60 %.<\/div>\n<\/div>\n<\/section>\n<\/div>\n<\/div>\n<\/div>\n<\/div>\n<div class=\"embedded-component-container lv product-features\">\n<h3><\/h3>\n<h3 class=\"heading-5 v-fw-regular feature-heading\"><strong>Caracter\u00edsticas<\/strong><\/h3>\n<ul>\n<li><strong>Interruptores ajustables OmniPoint 2.0<\/strong><br \/>\nLos interruptores r\u00e1pidos y ajustables pasan sin esfuerzo de pulsaciones ligeras y r\u00e1pidas a pulsaciones profundas y deliberadas.<\/li>\n<li><strong>Velocidad r\u00e9cord<\/strong><br \/>\nDeje a sus oponentes en el polvo con pulsaciones de teclas incre\u00edblemente r\u00e1pidas que responden 11 veces m\u00e1s r\u00e1pido y con una actuaci\u00f3n 10 veces m\u00e1s r\u00e1pida, habilitada por sensores magn\u00e9ticos avanzados en los nuevos interruptores OmniPoint 2.0.<\/li>\n<li><strong>M\u00e1xima capacidad de ajuste<\/strong><br \/>\nAjuste la profundidad de registro de sus pulsaciones de teclas, desde un toque ligero como una pluma a 0,2 mm hasta una pulsaci\u00f3n firme a 3,8 mm. Ajuste la actuaci\u00f3n de cada tecla al 0,1 mm m\u00e1s cercano con SteelSeries Engine.<\/li>\n<li><strong>Teclas de acci\u00f3n 2 en 1<\/strong><br \/>\nPrograma dos acciones en una sola tecla. Camine hacia adelante con un ligero toque de tecla o corra presionando la misma tecla m\u00e1s profundamente. Cree el suyo propio con SteelSeries Engine.<\/li>\n<li><strong>60% Dise\u00f1o compacto<\/strong><br \/>\nAhorre espacio en su escritorio para deslizar el dedo y conserve todas las capacidades de los teclados de tama\u00f1o completo con funciones secundarias impresas al costado.<\/li>\n<li><strong>Teclas PBT de doble disparo<\/strong><br \/>\nExperimente una durabilidad resistente a la decoloraci\u00f3n y una sensaci\u00f3n de pulsaci\u00f3n mejorada con nuestras teclas PBT especialmente dise\u00f1adas.<\/li>\n<li><strong>Inal\u00e1mbrico cu\u00e1ntico 2.0<\/strong><br \/>\nJuega durante d\u00edas con una conexi\u00f3n de 2,4 GHz sin retrasos y de bajo consumo, mientras que Bluetooth 5.0, ampliamente compatible, te permite conectarte a muchos dispositivos.<\/li>\n<\/ul>\n<\/div>\n","protected":false},"excerpt":{"rendered":"<p>El Apex Pro Mini Wireless es uno de los teclados m\u00e1s r\u00e1pidos con interruptores OmniPoint 2.0 para una respuesta 11 veces m\u00e1s r\u00e1pida y una actuaci\u00f3n 10 veces m\u00e1s r\u00e1pida.\u00a0Ajuste<\/p>\n","protected":false},"featured_media":89335,"comment_status":"open","ping_status":"closed","template":"","meta":{"_acf_changed":false,"_joinchat":[]},"product_brand":[],"product_cat":[277,280,434],"product_tag":[],"class_list":{"0":"post-89334","1":"product","2":"type-product","3":"status-publish","4":"has-post-thumbnail","6":"product_cat-zona-gamer","7":"product_cat-pc-gaming","8":"product_cat-mouse-y-teclado-gamer","10":"first","11":"instock","12":"sale","13":"shipping-taxable","14":"purchasable","15":"product-type-simple"},"acf":[],"_links":{"self":[{"href":"https:\/\/defabrica.com.mx\/defabrica\/wp-json\/wp\/v2\/product\/89334","targetHints":{"allow":["GET"]}}],"collection":[{"href":"https:\/\/defabrica.com.mx\/defabrica\/wp-json\/wp\/v2\/product"}],"about":[{"href":"https:\/\/defabrica.com.mx\/defabrica\/wp-json\/wp\/v2\/types\/product"}],"replies":[{"embeddable":true,"href":"https:\/\/defabrica.com.mx\/defabrica\/wp-json\/wp\/v2\/comments?post=89334"}],"wp:featuredmedia":[{"embeddable":true,"href":"https:\/\/defabrica.com.mx\/defabrica\/wp-json\/wp\/v2\/media\/89335"}],"wp:attachment":[{"href":"https:\/\/defabrica.com.mx\/defabrica\/wp-json\/wp\/v2\/media?parent=89334"}],"wp:term":[{"taxonomy":"product_brand","embeddable":true,"href":"https:\/\/defabrica.com.mx\/defabrica\/wp-json\/wp\/v2\/product_brand?post=89334"},{"taxonomy":"product_cat","embeddable":true,"href":"https:\/\/defabrica.com.mx\/defabrica\/wp-json\/wp\/v2\/product_cat?post=89334"},{"taxonomy":"product_tag","embeddable":true,"href":"https:\/\/defabrica.com.mx\/defabrica\/wp-json\/wp\/v2\/product_tag?post=89334"}],"curies":[{"name":"wp","href":"https:\/\/api.w.org\/{rel}","templated":true}]}}