{"id":89322,"date":"2022-07-14T20:24:14","date_gmt":"2022-07-15T01:24:14","guid":{"rendered":"https:\/\/defabrica.com.mx\/defabrica\/?post_type=product&#038;p=89322"},"modified":"2023-01-18T13:41:15","modified_gmt":"2023-01-18T19:41:15","slug":"steelseries-teclado-para-juegos-con-interruptor-de-accionamiento-ajustable-omnipoint-mecanico-con-cable-de-tamano-completo-apex-pro-con-retroiluminacion-rgb-negro","status":"publish","type":"product","link":"https:\/\/defabrica.com.mx\/defabrica\/producto\/steelseries-teclado-para-juegos-con-interruptor-de-accionamiento-ajustable-omnipoint-mecanico-con-cable-de-tamano-completo-apex-pro-con-retroiluminacion-rgb-negro\/","title":{"rendered":"SteelSeries &#8211; Teclado para juegos con interruptor de accionamiento ajustable OmniPoint mec\u00e1nico con cable de tama\u00f1o completo Apex Pro con retroiluminaci\u00f3n RGB &#8211; Negro"},"content":{"rendered":"<p>Mejore su precisi\u00f3n con este teclado mec\u00e1nico para juegos SteelSeries Apex Pro.\u00a0Los interruptores OmniPoint avanzados hacen que las entradas se sientan r\u00e1pidas y fluidas, y el dise\u00f1o ajustable le permite cambiar la distancia de actuaci\u00f3n para adaptarse a su estilo de juego.\u00a0Este teclado mec\u00e1nico para juegos SteelSeries Apex Pro tiene un marco de aleaci\u00f3n de aluminio resistente que resiste el uso intensivo.<\/p>\n<h3><\/h3>\n<h3 class=\"heading-5 v-fw-regular feature-heading\"><strong>Caracter\u00edsticas<\/strong><\/h3>\n<ul>\n<li><strong>Puerto de transferencia USB<\/strong><br \/>\nCompatible con la mayor\u00eda de los ratones, adaptadores de auriculares inal\u00e1mbricos y tel\u00e9fonos m\u00f3viles.<\/li>\n<li><strong>Interruptores mec\u00e1nicos ajustables OmniPoint<\/strong><br \/>\nOfrezca tiempos de respuesta r\u00e1pidos para una acci\u00f3n r\u00e1pida en el juego.<\/li>\n<li><strong>reposamanos<\/strong><br \/>\nPara un uso c\u00f3modo.<\/li>\n<li><strong>Teclas retroiluminadas RGB<\/strong><br \/>\nLe permite ver su teclado incluso con poca luz.<\/li>\n<li><strong>Teclado num\u00e9rico integrado<\/strong><br \/>\nPermite la entrada de datos simple cuando no est\u00e1 jugando para uso multifunci\u00f3n.<\/li>\n<li><strong>interfaz USB<\/strong><br \/>\nPermite una simple conexi\u00f3n por cable a su computadora.<\/li>\n<li><strong>Compatible con PC y Mac<\/strong><br \/>\nPara usar con su computadora actual.<\/li>\n<\/ul>\n","protected":false},"excerpt":{"rendered":"<p>Mejore su precisi\u00f3n con este teclado mec\u00e1nico para juegos SteelSeries Apex Pro.\u00a0Los interruptores OmniPoint avanzados hacen que las entradas se sientan r\u00e1pidas y fluidas, y el dise\u00f1o ajustable le permite<\/p>\n","protected":false},"featured_media":89323,"comment_status":"open","ping_status":"closed","template":"","meta":{"_acf_changed":false,"_joinchat":[]},"product_brand":[],"product_cat":[277,280,434],"product_tag":[],"class_list":{"0":"post-89322","1":"product","2":"type-product","3":"status-publish","4":"has-post-thumbnail","6":"product_cat-zona-gamer","7":"product_cat-pc-gaming","8":"product_cat-mouse-y-teclado-gamer","10":"first","11":"instock","12":"sale","13":"shipping-taxable","14":"purchasable","15":"product-type-simple"},"acf":[],"_links":{"self":[{"href":"https:\/\/defabrica.com.mx\/defabrica\/wp-json\/wp\/v2\/product\/89322","targetHints":{"allow":["GET"]}}],"collection":[{"href":"https:\/\/defabrica.com.mx\/defabrica\/wp-json\/wp\/v2\/product"}],"about":[{"href":"https:\/\/defabrica.com.mx\/defabrica\/wp-json\/wp\/v2\/types\/product"}],"replies":[{"embeddable":true,"href":"https:\/\/defabrica.com.mx\/defabrica\/wp-json\/wp\/v2\/comments?post=89322"}],"wp:featuredmedia":[{"embeddable":true,"href":"https:\/\/defabrica.com.mx\/defabrica\/wp-json\/wp\/v2\/media\/89323"}],"wp:attachment":[{"href":"https:\/\/defabrica.com.mx\/defabrica\/wp-json\/wp\/v2\/media?parent=89322"}],"wp:term":[{"taxonomy":"product_brand","embeddable":true,"href":"https:\/\/defabrica.com.mx\/defabrica\/wp-json\/wp\/v2\/product_brand?post=89322"},{"taxonomy":"product_cat","embeddable":true,"href":"https:\/\/defabrica.com.mx\/defabrica\/wp-json\/wp\/v2\/product_cat?post=89322"},{"taxonomy":"product_tag","embeddable":true,"href":"https:\/\/defabrica.com.mx\/defabrica\/wp-json\/wp\/v2\/product_tag?post=89322"}],"curies":[{"name":"wp","href":"https:\/\/api.w.org\/{rel}","templated":true}]}}