{"id":89310,"date":"2022-07-14T20:16:59","date_gmt":"2022-07-15T01:16:59","guid":{"rendered":"https:\/\/defabrica.com.mx\/defabrica\/?post_type=product&#038;p=89310"},"modified":"2022-07-14T20:16:59","modified_gmt":"2022-07-15T01:16:59","slug":"steelseries-apex-7-tkl-con-cable-mecanico-marron-tactil-y-silencioso-teclado-para-juegos-con-interruptor-mecanico-con-retroiluminacion-rgb-negro","status":"publish","type":"product","link":"https:\/\/defabrica.com.mx\/defabrica\/producto\/steelseries-apex-7-tkl-con-cable-mecanico-marron-tactil-y-silencioso-teclado-para-juegos-con-interruptor-mecanico-con-retroiluminacion-rgb-negro\/","title":{"rendered":"SteelSeries &#8211; Apex 7 TKL con cable mec\u00e1nico marr\u00f3n t\u00e1ctil y silencioso teclado para juegos con interruptor mec\u00e1nico con retroiluminaci\u00f3n RGB &#8211; negro"},"content":{"rendered":"<div class=\"embedded-component-container lv product-description\">\n<div>\n<div id=\"shop-product-description-31046032\" class=\"_none\" data-version=\"1.3.46\">\n<div class=\"shop-product-description\">\n<section class=\"align-heading-left\" data-reactroot=\"\">\n<div class=\"long-description-container body-copy \">\n<div class=\"html-fragment\"><span>El teclado Apex 7 TKL tiene interruptores mec\u00e1nicos que garantizan 50 millones de pulsaciones de teclas con interruptores marrones silenciosos para una sensaci\u00f3n t\u00e1ctil suave.\u00a0Una pantalla inteligente OLED integrada con almacenamiento integrado y un marco de aleaci\u00f3n de aluminio irrompible lo convierten en un teclado mec\u00e1nico para juegos destacado.<\/span><\/div>\n<\/div>\n<\/section>\n<\/div>\n<\/div>\n<\/div>\n<\/div>\n<div class=\"embedded-component-container lv product-features\">\n<h3><\/h3>\n<h3 class=\"heading-5 v-fw-regular feature-heading\"><strong>Caracter\u00edsticas<\/strong><\/h3>\n<ul>\n<li><strong>Interruptores de juego mec\u00e1nicos marrones<\/strong><br \/>\nInterruptores de juego mec\u00e1nicos duraderos garantizados para 50 millones de pulsaciones de teclas.<\/li>\n<li><strong>Pantalla inteligente OLED<\/strong><br \/>\nLa pantalla inteligente OLED muestra perfiles, informaci\u00f3n del juego, mensajes de discordia y m\u00e1s.<\/li>\n<li><strong>Cinco perfiles a bordo<\/strong><br \/>\nPersonalizaci\u00f3n sin software para guardar hasta 5 perfiles \u00fanicos localmente en el teclado, de un juego a otro y sobre la marcha.<\/li>\n<li><strong>Iluminaci\u00f3n RGB din\u00e1mica por tecla<\/strong><br \/>\nPersonalizaci\u00f3n inigualable con 16,8 millones de colores de iluminaci\u00f3n por tecla.<\/li>\n<li><strong>Reposamu\u00f1ecas magn\u00e9tico premium<\/strong><br \/>\nEl reposamu\u00f1ecas magn\u00e9tico de primera calidad brinda soporte completo para la palma de la mano y una sensaci\u00f3n c\u00f3moda.<\/li>\n<li><strong>Aleaci\u00f3n de aluminio de grado aeron\u00e1utico<\/strong><br \/>\nAleaci\u00f3n de aluminio de grado aeron\u00e1utico construida para una vida \u00fatil de durabilidad irrompible.<\/li>\n<\/ul>\n<\/div>\n","protected":false},"excerpt":{"rendered":"<p>El teclado Apex 7 TKL tiene interruptores mec\u00e1nicos que garantizan 50 millones de pulsaciones de teclas con interruptores marrones silenciosos para una sensaci\u00f3n t\u00e1ctil suave.\u00a0Una pantalla inteligente OLED integrada con<\/p>\n","protected":false},"featured_media":89311,"comment_status":"open","ping_status":"closed","template":"","meta":{"_acf_changed":false,"_joinchat":[]},"product_brand":[],"product_cat":[277,280,434],"product_tag":[],"class_list":{"0":"post-89310","1":"product","2":"type-product","3":"status-publish","4":"has-post-thumbnail","6":"product_cat-zona-gamer","7":"product_cat-pc-gaming","8":"product_cat-mouse-y-teclado-gamer","10":"first","11":"instock","12":"sale","13":"shipping-taxable","14":"purchasable","15":"product-type-simple"},"acf":[],"_links":{"self":[{"href":"https:\/\/defabrica.com.mx\/defabrica\/wp-json\/wp\/v2\/product\/89310","targetHints":{"allow":["GET"]}}],"collection":[{"href":"https:\/\/defabrica.com.mx\/defabrica\/wp-json\/wp\/v2\/product"}],"about":[{"href":"https:\/\/defabrica.com.mx\/defabrica\/wp-json\/wp\/v2\/types\/product"}],"replies":[{"embeddable":true,"href":"https:\/\/defabrica.com.mx\/defabrica\/wp-json\/wp\/v2\/comments?post=89310"}],"wp:featuredmedia":[{"embeddable":true,"href":"https:\/\/defabrica.com.mx\/defabrica\/wp-json\/wp\/v2\/media\/89311"}],"wp:attachment":[{"href":"https:\/\/defabrica.com.mx\/defabrica\/wp-json\/wp\/v2\/media?parent=89310"}],"wp:term":[{"taxonomy":"product_brand","embeddable":true,"href":"https:\/\/defabrica.com.mx\/defabrica\/wp-json\/wp\/v2\/product_brand?post=89310"},{"taxonomy":"product_cat","embeddable":true,"href":"https:\/\/defabrica.com.mx\/defabrica\/wp-json\/wp\/v2\/product_cat?post=89310"},{"taxonomy":"product_tag","embeddable":true,"href":"https:\/\/defabrica.com.mx\/defabrica\/wp-json\/wp\/v2\/product_tag?post=89310"}],"curies":[{"name":"wp","href":"https:\/\/api.w.org\/{rel}","templated":true}]}}