{"id":89292,"date":"2022-07-14T20:05:12","date_gmt":"2022-07-15T01:05:12","guid":{"rendered":"https:\/\/defabrica.com.mx\/defabrica\/?post_type=product&#038;p=89292"},"modified":"2023-01-18T13:37:28","modified_gmt":"2023-01-18T19:37:28","slug":"razer-basilisk-v2-raton-optico-para-juegos-con-cable-negro","status":"publish","type":"product","link":"https:\/\/defabrica.com.mx\/defabrica\/producto\/razer-basilisk-v2-raton-optico-para-juegos-con-cable-negro\/","title":{"rendered":"Razer &#8211; Basilisk V2 Rat\u00f3n \u00f3ptico para juegos con cable &#8211; Negro"},"content":{"rendered":"<p>Disfrute de altos niveles de precisi\u00f3n con este mouse para juegos con cable negro Razer Basilisk V2.\u00a0Un sensor \u00f3ptico de 20 000 DPI ofrece un control mejorado, mientras que los 11 botones programables le permiten asignar macros y acciones personalizadas.\u00a0Este mouse para juegos con cable Razer Basilisk V2 almacena hasta cinco perfiles simult\u00e1neamente, y los interruptores duraderos soportan hasta 70 millones de clics.<\/p>\n<h3><\/h3>\n<h3 class=\"heading-5 v-fw-regular feature-heading\"><strong>Caracter\u00edsticas<\/strong><\/h3>\n<ul>\n<li><strong>Resistencia de la rueda de desplazamiento personalizable<\/strong><br \/>\nPuede ajustar la resistencia de la rueda de desplazamiento seg\u00fan sus preferencias a trav\u00e9s de un dial debajo del mouse. Con una sensibilidad t\u00e1ctil personalizada, disfrutar\u00e1 de un nivel de control que le permitir\u00e1 jugar al m\u00e1ximo.<\/li>\n<li><strong>Interruptor de rat\u00f3n \u00f3ptico Razer<\/strong><br \/>\nCuenta con una durabilidad de hasta 70 millones de clics, y cada clic que hace se activa a la velocidad de la luz sin demora de rebote, por lo que siempre ser\u00e1 el primero en apretar el gatillo.<\/li>\n<li><strong>Cinco perfiles de memoria integrados<\/strong><br \/>\nGuarde y almacene hasta cinco configuraciones de perfil en el propio mouse y acceda a estos botones y macros personalizados sin necesidad de una conexi\u00f3n a Internet o Razer Synapse 3.<\/li>\n<li><strong>Sensor \u00f3ptico Razer Focus+ 20K<\/strong><br \/>\nRastrea incluso el movimiento m\u00e1s fino de su mouse para brindarle un alto nivel de precisi\u00f3n para disparos a la cabeza ganadores del juego y maniobras altamente esquivas.<\/li>\n<li><strong>El basilisco m\u00e1s ligero<\/strong><br \/>\nCon un peso de solo 92 gramos, el Basilisk V2 es uno de los ratones para juegos con cable m\u00e1s livianos. Ejecute tiros ganadores del juego con este mouse especialmente dise\u00f1ado para comandos r\u00e1pidos y precisos.<\/li>\n<li><strong>Dise\u00f1o ergonomico<\/strong><br \/>\nCreado a trav\u00e9s de numerosos prototipos y pruebas, esta forma c\u00f3moda y liviana le permite jugar de la mejor manera y por m\u00e1s tiempo.<\/li>\n<li><strong>Compatible con la mayor\u00eda de las computadoras Windows y Mac<\/strong><br \/>\nFunciona en una amplia gama de computadoras.<\/li>\n<li><strong>Cable Razer Speedflex<\/strong><br \/>\nCuenta con una flexibilidad perfecta y un arrastre m\u00ednimo para deslizar sin obst\u00e1culos, lo que permite un control suave durante sus partidos.<\/li>\n<li><strong>11 botones programables<\/strong><br \/>\nAsigne macros y funciones secundarias a cada bot\u00f3n, incluida la famosa paleta multifunci\u00f3n, para ejecutar m\u00faltiples movimientos r\u00e1pidamente.<\/li>\n<\/ul>\n","protected":false},"excerpt":{"rendered":"<p>Disfrute de altos niveles de precisi\u00f3n con este mouse para juegos con cable negro Razer Basilisk V2.\u00a0Un sensor \u00f3ptico de 20 000 DPI ofrece un control mejorado, mientras que los<\/p>\n","protected":false},"featured_media":89293,"comment_status":"open","ping_status":"closed","template":"","meta":{"_acf_changed":false,"_joinchat":[]},"product_brand":[],"product_cat":[277,280,434],"product_tag":[],"class_list":{"0":"post-89292","1":"product","2":"type-product","3":"status-publish","4":"has-post-thumbnail","6":"product_cat-zona-gamer","7":"product_cat-pc-gaming","8":"product_cat-mouse-y-teclado-gamer","10":"first","11":"instock","12":"sale","13":"shipping-taxable","14":"purchasable","15":"product-type-simple"},"acf":[],"_links":{"self":[{"href":"https:\/\/defabrica.com.mx\/defabrica\/wp-json\/wp\/v2\/product\/89292","targetHints":{"allow":["GET"]}}],"collection":[{"href":"https:\/\/defabrica.com.mx\/defabrica\/wp-json\/wp\/v2\/product"}],"about":[{"href":"https:\/\/defabrica.com.mx\/defabrica\/wp-json\/wp\/v2\/types\/product"}],"replies":[{"embeddable":true,"href":"https:\/\/defabrica.com.mx\/defabrica\/wp-json\/wp\/v2\/comments?post=89292"}],"wp:featuredmedia":[{"embeddable":true,"href":"https:\/\/defabrica.com.mx\/defabrica\/wp-json\/wp\/v2\/media\/89293"}],"wp:attachment":[{"href":"https:\/\/defabrica.com.mx\/defabrica\/wp-json\/wp\/v2\/media?parent=89292"}],"wp:term":[{"taxonomy":"product_brand","embeddable":true,"href":"https:\/\/defabrica.com.mx\/defabrica\/wp-json\/wp\/v2\/product_brand?post=89292"},{"taxonomy":"product_cat","embeddable":true,"href":"https:\/\/defabrica.com.mx\/defabrica\/wp-json\/wp\/v2\/product_cat?post=89292"},{"taxonomy":"product_tag","embeddable":true,"href":"https:\/\/defabrica.com.mx\/defabrica\/wp-json\/wp\/v2\/product_tag?post=89292"}],"curies":[{"name":"wp","href":"https:\/\/api.w.org\/{rel}","templated":true}]}}