{"id":89273,"date":"2022-07-14T19:54:49","date_gmt":"2022-07-15T00:54:49","guid":{"rendered":"https:\/\/defabrica.com.mx\/defabrica\/?post_type=product&#038;p=89273"},"modified":"2023-01-18T13:36:18","modified_gmt":"2023-01-18T19:36:18","slug":"razer-blackwidow-v3-teclado-para-juegos-con-interruptor-tactil-verde-mecanico-con-cable-de-tamano-completo-con-retroiluminacion-chroma-rgb-negro","status":"publish","type":"product","link":"https:\/\/defabrica.com.mx\/defabrica\/producto\/razer-blackwidow-v3-teclado-para-juegos-con-interruptor-tactil-verde-mecanico-con-cable-de-tamano-completo-con-retroiluminacion-chroma-rgb-negro\/","title":{"rendered":"Razer &#8211; Blackwidow V3 Teclado para juegos con interruptor t\u00e1ctil verde mec\u00e1nico con cable de tama\u00f1o completo con retroiluminaci\u00f3n Chroma RGB &#8211; Negro"},"content":{"rendered":"<div class=\"embedded-component-container lv product-description\">\n<div>\n<div id=\"shop-product-description-50119613\" class=\"_none\" data-version=\"1.3.46\">\n<div class=\"shop-product-description\">\n<section class=\"align-heading-left\" data-reactroot=\"\">\n<div class=\"long-description-container body-copy \">\n<div class=\"html-fragment\">SIENTE LA DIFERENCIA.\u00a0El nombre que lo inici\u00f3 todo vuelve para reafirmar su dominio.\u00a0Siente la diferencia con el Razer BlackWidow V3, respaldado por un legado como el primer y m\u00e1s ic\u00f3nico teclado mec\u00e1nico para juegos, y equipado con funciones nuevas y mejoradas, incluidos nuestros interruptores de renombre mundial.<\/div>\n<\/div>\n<\/section>\n<\/div>\n<\/div>\n<\/div>\n<\/div>\n<div class=\"embedded-component-container lv product-features\">\n<h3><\/h3>\n<h3 class=\"heading-5 v-fw-regular feature-heading\"><strong>Caracter\u00edsticas<\/strong><\/h3>\n<ul>\n<li><strong>Interruptores mec\u00e1nicos Razer Green para una ejecuci\u00f3n precisa con una sensaci\u00f3n t\u00e1ctil<\/strong><br \/>\nEscuche y sienta los comentarios satisfactorios en cada pulsaci\u00f3n de tecla que haga, con un dise\u00f1o t\u00e1ctil que ofrece una actuaci\u00f3n optimizada y puntos de reinicio para una mejor precisi\u00f3n y rendimiento cuando juega.<\/li>\n<li><strong>Carcasa de interruptor transparente para una iluminaci\u00f3n Razer Chroma RGB m\u00e1s brillante<\/strong><br \/>\nSu dise\u00f1o completamente claro muestra el verdadero brillo de lo que Razer Chroma RGB puede hacer, desde personalizaciones de iluminaci\u00f3n profunda hasta una mayor inmersi\u00f3n, ya que reacciona din\u00e1micamente con m\u00e1s de 150 juegos integrados.<\/li>\n<li><strong>107 teclas ABS de doble disparo<\/strong><br \/>\nUsando un proceso de moldeado de doble disparo para garantizar que la etiqueta nunca se desvanezca, las teclas tambi\u00e9n tienen paredes extra gruesas que las hacen extremadamente resistentes para soportar el spam constante.<\/li>\n<li><strong>Rodillo digital multifunci\u00f3n y tecla de medios<\/strong><br \/>\nConfig\u00farelos para pausar, reproducir, omitir y ajustar todo, desde el brillo hasta el volumen, la m\u00e1xima comodidad mientras disfruta de su entretenimiento.<\/li>\n<li><strong>Reposamu\u00f1ecas ergon\u00f3mico<\/strong><br \/>\nEl resistente soporte para la mu\u00f1eca se alinea perfectamente con el teclado para aliviar la presi\u00f3n en las mu\u00f1ecas, para que se sienta menos fatigado cuando juega durante per\u00edodos prolongados.<\/li>\n<li><strong>Opciones de enrutamiento de cables<\/strong><br \/>\nEl teclado est\u00e1 dise\u00f1ado con ranuras que le permiten meter el cable con cuidado y sacarlo en cualquier direcci\u00f3n, para que pueda mantener su escritorio libre de desorden y desorden.<\/li>\n<li><strong>Vida \u00fatil de 80 millones de pulsaciones de teclas<\/strong><br \/>\nDisfrute de un nivel de confiabilidad adecuado para juegos competitivos, con un dise\u00f1o equipado para manejar un uso intenso y regular.<\/li>\n<li><strong>Razer Chroma RGB<\/strong><br \/>\nRetroiluminaci\u00f3n personalizable con 16,8 millones de opciones de color<\/li>\n<li><strong>Memoria integrada h\u00edbrida y almacenamiento en la nube<\/strong><br \/>\nCon hasta 5 perfiles<\/li>\n<\/ul>\n<\/div>\n","protected":false},"excerpt":{"rendered":"<p>SIENTE LA DIFERENCIA.\u00a0El nombre que lo inici\u00f3 todo vuelve para reafirmar su dominio.\u00a0Siente la diferencia con el Razer BlackWidow V3, respaldado por un legado como el primer y m\u00e1s ic\u00f3nico<\/p>\n","protected":false},"featured_media":89276,"comment_status":"open","ping_status":"closed","template":"","meta":{"_acf_changed":false,"_joinchat":[]},"product_brand":[],"product_cat":[277,280,434],"product_tag":[],"class_list":{"0":"post-89273","1":"product","2":"type-product","3":"status-publish","4":"has-post-thumbnail","6":"product_cat-zona-gamer","7":"product_cat-pc-gaming","8":"product_cat-mouse-y-teclado-gamer","10":"first","11":"instock","12":"sale","13":"shipping-taxable","14":"purchasable","15":"product-type-simple"},"acf":[],"_links":{"self":[{"href":"https:\/\/defabrica.com.mx\/defabrica\/wp-json\/wp\/v2\/product\/89273","targetHints":{"allow":["GET"]}}],"collection":[{"href":"https:\/\/defabrica.com.mx\/defabrica\/wp-json\/wp\/v2\/product"}],"about":[{"href":"https:\/\/defabrica.com.mx\/defabrica\/wp-json\/wp\/v2\/types\/product"}],"replies":[{"embeddable":true,"href":"https:\/\/defabrica.com.mx\/defabrica\/wp-json\/wp\/v2\/comments?post=89273"}],"wp:featuredmedia":[{"embeddable":true,"href":"https:\/\/defabrica.com.mx\/defabrica\/wp-json\/wp\/v2\/media\/89276"}],"wp:attachment":[{"href":"https:\/\/defabrica.com.mx\/defabrica\/wp-json\/wp\/v2\/media?parent=89273"}],"wp:term":[{"taxonomy":"product_brand","embeddable":true,"href":"https:\/\/defabrica.com.mx\/defabrica\/wp-json\/wp\/v2\/product_brand?post=89273"},{"taxonomy":"product_cat","embeddable":true,"href":"https:\/\/defabrica.com.mx\/defabrica\/wp-json\/wp\/v2\/product_cat?post=89273"},{"taxonomy":"product_tag","embeddable":true,"href":"https:\/\/defabrica.com.mx\/defabrica\/wp-json\/wp\/v2\/product_tag?post=89273"}],"curies":[{"name":"wp","href":"https:\/\/api.w.org\/{rel}","templated":true}]}}