{"id":89247,"date":"2022-07-14T19:05:25","date_gmt":"2022-07-15T00:05:25","guid":{"rendered":"https:\/\/defabrica.com.mx\/defabrica\/?post_type=product&#038;p=89247"},"modified":"2023-01-18T13:34:24","modified_gmt":"2023-01-18T19:34:24","slug":"razer-huntsman-elite-teclado-para-juegos-con-interruptor-clicky-opto-mecanico-de-tamano-completo-con-retroiluminacion-rgb-chroma-negro","status":"publish","type":"product","link":"https:\/\/defabrica.com.mx\/defabrica\/producto\/razer-huntsman-elite-teclado-para-juegos-con-interruptor-clicky-opto-mecanico-de-tamano-completo-con-retroiluminacion-rgb-chroma-negro\/","title":{"rendered":"Razer &#8211; Huntsman Elite Teclado para juegos con interruptor Clicky opto-mec\u00e1nico de tama\u00f1o completo con retroiluminaci\u00f3n RGB Chroma &#8211; Negro"},"content":{"rendered":"<p>Domina tus juegos de PC favoritos con este teclado opto-mec\u00e1nico Razer Huntsman Elite.\u00a0Los controles multimedia te permiten ajustar o silenciar el volumen mientras juegas, y los interruptores mec\u00e1nicos Razer Purple brindan una operaci\u00f3n r\u00e1pida y receptiva a medida que ingresas los comandos en el juego.\u00a0La interfaz USB permite una conexi\u00f3n sin esfuerzo a su PC para juegos.\u00a0Con un teclado num\u00e9rico integrado, este teclado opto-mec\u00e1nico Razer Huntsman Elite brinda una funcionalidad conveniente para escribir e ingresar datos todos los d\u00edas.<\/p>\n<h3><\/h3>\n<h3 class=\"heading-5 v-fw-regular feature-heading\"><strong>Caracter\u00edsticas<\/strong><\/h3>\n<ul>\n<li><strong>El nuevo interruptor \u00f3ptico de Razer<\/strong><br \/>\nUtilice tecnolog\u00eda \u00f3ptica para la actuaci\u00f3n, combinada con un nuevo dise\u00f1o de interruptor para la actuaci\u00f3n a la velocidad de la luz. Y con la actuaci\u00f3n \u00f3ptica que brinda menos contacto f\u00edsico, obtiene una durabilidad de hasta 100 millones de pulsaciones de teclas.<\/li>\n<li><strong>Interruptor \u00f3ptico Razer Clicky<\/strong><br \/>\nEl \u00fanico interruptor clicky que act\u00faa a una distancia de actuaci\u00f3n de 1,5 mm (30 % m\u00e1s corto que otros interruptores mec\u00e1nicos clicky). Con solo 45 g de fuerza de accionamiento.<\/li>\n<li><strong>Actuaci\u00f3n \u00d3ptica<\/strong><br \/>\nCon la activaci\u00f3n \u00f3ptica que permite el restablecimiento y la activaci\u00f3n exactamente en el mismo punto, acumula m\u00e1s pulsaciones de teclas a una velocidad incre\u00edble, especialmente \u00fatil para los jugadores que necesitan tocar las teclas repetidamente.<\/li>\n<li><strong>Barra estabilizadora clave<\/strong><br \/>\nUna barra estabilizadora de teclas en la parte superior del interruptor asegura que el movimiento de la tecla se mantenga nivelado y consistente sin importar qu\u00e9 esquina de la tecla presiones.<\/li>\n<li><strong>Dial digital multifunci\u00f3n con controles de medios dedicados<\/strong><br \/>\nFuncionalidad completa con controles de teclado para todo, desde brillo hasta volumen a trav\u00e9s de un dial digital multifunci\u00f3n programable con tres teclas multimedia t\u00e1ctiles. Todo programable y personalizable a trav\u00e9s de Synapse 3.<\/li>\n<li><strong>Reposamu\u00f1ecas ergon\u00f3mico para m\u00e1xima comodidad<\/strong><br \/>\nEl teclado viene con un reposamu\u00f1ecas ergon\u00f3mico magn\u00e9tico que se ajusta a la parte delantera del teclado y est\u00e1 hecho de cuero sint\u00e9tico afelpado para una comodidad extrema. Tambi\u00e9n cuenta con iluminaci\u00f3n inferior habilitada para Razer Chroma para complementar completamente su teclado.<\/li>\n<li><strong>Memoria integrada h\u00edbrida y almacenamiento en la nube<\/strong><br \/>\nVuelva a vincular botones, asigne macros y guarde autom\u00e1ticamente todas las configuraciones de su perfil con almacenamiento en la nube. Y si no tiene acceso a Internet, simplemente guarde hasta 5 perfiles a trav\u00e9s del almacenamiento integrado h\u00edbrido.<\/li>\n<li><strong>Anti-ghosting con rollover de 10 teclas<\/strong><br \/>\nAyuda a que sus comandos y pulsaciones de teclas simult\u00e1neas se registren de la manera que pretend\u00eda.<\/li>\n<li><strong>Desarrollado por Razer Chroma RGB<\/strong><br \/>\nCon 16,8 millones de colores y un conjunto de efectos, sincroniza sus teclas y su brillo con el resto de tu estaci\u00f3n de batalla y disfruta de una mayor inmersi\u00f3n mientras reacciona din\u00e1micamente con m\u00e1s de 150 juegos integrados.<\/li>\n<\/ul>\n","protected":false},"excerpt":{"rendered":"<p>Domina tus juegos de PC favoritos con este teclado opto-mec\u00e1nico Razer Huntsman Elite.\u00a0Los controles multimedia te permiten ajustar o silenciar el volumen mientras juegas, y los interruptores mec\u00e1nicos Razer Purple<\/p>\n","protected":false},"featured_media":89248,"comment_status":"open","ping_status":"closed","template":"","meta":{"_acf_changed":false,"_joinchat":[]},"product_brand":[],"product_cat":[277,280,434],"product_tag":[],"class_list":{"0":"post-89247","1":"product","2":"type-product","3":"status-publish","4":"has-post-thumbnail","6":"product_cat-zona-gamer","7":"product_cat-pc-gaming","8":"product_cat-mouse-y-teclado-gamer","10":"first","11":"instock","12":"sale","13":"shipping-taxable","14":"purchasable","15":"product-type-simple"},"acf":[],"_links":{"self":[{"href":"https:\/\/defabrica.com.mx\/defabrica\/wp-json\/wp\/v2\/product\/89247","targetHints":{"allow":["GET"]}}],"collection":[{"href":"https:\/\/defabrica.com.mx\/defabrica\/wp-json\/wp\/v2\/product"}],"about":[{"href":"https:\/\/defabrica.com.mx\/defabrica\/wp-json\/wp\/v2\/types\/product"}],"replies":[{"embeddable":true,"href":"https:\/\/defabrica.com.mx\/defabrica\/wp-json\/wp\/v2\/comments?post=89247"}],"wp:featuredmedia":[{"embeddable":true,"href":"https:\/\/defabrica.com.mx\/defabrica\/wp-json\/wp\/v2\/media\/89248"}],"wp:attachment":[{"href":"https:\/\/defabrica.com.mx\/defabrica\/wp-json\/wp\/v2\/media?parent=89247"}],"wp:term":[{"taxonomy":"product_brand","embeddable":true,"href":"https:\/\/defabrica.com.mx\/defabrica\/wp-json\/wp\/v2\/product_brand?post=89247"},{"taxonomy":"product_cat","embeddable":true,"href":"https:\/\/defabrica.com.mx\/defabrica\/wp-json\/wp\/v2\/product_cat?post=89247"},{"taxonomy":"product_tag","embeddable":true,"href":"https:\/\/defabrica.com.mx\/defabrica\/wp-json\/wp\/v2\/product_tag?post=89247"}],"curies":[{"name":"wp","href":"https:\/\/api.w.org\/{rel}","templated":true}]}}