{"id":89241,"date":"2022-07-14T19:02:25","date_gmt":"2022-07-15T00:02:25","guid":{"rendered":"https:\/\/defabrica.com.mx\/defabrica\/?post_type=product&#038;p=89241"},"modified":"2023-01-18T13:34:04","modified_gmt":"2023-01-18T19:34:04","slug":"razer-huntsman-v2-teclado-analogico-opto-mecanico-con-cable-de-tamano-completo-para-juegos-con-retroiluminacion-chroma-rgb-negro","status":"publish","type":"product","link":"https:\/\/defabrica.com.mx\/defabrica\/producto\/razer-huntsman-v2-teclado-analogico-opto-mecanico-con-cable-de-tamano-completo-para-juegos-con-retroiluminacion-chroma-rgb-negro\/","title":{"rendered":"Razer &#8211; Huntsman V2 Teclado anal\u00f3gico opto-mec\u00e1nico con cable de tama\u00f1o completo para juegos con retroiluminaci\u00f3n Chroma RGB &#8211; Negro"},"content":{"rendered":"<div class=\"embedded-component-container lv product-description\">\n<div>\n<div id=\"shop-product-description-92267914\" class=\"_none\" data-version=\"1.3.46\">\n<div class=\"shop-product-description\">\n<section class=\"align-heading-left\" data-reactroot=\"\">\n<div class=\"long-description-container body-copy \">\n<div class=\"html-fragment\">CALIBRAR.\u00a0CONTROL.\u00a0CONQUISTAR.\u00a0La actuaci\u00f3n a la velocidad de la luz ahora viene con el mejor grado de control.\u00a0Conozca el Razer Huntsman V2 Analog, nuestro primer teclado para juegos con interruptores \u00f3pticos anal\u00f3gicos Razer\u2122.\u00a0Con teclas que le brindan tanta precisi\u00f3n granular como las palancas anal\u00f3gicas, no tendr\u00e1 problemas para moverse a una posici\u00f3n ganadora.<\/div>\n<\/div>\n<\/section>\n<\/div>\n<\/div>\n<\/div>\n<\/div>\n<div class=\"embedded-component-container lv product-features\">\n<h3><\/h3>\n<h3 class=\"heading-5 v-fw-regular feature-heading\"><strong>Caracter\u00edsticas<\/strong><\/h3>\n<ul>\n<li><strong>Interruptores \u00f3pticos anal\u00f3gicos Razer para pulsaciones de teclas con puntos de actuaci\u00f3n variables<\/strong><br \/>\nEstablezca un punto de actuaci\u00f3n deseado para adaptarse a su estilo de juego, o use la entrada anal\u00f3gica para un control m\u00e1s suave y matizado, eliminando el movimiento WASD r\u00edgido de 8 v\u00edas para un movimiento real de 360 \u200b\u200bgrados.<\/li>\n<li><strong>Teclas PBT Doubleshot para un acabado resistente y texturizado<\/strong><br \/>\nM\u00e1s duras y duraderas que el ABS, estas resistentes teclas no se desgastar\u00e1n hasta dejar un acabado brillante y tienen etiquetas que nunca se desvanecer\u00e1n gracias a su proceso de moldeado de doble inyecci\u00f3n.<\/li>\n<li><strong>Reposamu\u00f1ecas de cuero sint\u00e9tico de felpa magn\u00e9tica para mayor comodidad de juego<\/strong><br \/>\nCon Razer Chroma RGB underglow, el soporte de mu\u00f1eca suave y acolchado se ajusta magn\u00e9ticamente al teclado para aliviar la presi\u00f3n en las mu\u00f1ecas, para que se sienta menos fatigado cuando juega durante per\u00edodos prolongados.<\/li>\n<li><strong>Esfera digital multifunci\u00f3n y 4 teclas multimedia para un control c\u00f3modo<\/strong><br \/>\nConfig\u00farelos para pausar, reproducir, omitir y ajustar todo, desde el brillo hasta el volumen, la m\u00e1xima comodidad mientras disfruta de su entretenimiento.<\/li>\n<li><strong>Transferencia USB 3.0 para f\u00e1cil acceso<\/strong><br \/>\nEn lugar de acercarte a tu equipo para conectar un dispositivo, puedes conectarlo c\u00f3modamente a tu PC a trav\u00e9s de un puerto USB en el Razer Huntsman V2 Analog.<\/li>\n<li><strong>Desarrollado por Razer Chroma RGB con iluminaci\u00f3n por tecla y brillo inferior<\/strong><br \/>\nCon 16,8 millones de colores y un conjunto de efectos, sincroniza sus teclas y su brillo con el resto de tu estaci\u00f3n de batalla y disfruta de una mayor inmersi\u00f3n mientras reacciona din\u00e1micamente con m\u00e1s de 150 juegos integrados.<\/li>\n<\/ul>\n<\/div>\n","protected":false},"excerpt":{"rendered":"<p>CALIBRAR.\u00a0CONTROL.\u00a0CONQUISTAR.\u00a0La actuaci\u00f3n a la velocidad de la luz ahora viene con el mejor grado de control.\u00a0Conozca el Razer Huntsman V2 Analog, nuestro primer teclado para juegos con interruptores \u00f3pticos anal\u00f3gicos<\/p>\n","protected":false},"featured_media":89242,"comment_status":"open","ping_status":"closed","template":"","meta":{"_acf_changed":false,"_joinchat":[]},"product_brand":[],"product_cat":[277,280,434],"product_tag":[],"class_list":{"0":"post-89241","1":"product","2":"type-product","3":"status-publish","4":"has-post-thumbnail","6":"product_cat-zona-gamer","7":"product_cat-pc-gaming","8":"product_cat-mouse-y-teclado-gamer","10":"first","11":"instock","12":"sale","13":"shipping-taxable","14":"purchasable","15":"product-type-simple"},"acf":[],"_links":{"self":[{"href":"https:\/\/defabrica.com.mx\/defabrica\/wp-json\/wp\/v2\/product\/89241","targetHints":{"allow":["GET"]}}],"collection":[{"href":"https:\/\/defabrica.com.mx\/defabrica\/wp-json\/wp\/v2\/product"}],"about":[{"href":"https:\/\/defabrica.com.mx\/defabrica\/wp-json\/wp\/v2\/types\/product"}],"replies":[{"embeddable":true,"href":"https:\/\/defabrica.com.mx\/defabrica\/wp-json\/wp\/v2\/comments?post=89241"}],"wp:featuredmedia":[{"embeddable":true,"href":"https:\/\/defabrica.com.mx\/defabrica\/wp-json\/wp\/v2\/media\/89242"}],"wp:attachment":[{"href":"https:\/\/defabrica.com.mx\/defabrica\/wp-json\/wp\/v2\/media?parent=89241"}],"wp:term":[{"taxonomy":"product_brand","embeddable":true,"href":"https:\/\/defabrica.com.mx\/defabrica\/wp-json\/wp\/v2\/product_brand?post=89241"},{"taxonomy":"product_cat","embeddable":true,"href":"https:\/\/defabrica.com.mx\/defabrica\/wp-json\/wp\/v2\/product_cat?post=89241"},{"taxonomy":"product_tag","embeddable":true,"href":"https:\/\/defabrica.com.mx\/defabrica\/wp-json\/wp\/v2\/product_tag?post=89241"}],"curies":[{"name":"wp","href":"https:\/\/api.w.org\/{rel}","templated":true}]}}