{"id":89153,"date":"2022-07-14T12:51:50","date_gmt":"2022-07-14T17:51:50","guid":{"rendered":"https:\/\/defabrica.com.mx\/defabrica\/?post_type=product&#038;p=89153"},"modified":"2023-01-18T13:30:31","modified_gmt":"2023-01-18T19:30:31","slug":"razer-raton-optico-inalambrico-para-juegos-deathadder-v2-x-hyperspeed-%e2%80%8b%e2%80%8b-negro","status":"publish","type":"product","link":"https:\/\/defabrica.com.mx\/defabrica\/producto\/razer-raton-optico-inalambrico-para-juegos-deathadder-v2-x-hyperspeed-%e2%80%8b%e2%80%8b-negro\/","title":{"rendered":"Razer &#8211; Rat\u00f3n \u00f3ptico inal\u00e1mbrico para juegos DeathAdder V2 X HyperSpeed \u200b\u200b- Negro"},"content":{"rendered":"<div class=\"embedded-component-container lv product-description\">\n<div>\n<div id=\"shop-product-description-38067270\" class=\"_none\" data-version=\"1.3.45\">\n<div class=\"shop-product-description\">\n<section class=\"align-heading-left\" data-reactroot=\"\">\n<div class=\"long-description-container body-copy \">\n<div class=\"html-fragment\">M\u00e1s de 13 millones de DeathAdders vendidos.\u00a0M\u00e1s de una d\u00e9cada de premios a su nombre.\u00a0La ergonom\u00eda ic\u00f3nica ahora viene con control ilimitado, gracias a la conectividad inal\u00e1mbrica dual a trav\u00e9s de Razer\u2122 HyperSpeed \u200b\u200bWireless ultrarr\u00e1pido o Bluetooth, y 7 botones programables que incluyen 2 nuevos botones de borde de acceso r\u00e1pido.<\/div>\n<\/div>\n<\/section>\n<\/div>\n<\/div>\n<\/div>\n<\/div>\n<div class=\"embedded-component-container lv product-features\">\n<h3><\/h3>\n<h3 class=\"heading-5 v-fw-regular feature-heading\"><strong>Caracter\u00edsticas<\/strong><\/h3>\n<ul>\n<li><strong>Dise\u00f1o ergon\u00f3mico galardonado<\/strong><br \/>\nCon la confianza de m\u00e1s de 13 millones de fan\u00e1ticos en todo el mundo, la forma ic\u00f3nica de DeathAdder ha brindado victorias a innumerables profesionales m\u00e1s que cualquier otro mouse, incluido el tres veces campe\u00f3n mundial de League of Legends, Faker.<\/li>\n<li><strong>Razer HyperSpeed \u200b\u200binal\u00e1mbrico ultrarr\u00e1pido<\/strong><br \/>\nCon la misma tecnolog\u00eda inal\u00e1mbrica Razer HyperSpeed \u200b\u200bde alta velocidad que se usa en nuestros mouse para juegos de primer nivel, libere su verdadero potencial con una conexi\u00f3n inal\u00e1mbrica de latencia ultrabaja.<\/li>\n<li><strong>235 horas de duraci\u00f3n de la bater\u00eda (2,4 GHz)<\/strong><br \/>\nCon hasta 235* horas de juego continuo de baja latencia con Razer\u2122 HyperSpeed \u200b\u200bWireless y hasta 615 horas con Bluetooth, el mouse puede funcionar durante mucho tiempo antes de que sea necesario reemplazar la bater\u00eda.<\/li>\n<li><strong>Interruptores de mouse mec\u00e1nicos Razer Gen-2<\/strong><br \/>\nCon nuevos puntos de contacto chapados en oro, los interruptores son menos propensos a degradarse y tienen una vida \u00fatil m\u00e1s larga de hasta 60 millones de clics, para que pueda disfrutar de una ejecuci\u00f3n n\u00edtida que es igual de consistente.<\/li>\n<li><strong>Sensor \u00f3ptico avanzado Razer 5G 14K DPI<\/strong><br \/>\nDisfruta de una punter\u00eda sensible y con precisi\u00f3n de p\u00edxel con un sensor mejorado que realiza un seguimiento impecable de tu movimiento sin giros.<\/li>\n<li><strong>7 botones programables<\/strong><br \/>\nYa sea que est\u00e9 mapeando lo esencial o haciendo todo lo posible con macros avanzadas, tenga todo el control que necesita al alcance de su mano con 2 botones laterales de acceso r\u00e1pido \u00fanicos y 2 botones laterales.<\/li>\n<li><strong>Funciona con pilas AA\/AAA.<\/strong><br \/>\nCapaz de funcionar con una sola bater\u00eda AA o AAA, la ranura de la bater\u00eda h\u00edbrida del mouse le brinda la opci\u00f3n de una bater\u00eda de mayor duraci\u00f3n o un peso m\u00e1s ligero, todo en una posici\u00f3n \u00f3ptima para una distribuci\u00f3n equilibrada del peso.<\/li>\n<\/ul>\n<\/div>\n","protected":false},"excerpt":{"rendered":"<p>M\u00e1s de 13 millones de DeathAdders vendidos.\u00a0M\u00e1s de una d\u00e9cada de premios a su nombre.\u00a0La ergonom\u00eda ic\u00f3nica ahora viene con control ilimitado, gracias a la conectividad inal\u00e1mbrica dual a trav\u00e9s<\/p>\n","protected":false},"featured_media":89154,"comment_status":"open","ping_status":"closed","template":"","meta":{"_acf_changed":false,"_joinchat":[]},"product_brand":[],"product_cat":[277,280,434],"product_tag":[],"class_list":{"0":"post-89153","1":"product","2":"type-product","3":"status-publish","4":"has-post-thumbnail","6":"product_cat-zona-gamer","7":"product_cat-pc-gaming","8":"product_cat-mouse-y-teclado-gamer","10":"first","11":"instock","12":"sale","13":"shipping-taxable","14":"purchasable","15":"product-type-simple"},"acf":[],"_links":{"self":[{"href":"https:\/\/defabrica.com.mx\/defabrica\/wp-json\/wp\/v2\/product\/89153","targetHints":{"allow":["GET"]}}],"collection":[{"href":"https:\/\/defabrica.com.mx\/defabrica\/wp-json\/wp\/v2\/product"}],"about":[{"href":"https:\/\/defabrica.com.mx\/defabrica\/wp-json\/wp\/v2\/types\/product"}],"replies":[{"embeddable":true,"href":"https:\/\/defabrica.com.mx\/defabrica\/wp-json\/wp\/v2\/comments?post=89153"}],"wp:featuredmedia":[{"embeddable":true,"href":"https:\/\/defabrica.com.mx\/defabrica\/wp-json\/wp\/v2\/media\/89154"}],"wp:attachment":[{"href":"https:\/\/defabrica.com.mx\/defabrica\/wp-json\/wp\/v2\/media?parent=89153"}],"wp:term":[{"taxonomy":"product_brand","embeddable":true,"href":"https:\/\/defabrica.com.mx\/defabrica\/wp-json\/wp\/v2\/product_brand?post=89153"},{"taxonomy":"product_cat","embeddable":true,"href":"https:\/\/defabrica.com.mx\/defabrica\/wp-json\/wp\/v2\/product_cat?post=89153"},{"taxonomy":"product_tag","embeddable":true,"href":"https:\/\/defabrica.com.mx\/defabrica\/wp-json\/wp\/v2\/product_tag?post=89153"}],"curies":[{"name":"wp","href":"https:\/\/api.w.org\/{rel}","templated":true}]}}