{"id":89140,"date":"2022-07-14T12:43:45","date_gmt":"2022-07-14T17:43:45","guid":{"rendered":"https:\/\/defabrica.com.mx\/defabrica\/?post_type=product&#038;p=89140"},"modified":"2022-07-14T12:43:45","modified_gmt":"2022-07-14T17:43:45","slug":"razer-paquete-de-batalla-deathadder-v2-blackshark-v2-x-gigantus-v2-m-negro","status":"publish","type":"product","link":"https:\/\/defabrica.com.mx\/defabrica\/producto\/razer-paquete-de-batalla-deathadder-v2-blackshark-v2-x-gigantus-v2-m-negro\/","title":{"rendered":"Razer &#8211; Paquete de batalla &#8211; DeathAdder V2 -BlackShark V2 X- Gigantus V2 M &#8211; Negro"},"content":{"rendered":"<div class=\"embedded-component-container lv product-description\">\n<div>\n<div id=\"shop-product-description-67149645\" class=\"_none\" data-version=\"1.3.45\">\n<div class=\"shop-product-description\">\n<section class=\"align-heading-left\" data-reactroot=\"\">\n<div class=\"long-description-container body-copy \">\n<div class=\"html-fragment\"><span>La victoria te espera con el Razer Battle Bundle.\u00a0Completa con todo lo que necesitas para jugar al siguiente nivel.\u00a0Adopte el sonido de los deportes electr\u00f3nicos con Razer BlackShark V2 X, una triple amenaza de audio incre\u00edble, claridad de micr\u00f3fono superior y aislamiento de sonido supremo.\u00a0Con nuestros mejores controladores de audio y micr\u00f3fono para auriculares integrados en unos auriculares \u00fanicos de estilo aeron\u00e1utico, su juego competitivo est\u00e1 destinado a convertirse en profesional.\u00a0Derrota a tus oponentes en cada juego con el mouse para juegos con cable Razer DeathAdder V2.\u00a0Los interruptores duraderos y el sensor \u00f3ptico de 20 000 ppp brindan una capacidad de respuesta ultrarr\u00e1pida, y el dise\u00f1o ergon\u00f3mico liviano admite varias horas de juego c\u00f3modo.\u00a0Este mouse para juegos con cable Razer DeathAdder V2 tiene un cable Speedflex y s\u00f3lidas funciones de personalizaci\u00f3n para un mayor rendimiento.\u00a0Ahora que tienes un rat\u00f3n asesino,\u00a0completa tu configuraci\u00f3n con la alfombrilla de rat\u00f3n adecuada para que sea una combinaci\u00f3n letal.\u00a0La superficie de tela de microtejido texturizado del Razer Gigantus V2 est\u00e1 optimizada en todos los sensores del mouse.\u00a0Mejore su juego con deslizamientos fluidos y punter\u00eda con precisi\u00f3n de p\u00edxel, mientras que la alfombrilla suave amortigua su mu\u00f1eca mientras se ocupa de la competencia.<\/span><\/div>\n<\/div>\n<\/section>\n<\/div>\n<\/div>\n<\/div>\n<\/div>\n<div class=\"embedded-component-container lv product-features\">\n<h3><\/h3>\n<h3 class=\"heading-5 v-fw-regular feature-heading\"><strong>Caracter\u00edsticas<\/strong><\/h3>\n<ul>\n<li><strong>Interruptor de rat\u00f3n \u00f3ptico Razer<\/strong><br \/>\nCada clic que haces se activa a la velocidad de la luz sin demora de rebote, por lo que siempre ser\u00e1s el primero en apretar el gatillo. Los interruptores tambi\u00e9n son duraderos hasta 70 millones de clics.<\/li>\n<li><strong>Sensor \u00f3ptico Razer Focus+ 20K<\/strong><br \/>\nUn sensor \u00f3ptico de 20,000 DPI garantiza que se rastree incluso el movimiento m\u00e1s sutil de su mouse, lo que le brinda un alto nivel de precisi\u00f3n para disparos a la cabeza ganadores del juego y maniobras altamente esquivas.<\/li>\n<li><strong>Controladores Razer TriForce de 50 mm<\/strong><br \/>\nNuestro nuevo dise\u00f1o patentado de vanguardia divide el controlador en 3 partes para la afinaci\u00f3n individual de agudos, medios y graves, lo que produce un audio m\u00e1s brillante y claro con agudos m\u00e1s ricos y graves m\u00e1s potentes.<\/li>\n<li><strong>Cancelaci\u00f3n de ruido pasiva avanzada<\/strong><br \/>\nYa sea que se trate de la multitud o de su plataforma, los resistentes auriculares cerrados cubren completamente sus o\u00eddos para evitar que el ruido se filtre en sus auriculares, y sus almohadillas brindan un sello m\u00e1s cerrado para un mayor aislamiento del sonido.<\/li>\n<li><strong>Superficie de tela texturizada de microtejido<\/strong><br \/>\nOptimizado en todos los sensores del mouse para una precisi\u00f3n precisa de p\u00edxeles y una capacidad de respuesta de seguimiento total, el alto n\u00famero de hilos del tejido permite que el mouse se deslice con facilidad por el tapete para movimientos r\u00e1pidos y fluidos.<\/li>\n<li><strong>Base antideslizante<\/strong><br \/>\nCuando las cosas se pongan ca\u00f3ticas, realice jugadas decisivas con una base estable que es crucial para los juegos competitivos.<\/li>\n<\/ul>\n<\/div>\n","protected":false},"excerpt":{"rendered":"<p>La victoria te espera con el Razer Battle Bundle.\u00a0Completa con todo lo que necesitas para jugar al siguiente nivel.\u00a0Adopte el sonido de los deportes electr\u00f3nicos con Razer BlackShark V2 X,<\/p>\n","protected":false},"featured_media":89142,"comment_status":"open","ping_status":"closed","template":"","meta":{"_acf_changed":false,"_joinchat":[]},"product_brand":[],"product_cat":[277,280,434],"product_tag":[],"class_list":{"0":"post-89140","1":"product","2":"type-product","3":"status-publish","4":"has-post-thumbnail","6":"product_cat-zona-gamer","7":"product_cat-pc-gaming","8":"product_cat-mouse-y-teclado-gamer","10":"first","11":"instock","12":"sale","13":"shipping-taxable","14":"purchasable","15":"product-type-simple"},"acf":[],"_links":{"self":[{"href":"https:\/\/defabrica.com.mx\/defabrica\/wp-json\/wp\/v2\/product\/89140","targetHints":{"allow":["GET"]}}],"collection":[{"href":"https:\/\/defabrica.com.mx\/defabrica\/wp-json\/wp\/v2\/product"}],"about":[{"href":"https:\/\/defabrica.com.mx\/defabrica\/wp-json\/wp\/v2\/types\/product"}],"replies":[{"embeddable":true,"href":"https:\/\/defabrica.com.mx\/defabrica\/wp-json\/wp\/v2\/comments?post=89140"}],"wp:featuredmedia":[{"embeddable":true,"href":"https:\/\/defabrica.com.mx\/defabrica\/wp-json\/wp\/v2\/media\/89142"}],"wp:attachment":[{"href":"https:\/\/defabrica.com.mx\/defabrica\/wp-json\/wp\/v2\/media?parent=89140"}],"wp:term":[{"taxonomy":"product_brand","embeddable":true,"href":"https:\/\/defabrica.com.mx\/defabrica\/wp-json\/wp\/v2\/product_brand?post=89140"},{"taxonomy":"product_cat","embeddable":true,"href":"https:\/\/defabrica.com.mx\/defabrica\/wp-json\/wp\/v2\/product_cat?post=89140"},{"taxonomy":"product_tag","embeddable":true,"href":"https:\/\/defabrica.com.mx\/defabrica\/wp-json\/wp\/v2\/product_tag?post=89140"}],"curies":[{"name":"wp","href":"https:\/\/api.w.org\/{rel}","templated":true}]}}