{"id":89134,"date":"2022-07-14T12:30:23","date_gmt":"2022-07-14T17:30:23","guid":{"rendered":"https:\/\/defabrica.com.mx\/defabrica\/?post_type=product&#038;p=89134"},"modified":"2023-01-18T13:29:27","modified_gmt":"2023-01-18T19:29:27","slug":"razer-viper-8khz-raton-optico-para-juegos-con-cable-e-iluminacion-chroma-rgb-negro","status":"publish","type":"product","link":"https:\/\/defabrica.com.mx\/defabrica\/producto\/razer-viper-8khz-raton-optico-para-juegos-con-cable-e-iluminacion-chroma-rgb-negro\/","title":{"rendered":"Razer &#8211; Viper 8KHz Rat\u00f3n \u00f3ptico para juegos con cable e iluminaci\u00f3n Chroma RGB &#8211; Negro"},"content":{"rendered":"<div class=\"embedded-component-container lv product-description\">\n<div>\n<div id=\"shop-product-description-12393664\" class=\"_none\" data-version=\"1.3.45\">\n<div class=\"shop-product-description\">\n<section class=\"align-heading-left\" data-reactroot=\"\">\n<div class=\"long-description-container body-copy \">\n<div class=\"html-fragment\">CONTROL ABSOLUTO.\u00a0ELEVADO.\u00a0Alcance el siguiente nivel de control absoluto con el Razer Viper 8KHZ, un mouse para juegos de esports ambidiestro con una tasa de sondeo real de 8000 Hz para la velocidad m\u00e1s r\u00e1pida y la latencia m\u00e1s baja jam\u00e1s alcanzada.\u00a0Actualizado con los interruptores \u00f3pticos Razer\u2122 de segunda generaci\u00f3n, es hora de estar a la altura de las circunstancias y dejarlo todo en el piso.<\/div>\n<\/div>\n<\/section>\n<\/div>\n<\/div>\n<\/div>\n<\/div>\n<div class=\"embedded-component-container lv product-features\">\n<h3><\/h3>\n<h3 class=\"heading-5 v-fw-regular feature-heading\"><strong>Caracter\u00edsticas<\/strong><\/h3>\n<ul>\n<li><strong>Tecnolog\u00eda Razer 8000Hz HyperPolling<\/strong><br \/>\n8 veces m\u00e1s r\u00e1pido que cualquier otro mouse para juegos<\/li>\n<li><strong>Sensor \u00f3ptico Razer Focus+ 20K DPI<\/strong><br \/>\npara una precisi\u00f3n de vanguardia<\/li>\n<li><strong>Interruptor de rat\u00f3n \u00f3ptico Razer de segunda generaci\u00f3n<\/strong><br \/>\npara accionamiento a la velocidad de la luz<\/li>\n<li><strong>Dise\u00f1o ligero de 71 g<\/strong><br \/>\npara un control r\u00e1pido y sin esfuerzo<\/li>\n<li><strong>Memoria integrada avanzada<\/strong><br \/>\npara configuraciones personalizadas dondequiera que vayas<\/li>\n<li><strong>Cable Speedflex de Razer\u2122<\/strong><br \/>\npara un arrastre m\u00ednimo y deslizamientos fluidos<\/li>\n<\/ul>\n<\/div>\n","protected":false},"excerpt":{"rendered":"<p>CONTROL ABSOLUTO.\u00a0ELEVADO.\u00a0Alcance el siguiente nivel de control absoluto con el Razer Viper 8KHZ, un mouse para juegos de esports ambidiestro con una tasa de sondeo real de 8000 Hz para<\/p>\n","protected":false},"featured_media":89135,"comment_status":"open","ping_status":"closed","template":"","meta":{"_acf_changed":false,"_joinchat":[]},"product_brand":[],"product_cat":[277,280,434],"product_tag":[],"class_list":{"0":"post-89134","1":"product","2":"type-product","3":"status-publish","4":"has-post-thumbnail","6":"product_cat-zona-gamer","7":"product_cat-pc-gaming","8":"product_cat-mouse-y-teclado-gamer","10":"first","11":"instock","12":"sale","13":"shipping-taxable","14":"purchasable","15":"product-type-simple"},"acf":[],"_links":{"self":[{"href":"https:\/\/defabrica.com.mx\/defabrica\/wp-json\/wp\/v2\/product\/89134","targetHints":{"allow":["GET"]}}],"collection":[{"href":"https:\/\/defabrica.com.mx\/defabrica\/wp-json\/wp\/v2\/product"}],"about":[{"href":"https:\/\/defabrica.com.mx\/defabrica\/wp-json\/wp\/v2\/types\/product"}],"replies":[{"embeddable":true,"href":"https:\/\/defabrica.com.mx\/defabrica\/wp-json\/wp\/v2\/comments?post=89134"}],"wp:featuredmedia":[{"embeddable":true,"href":"https:\/\/defabrica.com.mx\/defabrica\/wp-json\/wp\/v2\/media\/89135"}],"wp:attachment":[{"href":"https:\/\/defabrica.com.mx\/defabrica\/wp-json\/wp\/v2\/media?parent=89134"}],"wp:term":[{"taxonomy":"product_brand","embeddable":true,"href":"https:\/\/defabrica.com.mx\/defabrica\/wp-json\/wp\/v2\/product_brand?post=89134"},{"taxonomy":"product_cat","embeddable":true,"href":"https:\/\/defabrica.com.mx\/defabrica\/wp-json\/wp\/v2\/product_cat?post=89134"},{"taxonomy":"product_tag","embeddable":true,"href":"https:\/\/defabrica.com.mx\/defabrica\/wp-json\/wp\/v2\/product_tag?post=89134"}],"curies":[{"name":"wp","href":"https:\/\/api.w.org\/{rel}","templated":true}]}}