{"id":89116,"date":"2022-07-14T12:18:55","date_gmt":"2022-07-14T17:18:55","guid":{"rendered":"https:\/\/defabrica.com.mx\/defabrica\/?post_type=product&#038;p=89116"},"modified":"2023-01-18T13:28:21","modified_gmt":"2023-01-18T19:28:21","slug":"razer-viper-v2-pro-raton-optico-inalambrico-ligero-para-juegos-con-sensor-optico-de-30k-negro","status":"publish","type":"product","link":"https:\/\/defabrica.com.mx\/defabrica\/producto\/razer-viper-v2-pro-raton-optico-inalambrico-ligero-para-juegos-con-sensor-optico-de-30k-negro\/","title":{"rendered":"Razer &#8211; Viper V2 Pro Rat\u00f3n \u00f3ptico inal\u00e1mbrico ligero para juegos con sensor \u00f3ptico de 30k &#8211; Negro"},"content":{"rendered":"<div class=\"embedded-component-container lv product-description\">\n<div>\n<div id=\"shop-product-description-26878759\" class=\"_none\" data-version=\"1.3.45\">\n<div class=\"shop-product-description\">\n<section class=\"align-heading-left\" data-reactroot=\"\">\n<div class=\"long-description-container body-copy \">\n<div class=\"html-fragment\">Esports tiene un nuevo depredador del \u00e1pice.\u00a0Como sucesor del galardonado Razer Viper Ultimate, nuestra \u00faltima evoluci\u00f3n es casi un 22 % m\u00e1s liviana y cuenta con actualizaciones completas para un mejor rendimiento.\u00a0Con uno de los ratones inal\u00e1mbricos para juegos m\u00e1s livianos de la historia, ahora no hay nada que lo detenga.<\/div>\n<\/div>\n<\/section>\n<\/div>\n<\/div>\n<\/div>\n<\/div>\n<div class=\"embedded-component-container lv product-features\">\n<h3><\/h3>\n<h3 class=\"heading-5 v-fw-regular feature-heading\"><strong>Caracter\u00edsticas<\/strong><\/h3>\n<ul>\n<li><strong>Dise\u00f1o ultraligero de 58 g<\/strong><br \/>\nCasi un 22 % m\u00e1s liviano que el Razer Viper Ultimate, disfrute de un nivel de velocidad y control preferido por los mejores profesionales de deportes electr\u00f3nicos del mundo con uno de los ratones para deportes electr\u00f3nicos m\u00e1s livianos jam\u00e1s creados.<\/li>\n<li><strong>Sensor \u00f3ptico Razer Focus Pro 30K<\/strong><br \/>\nEl nuevo sensor de Razer proporciona un rendimiento de seguimiento impecable en una variedad m\u00e1s amplia de superficies, incluido el vidrio, respaldado por funciones inteligentes para mejorar la punter\u00eda y el control.<\/li>\n<li><strong>Interruptores de mouse \u00f3ptico Razer Gen-3<\/strong><br \/>\nDesde un ciclo de vida mejorado de 90 millones de clics sin problemas de doble clic hasta una actuaci\u00f3n vertiginosa de 0,2 ms sin demora de rebote, el mouse tiene la confiabilidad y la velocidad dise\u00f1adas para los deportes electr\u00f3nicos.<\/li>\n<li><strong>Inal\u00e1mbrico Razer HyperSpeed<\/strong><br \/>\nCon una conexi\u00f3n un 25 % m\u00e1s r\u00e1pida que cualquier otra tecnolog\u00eda inal\u00e1mbrica disponible, disfrute de un juego competitivo de alto rendimiento y baja latencia que se mantiene fluido y estable incluso en entornos inal\u00e1mbricos ruidosos.<\/li>\n<li><strong>Hasta 80 horas de duraci\u00f3n de la bater\u00eda<\/strong><br \/>\nNuestro mouse ultraligero para deportes electr\u00f3nicos puede funcionar hasta 80 horas continuas gracias a su eficiencia energ\u00e9tica inal\u00e1mbrica mejorada.<\/li>\n<li><strong>Controles DPI en el mouse<\/strong><br \/>\nCapaz de alternar entre etapas de 5 DPI sin necesidad de software, siempre estar\u00e1 listo para competir en cualquier lugar con este mouse para deportes electr\u00f3nicos altamente port\u00e1til y ultraligero.<\/li>\n<\/ul>\n<\/div>\n","protected":false},"excerpt":{"rendered":"<p>Esports tiene un nuevo depredador del \u00e1pice.\u00a0Como sucesor del galardonado Razer Viper Ultimate, nuestra \u00faltima evoluci\u00f3n es casi un 22 % m\u00e1s liviana y cuenta con actualizaciones completas para un<\/p>\n","protected":false},"featured_media":89117,"comment_status":"open","ping_status":"closed","template":"","meta":{"_acf_changed":false,"_joinchat":[]},"product_brand":[],"product_cat":[277,280,434],"product_tag":[],"class_list":{"0":"post-89116","1":"product","2":"type-product","3":"status-publish","4":"has-post-thumbnail","6":"product_cat-zona-gamer","7":"product_cat-pc-gaming","8":"product_cat-mouse-y-teclado-gamer","10":"first","11":"instock","12":"sale","13":"shipping-taxable","14":"purchasable","15":"product-type-simple"},"acf":[],"_links":{"self":[{"href":"https:\/\/defabrica.com.mx\/defabrica\/wp-json\/wp\/v2\/product\/89116","targetHints":{"allow":["GET"]}}],"collection":[{"href":"https:\/\/defabrica.com.mx\/defabrica\/wp-json\/wp\/v2\/product"}],"about":[{"href":"https:\/\/defabrica.com.mx\/defabrica\/wp-json\/wp\/v2\/types\/product"}],"replies":[{"embeddable":true,"href":"https:\/\/defabrica.com.mx\/defabrica\/wp-json\/wp\/v2\/comments?post=89116"}],"wp:featuredmedia":[{"embeddable":true,"href":"https:\/\/defabrica.com.mx\/defabrica\/wp-json\/wp\/v2\/media\/89117"}],"wp:attachment":[{"href":"https:\/\/defabrica.com.mx\/defabrica\/wp-json\/wp\/v2\/media?parent=89116"}],"wp:term":[{"taxonomy":"product_brand","embeddable":true,"href":"https:\/\/defabrica.com.mx\/defabrica\/wp-json\/wp\/v2\/product_brand?post=89116"},{"taxonomy":"product_cat","embeddable":true,"href":"https:\/\/defabrica.com.mx\/defabrica\/wp-json\/wp\/v2\/product_cat?post=89116"},{"taxonomy":"product_tag","embeddable":true,"href":"https:\/\/defabrica.com.mx\/defabrica\/wp-json\/wp\/v2\/product_tag?post=89116"}],"curies":[{"name":"wp","href":"https:\/\/api.w.org\/{rel}","templated":true}]}}