{"id":89103,"date":"2022-07-14T12:11:52","date_gmt":"2022-07-14T17:11:52","guid":{"rendered":"https:\/\/defabrica.com.mx\/defabrica\/?post_type=product&#038;p=89103"},"modified":"2023-01-18T13:27:38","modified_gmt":"2023-01-18T19:27:38","slug":"razer-blackwidow-v3-mini-hyperspeed-phantom-edition-65-teclado-mecanico-inalambrico-para-juegos-con-interruptor-lineal-amarillo-negro","status":"publish","type":"product","link":"https:\/\/defabrica.com.mx\/defabrica\/producto\/razer-blackwidow-v3-mini-hyperspeed-phantom-edition-65-teclado-mecanico-inalambrico-para-juegos-con-interruptor-lineal-amarillo-negro\/","title":{"rendered":"Razer &#8211; BlackWidow V3 Mini Hyperspeed Phantom Edition 65% Teclado mec\u00e1nico inal\u00e1mbrico para juegos con interruptor lineal amarillo &#8211; Negro"},"content":{"rendered":"<div class=\"embedded-component-container lv product-description\">\n<div>\n<div id=\"shop-product-description-42658496\" class=\"_none\" data-version=\"1.3.45\">\n<div class=\"shop-product-description\">\n<section class=\"align-heading-left\" data-reactroot=\"\">\n<div class=\"long-description-container body-copy \">\n<div class=\"html-fragment\">Lo suficientemente compacto para cualquier espacio y lo suficientemente vers\u00e1til para todas las configuraciones: este es el Razer BlackWidow V3 Mini HyperSpeed.\u00a0Disfrute de juegos sin interrupciones en un paquete elegante con un teclado inal\u00e1mbrico para juegos 65 % mec\u00e1nico que a\u00fan conserva las teclas de flecha para lograr el equilibrio perfecto entre forma y funci\u00f3n.<\/div>\n<\/div>\n<\/section>\n<\/div>\n<\/div>\n<\/div>\n<\/div>\n<div class=\"embedded-component-container lv product-features\">\n<h3><\/h3>\n<h3 class=\"heading-5 v-fw-regular feature-heading\"><strong>Caracter\u00edsticas<\/strong><\/h3>\n<ul>\n<li><strong>factor de forma del 65 %<\/strong><br \/>\nIdeal para configuraciones minimalistas o m\u00e1s peque\u00f1as donde el espacio en el escritorio es primordial, esta construcci\u00f3n compacta conserva sus teclas de flecha para una mejor funcionalidad.<\/li>\n<li><strong>Tecnolog\u00eda inal\u00e1mbrica Razer HyperSpeed<\/strong><br \/>\nVaya con un rendimiento inal\u00e1mbrico impecable para juegos, o conecte hasta 3 dispositivos en Bluetooth, alternando entre ellos sin problemas con un solo interruptor. Incluye cable USB-C desmontable para cargar durante el uso.<\/li>\n<li><strong>Interruptores mec\u00e1nicos amarillos Razer<\/strong><br \/>\nUtilizando amortiguadores para reducir a\u00fan m\u00e1s su bajo perfil de sonido, estos interruptores producen pulsaciones de teclas extremadamente suaves y se combinan con teclas de altura completa para no comprometer su experiencia de juego.<\/li>\n<li><strong>Teclas Stealth Pudding<\/strong><br \/>\nCon lados transl\u00facidos para dejar pasar m\u00e1s luz, estas teclas de ABS resaltan todo el brillo de Razer Chroma\u2122 RGB, mientras lucen un aspecto negro sigiloso cuando est\u00e1n apagadas.<\/li>\n<li><strong>Hasta 200 horas de duraci\u00f3n de la bater\u00eda<\/strong><br \/>\nDisfruta de un uso ininterrumpido independientemente de si est\u00e1 en modo Razer HyperSpeed \u200b\u200bWireless o Bluetooth, y minimiza el tiempo de inactividad con una carga que va de cero a completa en menos de 5 horas.<\/li>\n<li><strong>Desarrollado por Razer Chroma RGB<\/strong><br \/>\nCon 16,8 millones de colores y un conjunto de efectos, sincronice su iluminaci\u00f3n por tecla con el resto de su estaci\u00f3n de batalla y disfrute de una mayor inmersi\u00f3n mientras reacciona din\u00e1micamente con m\u00e1s de 150 juegos integrados.<\/li>\n<li><strong>3 modos de conexi\u00f3n<\/strong><br \/>\nCambie sin problemas entre juegos inal\u00e1mbricos de baja latencia y Bluetooth, que le permite conectar hasta 3 dispositivos. Incluye cable USB-C desmontable para cargar durante el uso.<\/li>\n<\/ul>\n<\/div>\n","protected":false},"excerpt":{"rendered":"<p>Lo suficientemente compacto para cualquier espacio y lo suficientemente vers\u00e1til para todas las configuraciones: este es el Razer BlackWidow V3 Mini HyperSpeed.\u00a0Disfrute de juegos sin interrupciones en un paquete elegante<\/p>\n","protected":false},"featured_media":89104,"comment_status":"open","ping_status":"closed","template":"","meta":{"_acf_changed":false,"_joinchat":[]},"product_brand":[],"product_cat":[277,280,434],"product_tag":[],"class_list":{"0":"post-89103","1":"product","2":"type-product","3":"status-publish","4":"has-post-thumbnail","6":"product_cat-zona-gamer","7":"product_cat-pc-gaming","8":"product_cat-mouse-y-teclado-gamer","10":"first","11":"instock","12":"sale","13":"shipping-taxable","14":"purchasable","15":"product-type-simple"},"acf":[],"_links":{"self":[{"href":"https:\/\/defabrica.com.mx\/defabrica\/wp-json\/wp\/v2\/product\/89103","targetHints":{"allow":["GET"]}}],"collection":[{"href":"https:\/\/defabrica.com.mx\/defabrica\/wp-json\/wp\/v2\/product"}],"about":[{"href":"https:\/\/defabrica.com.mx\/defabrica\/wp-json\/wp\/v2\/types\/product"}],"replies":[{"embeddable":true,"href":"https:\/\/defabrica.com.mx\/defabrica\/wp-json\/wp\/v2\/comments?post=89103"}],"wp:featuredmedia":[{"embeddable":true,"href":"https:\/\/defabrica.com.mx\/defabrica\/wp-json\/wp\/v2\/media\/89104"}],"wp:attachment":[{"href":"https:\/\/defabrica.com.mx\/defabrica\/wp-json\/wp\/v2\/media?parent=89103"}],"wp:term":[{"taxonomy":"product_brand","embeddable":true,"href":"https:\/\/defabrica.com.mx\/defabrica\/wp-json\/wp\/v2\/product_brand?post=89103"},{"taxonomy":"product_cat","embeddable":true,"href":"https:\/\/defabrica.com.mx\/defabrica\/wp-json\/wp\/v2\/product_cat?post=89103"},{"taxonomy":"product_tag","embeddable":true,"href":"https:\/\/defabrica.com.mx\/defabrica\/wp-json\/wp\/v2\/product_tag?post=89103"}],"curies":[{"name":"wp","href":"https:\/\/api.w.org\/{rel}","templated":true}]}}