{"id":89097,"date":"2022-07-14T12:08:32","date_gmt":"2022-07-14T17:08:32","guid":{"rendered":"https:\/\/defabrica.com.mx\/defabrica\/?post_type=product&#038;p=89097"},"modified":"2022-07-14T12:08:32","modified_gmt":"2022-07-14T17:08:32","slug":"razer-cynosa-chroma-teclado-para-juegos-de-membrana-con-cable-de-tamano-completo-con-retroiluminacion-chroma-rgb-negro","status":"publish","type":"product","link":"https:\/\/defabrica.com.mx\/defabrica\/producto\/razer-cynosa-chroma-teclado-para-juegos-de-membrana-con-cable-de-tamano-completo-con-retroiluminacion-chroma-rgb-negro\/","title":{"rendered":"Razer &#8211; Cynosa Chroma Teclado para juegos de membrana con cable de tama\u00f1o completo con retroiluminaci\u00f3n Chroma RGB &#8211; Negro"},"content":{"rendered":"<p>Utilice este teclado para juegos Razer para navegar por sus juegos favoritos con precisi\u00f3n.\u00a0Las teclas suaves y acolchadas ofrecen una experiencia de escritura c\u00f3moda y le permiten programar teclas individuales y asignar macros para pulsaciones de teclas m\u00e1s r\u00e1pidas y seguras.\u00a0Este teclado para juegos Razer tiene iluminaci\u00f3n RGB retroiluminada personalizable para jugar en entornos m\u00e1s oscuros.<\/p>\n<h3><\/h3>\n<h3 class=\"heading-5 v-fw-regular feature-heading\"><strong>Caracter\u00edsticas<\/strong><\/h3>\n<ul>\n<li><strong>Desarrollado por Razer Chroma<\/strong><br \/>\nEl Razer Cynosa Chroma cuenta con teclas retroiluminadas programables individualmente con 16,8 millones de opciones de color, todas configuradas f\u00e1cilmente a trav\u00e9s de Razer Synapse.<\/li>\n<li><strong>Conexi\u00f3n de cable<\/strong><br \/>\nOfrece una conexi\u00f3n USB estable y conveniente a su PC, hace que el teclado sea perfecto cuando viaja.<\/li>\n<li><strong>Teclas suaves y acolchadas para juegos<\/strong><br \/>\nProporcione comodidad con un mejor soporte de carcasa en comparaci\u00f3n con los teclados de c\u00fapula de goma, por lo que cada pulsaci\u00f3n de tecla es s\u00f3lida.<\/li>\n<li><strong>Anti-ghosting con rollover de 10 teclas<\/strong><br \/>\nAyuda a que sus comandos y pulsaciones de teclas simult\u00e1neas se registren de la manera que pretend\u00eda.<\/li>\n<li><strong>Teclas totalmente programables con grabaci\u00f3n de macros sobre la marcha<\/strong><br \/>\nProporciona comodidad adicional durante las sesiones de juego.<\/li>\n<li><strong>Dise\u00f1o duradero resistente a derrames<\/strong><br \/>\nPor cada momento victorioso de bombear el pu\u00f1o, existe la posibilidad de que se derrame agua accidentalmente en su teclado. Pero gracias a la resistencia a derrames del Razer Cynosa Chroma, puedes jugar con confianza, menos el da\u00f1o.<\/li>\n<li><strong>Compatible con Windows y Mac<\/strong><br \/>\nPara usar con su computadora actual.<\/li>\n<\/ul>\n","protected":false},"excerpt":{"rendered":"<p>Utilice este teclado para juegos Razer para navegar por sus juegos favoritos con precisi\u00f3n.\u00a0Las teclas suaves y acolchadas ofrecen una experiencia de escritura c\u00f3moda y le permiten programar teclas individuales<\/p>\n","protected":false},"featured_media":89099,"comment_status":"open","ping_status":"closed","template":"","meta":{"_acf_changed":false,"_joinchat":[]},"product_brand":[],"product_cat":[277,280,434],"product_tag":[],"class_list":{"0":"post-89097","1":"product","2":"type-product","3":"status-publish","4":"has-post-thumbnail","6":"product_cat-zona-gamer","7":"product_cat-pc-gaming","8":"product_cat-mouse-y-teclado-gamer","10":"first","11":"instock","12":"sale","13":"shipping-taxable","14":"purchasable","15":"product-type-simple"},"acf":[],"_links":{"self":[{"href":"https:\/\/defabrica.com.mx\/defabrica\/wp-json\/wp\/v2\/product\/89097","targetHints":{"allow":["GET"]}}],"collection":[{"href":"https:\/\/defabrica.com.mx\/defabrica\/wp-json\/wp\/v2\/product"}],"about":[{"href":"https:\/\/defabrica.com.mx\/defabrica\/wp-json\/wp\/v2\/types\/product"}],"replies":[{"embeddable":true,"href":"https:\/\/defabrica.com.mx\/defabrica\/wp-json\/wp\/v2\/comments?post=89097"}],"wp:featuredmedia":[{"embeddable":true,"href":"https:\/\/defabrica.com.mx\/defabrica\/wp-json\/wp\/v2\/media\/89099"}],"wp:attachment":[{"href":"https:\/\/defabrica.com.mx\/defabrica\/wp-json\/wp\/v2\/media?parent=89097"}],"wp:term":[{"taxonomy":"product_brand","embeddable":true,"href":"https:\/\/defabrica.com.mx\/defabrica\/wp-json\/wp\/v2\/product_brand?post=89097"},{"taxonomy":"product_cat","embeddable":true,"href":"https:\/\/defabrica.com.mx\/defabrica\/wp-json\/wp\/v2\/product_cat?post=89097"},{"taxonomy":"product_tag","embeddable":true,"href":"https:\/\/defabrica.com.mx\/defabrica\/wp-json\/wp\/v2\/product_tag?post=89097"}],"curies":[{"name":"wp","href":"https:\/\/api.w.org\/{rel}","templated":true}]}}