{"id":89084,"date":"2022-07-14T12:02:11","date_gmt":"2022-07-14T17:02:11","guid":{"rendered":"https:\/\/defabrica.com.mx\/defabrica\/?post_type=product&#038;p=89084"},"modified":"2023-01-18T13:25:46","modified_gmt":"2023-01-18T19:25:46","slug":"razer-huntsman-v2-tkl-teclado-para-juegos-con-interruptor-lineal-rojo-optico-con-cable-con-retroiluminacion-chroma-rgb-negro","status":"publish","type":"product","link":"https:\/\/defabrica.com.mx\/defabrica\/producto\/razer-huntsman-v2-tkl-teclado-para-juegos-con-interruptor-lineal-rojo-optico-con-cable-con-retroiluminacion-chroma-rgb-negro\/","title":{"rendered":"Razer &#8211; Huntsman V2 TKL Teclado para juegos con interruptor lineal rojo \u00f3ptico con cable con retroiluminaci\u00f3n Chroma RGB &#8211; Negro"},"content":{"rendered":"<div class=\"embedded-component-container lv product-description\">\n<div>\n<div id=\"shop-product-description-31424061\" class=\"_none\" data-version=\"1.3.45\">\n<div class=\"shop-product-description\">\n<section class=\"align-heading-left\" data-reactroot=\"\">\n<div class=\"long-description-container body-copy \">\n<div class=\"html-fragment\">La capacidad de respuesta inigualable nunca se ha visto tan delgada.\u00a0Conozca el Razer Huntsman V2 TKL, un teclado \u00f3ptico para juegos sin teclas con ac\u00fastica mejorada, latencia de entrada casi nula y otras caracter\u00edsticas de alta gama para garantizar un factor de forma compacto dise\u00f1ado para un rendimiento de tama\u00f1o completo.<\/div>\n<\/div>\n<\/section>\n<\/div>\n<\/div>\n<\/div>\n<\/div>\n<div class=\"embedded-component-container lv product-features\">\n<h3><\/h3>\n<h3 class=\"heading-5 v-fw-regular feature-heading\"><strong>Caracter\u00edsticas<\/strong><\/h3>\n<div class=\"feature-body-container\">\n<div class=\"features-list-container\">\n<div class=\"features-list all-features\">\n<div class=\"list-row\">\n<ul>\n<li><strong>Interruptores \u00f3pticos lineales Razer Gen-2<\/strong><br \/>\nMejorados con amortiguadores de sonido para una experiencia de escritura a\u00fan m\u00e1s silenciosa, los interruptores suaves y consistentes ahora tambi\u00e9n responden mejor con una tasa de sondeo real de hasta 8000 Hz para una latencia de entrada m\u00e1s baja.<\/li>\n<li><strong>Teclas PBT de doble disparo<\/strong><br \/>\nM\u00e1s duras y duraderas que las teclas normales, estas no se desgastar\u00e1n hasta dejar un acabado brillante y tienen etiquetas que nunca se desvanecer\u00e1n gracias a su proceso de moldeado de doble inyecci\u00f3n.<\/li>\n<li><strong>Espuma amortiguadora de sonido<\/strong><br \/>\nAgregado para mejorar la ac\u00fastica, el Razer Huntsman V2 TKL tiene una capa de espuma especial dentro de su carcasa que absorbe cualquier ruido met\u00e1lico que pueda ocurrir cuando toca el fondo de las teclas.<\/li>\n<li><strong>Cable tipo C desmontable<\/strong><br \/>\nDesempaque, conecte y juegue con un m\u00ednimo esfuerzo para todas sus fiestas LAN y torneos, ya que un pestillo de cable garantiza que permanezca conectado de forma segura durante el juego.<\/li>\n<li><strong>Reposamu\u00f1ecas ergon\u00f3mico<\/strong><br \/>\nEl resistente soporte para la mu\u00f1eca se alinea perfectamente con el teclado para aliviar la presi\u00f3n en las mu\u00f1ecas, para que se sienta menos fatigado cuando juega durante per\u00edodos prolongados.<\/li>\n<li><strong>Memoria integrada h\u00edbrida y almacenamiento en la nube<\/strong><br \/>\nPrep\u00e1rese para el partido independientemente de la situaci\u00f3n cuando puede guardar y activar hasta 5 perfiles de memoria integrados, mientras crea una biblioteca de macros y configuraciones para usar con el almacenamiento en la nube.<\/li>\n<\/ul>\n<\/div>\n<\/div>\n<\/div>\n<\/div>\n<\/div>\n","protected":false},"excerpt":{"rendered":"<p>La capacidad de respuesta inigualable nunca se ha visto tan delgada.\u00a0Conozca el Razer Huntsman V2 TKL, un teclado \u00f3ptico para juegos sin teclas con ac\u00fastica mejorada, latencia de entrada casi<\/p>\n","protected":false},"featured_media":89085,"comment_status":"open","ping_status":"closed","template":"","meta":{"_acf_changed":false,"_joinchat":[]},"product_brand":[],"product_cat":[277,280,434],"product_tag":[],"class_list":{"0":"post-89084","1":"product","2":"type-product","3":"status-publish","4":"has-post-thumbnail","6":"product_cat-zona-gamer","7":"product_cat-pc-gaming","8":"product_cat-mouse-y-teclado-gamer","10":"first","11":"instock","12":"sale","13":"shipping-taxable","14":"purchasable","15":"product-type-simple"},"acf":[],"_links":{"self":[{"href":"https:\/\/defabrica.com.mx\/defabrica\/wp-json\/wp\/v2\/product\/89084","targetHints":{"allow":["GET"]}}],"collection":[{"href":"https:\/\/defabrica.com.mx\/defabrica\/wp-json\/wp\/v2\/product"}],"about":[{"href":"https:\/\/defabrica.com.mx\/defabrica\/wp-json\/wp\/v2\/types\/product"}],"replies":[{"embeddable":true,"href":"https:\/\/defabrica.com.mx\/defabrica\/wp-json\/wp\/v2\/comments?post=89084"}],"wp:featuredmedia":[{"embeddable":true,"href":"https:\/\/defabrica.com.mx\/defabrica\/wp-json\/wp\/v2\/media\/89085"}],"wp:attachment":[{"href":"https:\/\/defabrica.com.mx\/defabrica\/wp-json\/wp\/v2\/media?parent=89084"}],"wp:term":[{"taxonomy":"product_brand","embeddable":true,"href":"https:\/\/defabrica.com.mx\/defabrica\/wp-json\/wp\/v2\/product_brand?post=89084"},{"taxonomy":"product_cat","embeddable":true,"href":"https:\/\/defabrica.com.mx\/defabrica\/wp-json\/wp\/v2\/product_cat?post=89084"},{"taxonomy":"product_tag","embeddable":true,"href":"https:\/\/defabrica.com.mx\/defabrica\/wp-json\/wp\/v2\/product_tag?post=89084"}],"curies":[{"name":"wp","href":"https:\/\/api.w.org\/{rel}","templated":true}]}}