{"id":89071,"date":"2022-07-14T06:16:06","date_gmt":"2022-07-14T11:16:06","guid":{"rendered":"https:\/\/defabrica.com.mx\/defabrica\/?post_type=product&#038;p=89071"},"modified":"2023-01-18T13:23:57","modified_gmt":"2023-01-18T19:23:57","slug":"stranger-of-paradise-final-fantasy-origin-playstation-4","status":"publish","type":"product","link":"https:\/\/defabrica.com.mx\/defabrica\/producto\/stranger-of-paradise-final-fantasy-origin-playstation-4\/","title":{"rendered":"Stranger of Paradise Final Fantasy Origin &#8211; PlayStation 4"},"content":{"rendered":"<div class=\"embedded-component-container lv product-description\">\n<div>\n<div id=\"shop-product-description-94538501\" class=\"_none\" data-version=\"1.3.45\">\n<div class=\"shop-product-description\">\n<section class=\"align-heading-left\" data-reactroot=\"\">\n<div class=\"long-description-container body-copy \">\n<div class=\"html-fragment\">Con el recuerdo de su lucha enterrado en lo m\u00e1s profundo de sus corazones&#8230; En este juego de rol de acci\u00f3n extrema, Jack debe enfrentarse a numerosos desaf\u00edos para devolver la luz de los cristales a Cornelia, un reino conquistado por la oscuridad.\u00a0\u00c1brete camino a trav\u00e9s de feroces batallas con una variedad de medios para derrotar a tus enemigos.\u00a0Con m\u00faltiples opciones de dificultad y una amplia selecci\u00f3n de trabajos y armas disponibles para personalizar tu grupo, puedes elegir exactamente c\u00f3mo quieres jugar.\u00a0\u00bfLa restauraci\u00f3n de la luz de los cristales traer\u00e1 paz o una nueva forma de oscuridad?\u00a0&#8230; \u00bfO tal vez algo completamente diferente?<\/div>\n<\/div>\n<\/section>\n<\/div>\n<\/div>\n<\/div>\n<\/div>\n<div class=\"embedded-component-container lv product-features\">\n<h3><\/h3>\n<h3 class=\"heading-5 v-fw-regular feature-heading\"><strong>Caracter\u00edsticas<\/strong><\/h3>\n<ul>\n<li><strong>Combate de acci\u00f3n visceral: el combate en tiempo real mantiene la acci\u00f3n al frente del juego. Cambie entre trabajos con solo presionar un bot\u00f3n para que pueda estar preparado para cualquier cosa que se le presente. Cuando las probabilidades sean abrumadoras, usa la poderosa habilidad Lightbringer para hacer retroceder a las monstruosas hordas.<\/strong><\/li>\n<li><strong>Personalizaci\u00f3n profunda del personaje: Con cada enemigo que derrotes y cada cofre que abras, descubrir\u00e1s poderosos tesoros que te ayudar\u00e1n en tu viaje. Cada pieza de armadura no solo aumentar\u00e1 tus habilidades, sino que tambi\u00e9n cambiar\u00e1 el aspecto de tu personaje.<\/strong><\/li>\n<li><strong>Un mundo oscuro por descubrir: si has jugado un juego de FINAL FANTASY antes, es posible que reconozcas algunas criaturas y lugares familiares, pero nunca los has visto as\u00ed. \u00bfQu\u00e9 secretos guarda cada ubicaci\u00f3n y qu\u00e9 tipo de monstruo te espera en la oscuridad?<\/strong><\/li>\n<li><strong>Multijugador en l\u00ednea: \u00bfTienes problemas con una misi\u00f3n? Haga que hasta dos amigos se unan a usted en l\u00ednea para superar incluso los desaf\u00edos m\u00e1s dif\u00edciles.<\/strong><\/li>\n<\/ul>\n<\/div>\n","protected":false},"excerpt":{"rendered":"<p>Con el recuerdo de su lucha enterrado en lo m\u00e1s profundo de sus corazones&#8230; En este juego de rol de acci\u00f3n extrema, Jack debe enfrentarse a numerosos desaf\u00edos para devolver<\/p>\n","protected":false},"featured_media":89072,"comment_status":"open","ping_status":"closed","template":"","meta":{"_acf_changed":false,"_joinchat":[]},"product_brand":[],"product_cat":[277,894],"product_tag":[],"class_list":{"0":"post-89071","1":"product","2":"type-product","3":"status-publish","4":"has-post-thumbnail","6":"product_cat-zona-gamer","7":"product_cat-videojuegos","9":"first","10":"instock","11":"sale","12":"shipping-taxable","13":"purchasable","14":"product-type-simple"},"acf":[],"_links":{"self":[{"href":"https:\/\/defabrica.com.mx\/defabrica\/wp-json\/wp\/v2\/product\/89071","targetHints":{"allow":["GET"]}}],"collection":[{"href":"https:\/\/defabrica.com.mx\/defabrica\/wp-json\/wp\/v2\/product"}],"about":[{"href":"https:\/\/defabrica.com.mx\/defabrica\/wp-json\/wp\/v2\/types\/product"}],"replies":[{"embeddable":true,"href":"https:\/\/defabrica.com.mx\/defabrica\/wp-json\/wp\/v2\/comments?post=89071"}],"wp:featuredmedia":[{"embeddable":true,"href":"https:\/\/defabrica.com.mx\/defabrica\/wp-json\/wp\/v2\/media\/89072"}],"wp:attachment":[{"href":"https:\/\/defabrica.com.mx\/defabrica\/wp-json\/wp\/v2\/media?parent=89071"}],"wp:term":[{"taxonomy":"product_brand","embeddable":true,"href":"https:\/\/defabrica.com.mx\/defabrica\/wp-json\/wp\/v2\/product_brand?post=89071"},{"taxonomy":"product_cat","embeddable":true,"href":"https:\/\/defabrica.com.mx\/defabrica\/wp-json\/wp\/v2\/product_cat?post=89071"},{"taxonomy":"product_tag","embeddable":true,"href":"https:\/\/defabrica.com.mx\/defabrica\/wp-json\/wp\/v2\/product_tag?post=89071"}],"curies":[{"name":"wp","href":"https:\/\/api.w.org\/{rel}","templated":true}]}}