{"id":89052,"date":"2022-07-14T05:58:15","date_gmt":"2022-07-14T10:58:15","guid":{"rendered":"https:\/\/defabrica.com.mx\/defabrica\/?post_type=product&#038;p=89052"},"modified":"2022-07-14T05:58:15","modified_gmt":"2022-07-14T10:58:15","slug":"dragon-quest-xi-s-ecos-de-una-era-esquiva-edicion-definitiva-xbox-one","status":"publish","type":"product","link":"https:\/\/defabrica.com.mx\/defabrica\/producto\/dragon-quest-xi-s-ecos-de-una-era-esquiva-edicion-definitiva-xbox-one\/","title":{"rendered":"Dragon Quest XI S: Ecos de una era esquiva Edici\u00f3n definitiva &#8211; Xbox One"},"content":{"rendered":"<p><span>DRAGON QUEST\u00ae XI S: Echoes of an Elusive Age\u2122 \u2013 Definitive Edition cuenta la cautivadora historia de un h\u00e9roe perseguido y es el tan esperado juego de rol del creador de la serie Yuji Horii y el dise\u00f1ador de personajes Akira Toriyama.\u00a0<\/span><span>Si bien es la und\u00e9cima entrada principal en la serie aclamada por la cr\u00edtica, DRAGON QUEST XI S es una experiencia completamente independiente que presenta personajes completamente nuevos, un mundo bellamente detallado, combate por turnos finamente ajustado y una historia inmersiva que atraer\u00e1 a los fan\u00e1ticos de toda la vida.<\/span><\/p>\n<h3 class=\"heading-5 v-fw-regular feature-heading\"><strong>Caracter\u00edsticas<\/strong><\/h3>\n<ul>\n<li><strong>Desentra\u00f1a un misterio \u00e9pico en una historia fascinante<\/strong><br \/>\nDRAGON QUEST XI cuenta la historia de un h\u00e9roe perseguido: denigrado como un demonio y perseguido por un monarca malicioso, debes embarcarte en una b\u00fasqueda para desentra\u00f1ar el misterio de tu destino y salvar un mundo condenado. En el coraz\u00f3n del juego hay una historia inmersiva con giros y<\/li>\n<li><strong>Re\u00fana un elenco colorido de compa\u00f1eros leales<\/strong><br \/>\nAcompa\u00f1ando al h\u00e9roe en su b\u00fasqueda se encuentra un entra\u00f1able grupo de aventureros con sus propias ricas historias y personalidades tan diversas como sus dise\u00f1os. The Definitive Edition agrega nuevos escenarios de historia para obtener m\u00e1s informaci\u00f3n sobre algunos de sus compa\u00f1eros favoritos.<\/li>\n<li><strong>Explore un hermoso mundo vivo en 3D o 2D<\/strong><br \/>\nCambia entre los modos 3D HD o 2D de 16 bits para explorar el enorme y hermoso mundo de Erdrea. La emoci\u00f3n acecha en cada esquina mientras los jugadores exploran ciudades populosas, pueblos pintorescos, castillos magn\u00edficos y mazmorras oscuras. Los NPC asisten a su agenda diaria.<\/li>\n<li><strong>Personaliza tu aventura<\/strong><br \/>\nPersonaliza tu experiencia de audio seleccionando opciones para la banda sonora original del juego o una nueva versi\u00f3n orquestal de la m\u00fasica, as\u00ed como audio de voz en ingl\u00e9s o japon\u00e9s. Dale sabor a la aventura con tres nuevos escenarios Draconian Quest que desaf\u00edan a cada<\/li>\n<li><strong>Participa en batallas cl\u00e1sicas con un toque moderno<\/strong><br \/>\nEl sistema de batalla estrat\u00e9gica de DRAGON QUEST XI facilita a los jugadores entrar en combate con una experiencia accesible que presenta una mec\u00e1nica lo suficientemente simple para los novatos pero con suficiente profundidad para satisfacer a los fan\u00e1ticos incondicionales. Vence a tus enemigos a\u00fan m\u00e1s r\u00e1pido con la opci\u00f3n de acelerar<\/li>\n<\/ul>\n","protected":false},"excerpt":{"rendered":"<p>DRAGON QUEST\u00ae XI S: Echoes of an Elusive Age\u2122 \u2013 Definitive Edition cuenta la cautivadora historia de un h\u00e9roe perseguido y es el tan esperado juego de rol del creador<\/p>\n","protected":false},"featured_media":89053,"comment_status":"open","ping_status":"closed","template":"","meta":{"_acf_changed":false,"_joinchat":[]},"product_brand":[],"product_cat":[277,894],"product_tag":[],"class_list":{"0":"post-89052","1":"product","2":"type-product","3":"status-publish","4":"has-post-thumbnail","6":"product_cat-zona-gamer","7":"product_cat-videojuegos","9":"first","10":"instock","11":"sale","12":"shipping-taxable","13":"purchasable","14":"product-type-simple"},"acf":[],"_links":{"self":[{"href":"https:\/\/defabrica.com.mx\/defabrica\/wp-json\/wp\/v2\/product\/89052","targetHints":{"allow":["GET"]}}],"collection":[{"href":"https:\/\/defabrica.com.mx\/defabrica\/wp-json\/wp\/v2\/product"}],"about":[{"href":"https:\/\/defabrica.com.mx\/defabrica\/wp-json\/wp\/v2\/types\/product"}],"replies":[{"embeddable":true,"href":"https:\/\/defabrica.com.mx\/defabrica\/wp-json\/wp\/v2\/comments?post=89052"}],"wp:featuredmedia":[{"embeddable":true,"href":"https:\/\/defabrica.com.mx\/defabrica\/wp-json\/wp\/v2\/media\/89053"}],"wp:attachment":[{"href":"https:\/\/defabrica.com.mx\/defabrica\/wp-json\/wp\/v2\/media?parent=89052"}],"wp:term":[{"taxonomy":"product_brand","embeddable":true,"href":"https:\/\/defabrica.com.mx\/defabrica\/wp-json\/wp\/v2\/product_brand?post=89052"},{"taxonomy":"product_cat","embeddable":true,"href":"https:\/\/defabrica.com.mx\/defabrica\/wp-json\/wp\/v2\/product_cat?post=89052"},{"taxonomy":"product_tag","embeddable":true,"href":"https:\/\/defabrica.com.mx\/defabrica\/wp-json\/wp\/v2\/product_tag?post=89052"}],"curies":[{"name":"wp","href":"https:\/\/api.w.org\/{rel}","templated":true}]}}