{"id":89042,"date":"2022-07-14T05:45:18","date_gmt":"2022-07-14T10:45:18","guid":{"rendered":"https:\/\/defabrica.com.mx\/defabrica\/?post_type=product&#038;p=89042"},"modified":"2022-07-14T05:45:18","modified_gmt":"2022-07-14T10:45:18","slug":"dying-light-2-stay-human-edicion-de-lujo-playstation-5","status":"publish","type":"product","link":"https:\/\/defabrica.com.mx\/defabrica\/producto\/dying-light-2-stay-human-edicion-de-lujo-playstation-5\/","title":{"rendered":"Dying Light 2 Stay Human Edici\u00f3n de lujo &#8211; PlayStation 5"},"content":{"rendered":"<p><span>Hace m\u00e1s de veinte a\u00f1os en Harran, luchamos contra el virus y perdimos.\u00a0<\/span><span>Ahora, estamos perdiendo otra vez.\u00a0<\/span><span>La Ciudad, uno de los \u00faltimos grandes asentamientos humanos, est\u00e1 desgarrada por el conflicto.\u00a0<\/span><span>La civilizaci\u00f3n ha vuelto a caer en la Edad Media.\u00a0<\/span><span>Y, sin embargo, todav\u00eda tenemos esperanza.\u00a0<\/span><span>Eres un vagabundo con el poder de cambiar el destino de La Ciudad.\u00a0<\/span><span>Pero tus habilidades excepcionales tienen un precio.\u00a0<\/span><span>Atormentado por recuerdos que no puedes descifrar, te propones descubrir la verdad&#8230; y te encuentras en una zona de combate.\u00a0<\/span><span>Perfecciona tus habilidades, ya que para derrotar a tus enemigos y hacer aliados, necesitar\u00e1s pu\u00f1os e ingenio.<\/span><\/p>\n<h3 class=\"heading-5 v-fw-regular feature-heading\"><strong>Caracter\u00edsticas<\/strong><\/h3>\n<ul>\n<li><strong>GRAN MUNDO ABIERTO<\/strong><br \/>\nParticipa en la vida de una ciudad inmersa en una nueva era oscura. Descubre diferentes caminos y pasajes ocultos, mientras exploras sus m\u00faltiples niveles y ubicaciones.<\/li>\n<li><strong>COMBATE CREATIVO Y BRUTAL<\/strong><br \/>\nAprovecha tus habilidades de parkour para inclinar la balanza incluso en el encuentro m\u00e1s brutal. El pensamiento inteligente, las trampas y las armas creativas ser\u00e1n tus mejores amigos.<\/li>\n<li><strong>CICLO D\u00cdA Y NOCHE<\/strong><br \/>\nEspera a que llegue la noche para aventurarte en los oscuros escondites de los Infectados. La luz del sol los mantiene a raya, pero una vez que se va, los monstruos comienzan la cacer\u00eda, dejando sus guaridas libres para explorar.<\/li>\n<li><strong>OPCIONES Y CONSECUENCIAS<\/strong><br \/>\nDa forma al futuro de The City con tus acciones y observa c\u00f3mo cambia. Determina el equilibrio de poder tomando decisiones en un conflicto creciente y forja tu propia experiencia.<\/li>\n<li><strong>JUEGO COOPERATIVO DE 2 A 4 JUGADORES<\/strong><br \/>\nJuega en modo cooperativo de hasta cuatro jugadores. Organice sus propios juegos o \u00fanase a otros y vea c\u00f3mo sus elecciones se han desarrollado de manera diferente a la suya.<\/li>\n<\/ul>\n","protected":false},"excerpt":{"rendered":"<p>Hace m\u00e1s de veinte a\u00f1os en Harran, luchamos contra el virus y perdimos.\u00a0Ahora, estamos perdiendo otra vez.\u00a0La Ciudad, uno de los \u00faltimos grandes asentamientos humanos, est\u00e1 desgarrada por el conflicto.\u00a0La<\/p>\n","protected":false},"featured_media":89043,"comment_status":"open","ping_status":"closed","template":"","meta":{"_acf_changed":false,"_joinchat":[]},"product_brand":[],"product_cat":[277,894],"product_tag":[],"class_list":{"0":"post-89042","1":"product","2":"type-product","3":"status-publish","4":"has-post-thumbnail","6":"product_cat-zona-gamer","7":"product_cat-videojuegos","9":"first","10":"instock","11":"sale","12":"shipping-taxable","13":"purchasable","14":"product-type-simple"},"acf":[],"_links":{"self":[{"href":"https:\/\/defabrica.com.mx\/defabrica\/wp-json\/wp\/v2\/product\/89042","targetHints":{"allow":["GET"]}}],"collection":[{"href":"https:\/\/defabrica.com.mx\/defabrica\/wp-json\/wp\/v2\/product"}],"about":[{"href":"https:\/\/defabrica.com.mx\/defabrica\/wp-json\/wp\/v2\/types\/product"}],"replies":[{"embeddable":true,"href":"https:\/\/defabrica.com.mx\/defabrica\/wp-json\/wp\/v2\/comments?post=89042"}],"wp:featuredmedia":[{"embeddable":true,"href":"https:\/\/defabrica.com.mx\/defabrica\/wp-json\/wp\/v2\/media\/89043"}],"wp:attachment":[{"href":"https:\/\/defabrica.com.mx\/defabrica\/wp-json\/wp\/v2\/media?parent=89042"}],"wp:term":[{"taxonomy":"product_brand","embeddable":true,"href":"https:\/\/defabrica.com.mx\/defabrica\/wp-json\/wp\/v2\/product_brand?post=89042"},{"taxonomy":"product_cat","embeddable":true,"href":"https:\/\/defabrica.com.mx\/defabrica\/wp-json\/wp\/v2\/product_cat?post=89042"},{"taxonomy":"product_tag","embeddable":true,"href":"https:\/\/defabrica.com.mx\/defabrica\/wp-json\/wp\/v2\/product_tag?post=89042"}],"curies":[{"name":"wp","href":"https:\/\/api.w.org\/{rel}","templated":true}]}}