{"id":89010,"date":"2022-07-14T05:06:52","date_gmt":"2022-07-14T10:06:52","guid":{"rendered":"https:\/\/defabrica.com.mx\/defabrica\/?post_type=product&#038;p=89010"},"modified":"2023-01-18T13:20:09","modified_gmt":"2023-01-18T19:20:09","slug":"dying-light-2-stay-human-playstation-5","status":"publish","type":"product","link":"https:\/\/defabrica.com.mx\/defabrica\/producto\/dying-light-2-stay-human-playstation-5\/","title":{"rendered":"Dying Light 2 Stay Human &#8211; PlayStation 5"},"content":{"rendered":"<p>Hace m\u00e1s de veinte a\u00f1os en Harran, luchamos contra el virus y perdimos.\u00a0Ahora, estamos perdiendo otra vez.\u00a0La Ciudad, uno de los \u00faltimos grandes asentamientos humanos, est\u00e1 desgarrada por el conflicto.\u00a0La civilizaci\u00f3n ha vuelto a caer en la Edad Media.\u00a0Y, sin embargo, todav\u00eda tenemos esperanza.\u00a0Eres un vagabundo con el poder de cambiar el destino de La Ciudad.\u00a0Pero tus habilidades excepcionales tienen un precio.\u00a0Atormentado por recuerdos que no puedes descifrar, te propones descubrir la verdad&#8230; y te encuentras en una zona de combate.<\/p>\n<h3 class=\"heading-5 v-fw-regular feature-heading\"><strong>Caracter\u00edsticas<\/strong><\/h3>\n<div class=\"list-row\"><\/div>\n<div class=\"list-row\">\n<ul>\n<li><strong>Gran mundo abierto<\/strong><br \/>\nRecorre la ciudad con una libertad sin precedentes y disfruta de su atm\u00f3sfera \u00fanica. Usa parkour para escalar cada edificio y llegar a \u00e1reas remotas.<\/li>\n<li><strong>Combate creativo<\/strong><br \/>\nParticipa en combates sangrientos y descubre opciones ilimitadas para enfrentarte a tus enemigos. Usa el entorno junto con varios tipos de armas y habilidades para obtener una ventaja.<\/li>\n<li><strong>Ciclo diurno y nocturno<\/strong><br \/>\nExperimente el cambio dram\u00e1tico en el mundo, mientras cambia de cazador a cazado al atardecer. Enfr\u00e9ntate a la amenaza que se avecina o huye sin perder el tiempo mirando hacia atr\u00e1s.<\/li>\n<li><strong>Cooperativo de 4 jugadores<\/strong><br \/>\nUne fuerzas con otros jugadores y aumenta tus posibilidades de supervivencia en un emocionante modo cooperativo. Aborden la campa\u00f1a de la historia juntos y participen en desaf\u00edos comunitarios programados regularmente.<\/li>\n<\/ul>\n<\/div>\n","protected":false},"excerpt":{"rendered":"<p>Hace m\u00e1s de veinte a\u00f1os en Harran, luchamos contra el virus y perdimos.\u00a0Ahora, estamos perdiendo otra vez.\u00a0La Ciudad, uno de los \u00faltimos grandes asentamientos humanos, est\u00e1 desgarrada por el conflicto.\u00a0La<\/p>\n","protected":false},"featured_media":89011,"comment_status":"open","ping_status":"closed","template":"","meta":{"_acf_changed":false,"_joinchat":[]},"product_brand":[],"product_cat":[1515,277,894],"product_tag":[],"class_list":{"0":"post-89010","1":"product","2":"type-product","3":"status-publish","4":"has-post-thumbnail","6":"product_cat-ofetas-zonagamer","7":"product_cat-zona-gamer","8":"product_cat-videojuegos","10":"first","11":"instock","12":"sale","13":"shipping-taxable","14":"purchasable","15":"product-type-simple"},"acf":[],"_links":{"self":[{"href":"https:\/\/defabrica.com.mx\/defabrica\/wp-json\/wp\/v2\/product\/89010","targetHints":{"allow":["GET"]}}],"collection":[{"href":"https:\/\/defabrica.com.mx\/defabrica\/wp-json\/wp\/v2\/product"}],"about":[{"href":"https:\/\/defabrica.com.mx\/defabrica\/wp-json\/wp\/v2\/types\/product"}],"replies":[{"embeddable":true,"href":"https:\/\/defabrica.com.mx\/defabrica\/wp-json\/wp\/v2\/comments?post=89010"}],"wp:featuredmedia":[{"embeddable":true,"href":"https:\/\/defabrica.com.mx\/defabrica\/wp-json\/wp\/v2\/media\/89011"}],"wp:attachment":[{"href":"https:\/\/defabrica.com.mx\/defabrica\/wp-json\/wp\/v2\/media?parent=89010"}],"wp:term":[{"taxonomy":"product_brand","embeddable":true,"href":"https:\/\/defabrica.com.mx\/defabrica\/wp-json\/wp\/v2\/product_brand?post=89010"},{"taxonomy":"product_cat","embeddable":true,"href":"https:\/\/defabrica.com.mx\/defabrica\/wp-json\/wp\/v2\/product_cat?post=89010"},{"taxonomy":"product_tag","embeddable":true,"href":"https:\/\/defabrica.com.mx\/defabrica\/wp-json\/wp\/v2\/product_tag?post=89010"}],"curies":[{"name":"wp","href":"https:\/\/api.w.org\/{rel}","templated":true}]}}