{"id":88988,"date":"2022-07-14T04:39:19","date_gmt":"2022-07-14T09:39:19","guid":{"rendered":"https:\/\/defabrica.com.mx\/defabrica\/?post_type=product&#038;p=88988"},"modified":"2023-01-18T13:18:50","modified_gmt":"2023-01-18T19:18:50","slug":"mx-vs-atv-legends-xbox-serie-x","status":"publish","type":"product","link":"https:\/\/defabrica.com.mx\/defabrica\/producto\/mx-vs-atv-legends-xbox-serie-x\/","title":{"rendered":"MX vs ATV Legends &#8211; Xbox Serie X"},"content":{"rendered":"<div class=\"embedded-component-container lv product-description\">\n<div>\n<div id=\"shop-product-description-55147805\" class=\"_none\" data-version=\"1.3.45\">\n<div class=\"shop-product-description\">\n<section class=\"align-heading-left\" data-reactroot=\"\">\n<div class=\"long-description-container body-copy \">\n<div class=\"html-fragment\">MX vs ATV Legends es la \u00faltima entrega del universo de carreras todoterreno MX vs ATV.\u00a0Los jugadores viven la fantas\u00eda de convertirse en un piloto todoterreno profesional de fama mundial.\u00a0Disfrutar\u00e1n de la gloria de la fama y la adulaci\u00f3n tanto de los fan\u00e1ticos como de los patrocinadores mientras juegan en los modos de carrera y en l\u00ednea.<\/div>\n<div>\n<h3><\/h3>\n<h3 class=\"heading-5 v-fw-regular feature-heading\"><strong>Caracter\u00edsticas<\/strong><\/h3>\n<ul>\n<li><strong>Compite en modo de pantalla dividida para 2 jugadores y en l\u00ednea para 16 jugadores con un juego basado en escuadrones.<\/strong><\/li>\n<li><strong>Experimente el nuevo modo Trails para carreras al aire libre de alta intensidad: cada giro puede presentar nuevas sorpresas, desafiando su estilo de conducci\u00f3n de nuevas maneras.<\/strong><\/li>\n<li><strong>Compite en el nuevo modo de carrera donde tus elecciones conducen a diferentes caminos, oportunidades de patrocinio y eventos especiales de invitaci\u00f3n.<\/strong><\/li>\n<li><strong>Experimente el nuevo modo Trails para carreras al aire libre de alta intensidad: cada giro puede presentar nuevas sorpresas, desafiando su estilo de conducci\u00f3n de nuevas maneras.<\/strong><\/li>\n<li><strong>Siente el refinado sistema de f\u00edsica para carreras de mayor precisi\u00f3n incluso en las situaciones m\u00e1s dif\u00edciles, como andar en bermas y surcos.<\/strong><\/li>\n<li><strong>Soporta un clima din\u00e1mico como la lluvia y la nieve, lo que agrega una nueva din\u00e1mica a la persecuci\u00f3n del podio.<\/strong><\/li>\n<\/ul>\n<\/div>\n<\/div>\n<\/section>\n<\/div>\n<\/div>\n<\/div>\n<\/div>\n<div class=\"embedded-component-container lv product-features\"><\/div>\n","protected":false},"excerpt":{"rendered":"<p>MX vs ATV Legends es la \u00faltima entrega del universo de carreras todoterreno MX vs ATV.\u00a0Los jugadores viven la fantas\u00eda de convertirse en un piloto todoterreno profesional de fama mundial.\u00a0Disfrutar\u00e1n<\/p>\n","protected":false},"featured_media":88989,"comment_status":"open","ping_status":"closed","template":"","meta":{"_acf_changed":false,"_joinchat":[]},"product_brand":[],"product_cat":[277,894],"product_tag":[],"class_list":{"0":"post-88988","1":"product","2":"type-product","3":"status-publish","4":"has-post-thumbnail","6":"product_cat-zona-gamer","7":"product_cat-videojuegos","9":"first","10":"instock","11":"sale","12":"shipping-taxable","13":"purchasable","14":"product-type-simple"},"acf":[],"_links":{"self":[{"href":"https:\/\/defabrica.com.mx\/defabrica\/wp-json\/wp\/v2\/product\/88988","targetHints":{"allow":["GET"]}}],"collection":[{"href":"https:\/\/defabrica.com.mx\/defabrica\/wp-json\/wp\/v2\/product"}],"about":[{"href":"https:\/\/defabrica.com.mx\/defabrica\/wp-json\/wp\/v2\/types\/product"}],"replies":[{"embeddable":true,"href":"https:\/\/defabrica.com.mx\/defabrica\/wp-json\/wp\/v2\/comments?post=88988"}],"wp:featuredmedia":[{"embeddable":true,"href":"https:\/\/defabrica.com.mx\/defabrica\/wp-json\/wp\/v2\/media\/88989"}],"wp:attachment":[{"href":"https:\/\/defabrica.com.mx\/defabrica\/wp-json\/wp\/v2\/media?parent=88988"}],"wp:term":[{"taxonomy":"product_brand","embeddable":true,"href":"https:\/\/defabrica.com.mx\/defabrica\/wp-json\/wp\/v2\/product_brand?post=88988"},{"taxonomy":"product_cat","embeddable":true,"href":"https:\/\/defabrica.com.mx\/defabrica\/wp-json\/wp\/v2\/product_cat?post=88988"},{"taxonomy":"product_tag","embeddable":true,"href":"https:\/\/defabrica.com.mx\/defabrica\/wp-json\/wp\/v2\/product_tag?post=88988"}],"curies":[{"name":"wp","href":"https:\/\/api.w.org\/{rel}","templated":true}]}}