{"id":88973,"date":"2022-07-14T04:20:01","date_gmt":"2022-07-14T09:20:01","guid":{"rendered":"https:\/\/defabrica.com.mx\/defabrica\/?post_type=product&#038;p=88973"},"modified":"2023-01-18T13:18:09","modified_gmt":"2023-01-18T19:18:09","slug":"elex-ii-playstation-4","status":"publish","type":"product","link":"https:\/\/defabrica.com.mx\/defabrica\/producto\/elex-ii-playstation-4\/","title":{"rendered":"ELEX II &#8211; PlayStation 4"},"content":{"rendered":"<p>ELEX II es la secuela de ELEX, la experiencia cl\u00e1sica de juego de rol de mundo abierto de los galardonados creadores de las series Gothic y Risen, Piranha Bytes.\u00a0ELEX II regresa al mundo posapocal\u00edptico de Ciencia Fantas\u00eda de Magalan: con entornos masivos que se pueden explorar con una libertad inigualable a trav\u00e9s de un jetpack, podr\u00e1s moverte a trav\u00e9s de la historia \u00e9pica como quieras.\u00a0Varios a\u00f1os despu\u00e9s de que Jax derrotara al H\u00edbrido, llega una nueva amenaza del cielo que libera los peligrosos poderes de Elex oscuro y pone en peligro toda la vida en el planeta.<\/p>\n<div class=\"list-row\">\n<h3 class=\"heading-5 v-fw-regular feature-heading\"><strong>Caracter\u00edsticas<\/strong><\/h3>\n<ul>\n<li><strong>\u00a1Explora el planeta de Magalan con una libertad sin precedentes, usando tu mochila propulsora de confianza para atravesar el mapa e incluso volar!<\/strong><\/li>\n<li><strong>Interact\u00faa con un mundo habitado lleno de NPC \u00fanicos que recordar\u00e1n lo que has hecho y reaccionar\u00e1n en consecuencia.<\/strong><\/li>\n<li><strong>Los NPC se unir\u00e1n o abandonar\u00e1n tu grupo dependiendo de c\u00f3mo te comportes y puedas ser asesinado, lo que tendr\u00e1 un efecto en la historia.<\/strong><\/li>\n<li><strong>Participa en un combate cuerpo a cuerpo fluido y a distancia con un sistema de control enormemente mejorado<\/strong><\/li>\n<\/ul>\n<\/div>\n","protected":false},"excerpt":{"rendered":"<p>ELEX II es la secuela de ELEX, la experiencia cl\u00e1sica de juego de rol de mundo abierto de los galardonados creadores de las series Gothic y Risen, Piranha Bytes.\u00a0ELEX II<\/p>\n","protected":false},"featured_media":88975,"comment_status":"open","ping_status":"closed","template":"","meta":{"_acf_changed":false,"_joinchat":[]},"product_brand":[],"product_cat":[277,894],"product_tag":[],"class_list":{"0":"post-88973","1":"product","2":"type-product","3":"status-publish","4":"has-post-thumbnail","6":"product_cat-zona-gamer","7":"product_cat-videojuegos","9":"first","10":"instock","11":"sale","12":"shipping-taxable","13":"purchasable","14":"product-type-simple"},"acf":[],"_links":{"self":[{"href":"https:\/\/defabrica.com.mx\/defabrica\/wp-json\/wp\/v2\/product\/88973","targetHints":{"allow":["GET"]}}],"collection":[{"href":"https:\/\/defabrica.com.mx\/defabrica\/wp-json\/wp\/v2\/product"}],"about":[{"href":"https:\/\/defabrica.com.mx\/defabrica\/wp-json\/wp\/v2\/types\/product"}],"replies":[{"embeddable":true,"href":"https:\/\/defabrica.com.mx\/defabrica\/wp-json\/wp\/v2\/comments?post=88973"}],"wp:featuredmedia":[{"embeddable":true,"href":"https:\/\/defabrica.com.mx\/defabrica\/wp-json\/wp\/v2\/media\/88975"}],"wp:attachment":[{"href":"https:\/\/defabrica.com.mx\/defabrica\/wp-json\/wp\/v2\/media?parent=88973"}],"wp:term":[{"taxonomy":"product_brand","embeddable":true,"href":"https:\/\/defabrica.com.mx\/defabrica\/wp-json\/wp\/v2\/product_brand?post=88973"},{"taxonomy":"product_cat","embeddable":true,"href":"https:\/\/defabrica.com.mx\/defabrica\/wp-json\/wp\/v2\/product_cat?post=88973"},{"taxonomy":"product_tag","embeddable":true,"href":"https:\/\/defabrica.com.mx\/defabrica\/wp-json\/wp\/v2\/product_tag?post=88973"}],"curies":[{"name":"wp","href":"https:\/\/api.w.org\/{rel}","templated":true}]}}