{"id":88935,"date":"2022-07-14T03:37:22","date_gmt":"2022-07-14T08:37:22","guid":{"rendered":"https:\/\/defabrica.com.mx\/defabrica\/?post_type=product&#038;p=88935"},"modified":"2023-01-18T13:16:09","modified_gmt":"2023-01-18T19:16:09","slug":"darksiders-3-nintendo-switch","status":"publish","type":"product","link":"https:\/\/defabrica.com.mx\/defabrica\/producto\/darksiders-3-nintendo-switch\/","title":{"rendered":"Darksiders 3 &#8211; Nintendo Switch"},"content":{"rendered":"<div class=\"embedded-component-container lv product-description\">\n<div>\n<div id=\"shop-product-description-53615356\" class=\"_none\" data-version=\"1.3.45\">\n<div class=\"shop-product-description\">\n<section class=\"align-heading-left\" data-reactroot=\"\">\n<div class=\"long-description-container body-copy \">\n<div class=\"html-fragment\">Regresa a una Tierra apocal\u00edptica en Darksiders III, una aventura de acci\u00f3n hack-n-slash donde los jugadores asumen el papel de FURY en su b\u00fasqueda para cazar y deshacerse de los Siete Pecados Capitales.\u00a0FURY, el m\u00e1s impredecible y enigm\u00e1tico de los Cuatro Jinetes, debe tener \u00e9xito donde muchos han fracasado: equilibrar las fuerzas que ahora asolan la Tierra.\u00a0Darksiders III es el esperado tercer cap\u00edtulo de la franquicia Darksiders, aclamada por la cr\u00edtica.<\/div>\n<\/div>\n<\/section>\n<\/div>\n<\/div>\n<\/div>\n<\/div>\n<div class=\"embedded-component-container lv product-features\">\n<h3><\/h3>\n<h3 class=\"heading-5 v-fw-regular feature-heading\"><strong>Caracter\u00edsticas<\/strong><\/h3>\n<ul>\n<li><strong>\u00a1Juega como FURY, una maga que debe confiar en su l\u00e1tigo y su magia para restablecer el equilibrio entre el bien y el mal en la Tierra!<\/strong><\/li>\n<li><strong>Aprovecha la magia de FURY para desatar sus diversas formas, cada una de las cuales le otorga acceso a nuevas armas, movimientos y habilidades transversales.<\/strong><\/li>\n<li><strong>Explora un mundo de juego abierto, vivo y de forma libre en el que FURY se mueve de un lado a otro entre entornos para descubrir secretos mientras avanza en la historia.<\/strong><\/li>\n<li><strong>Derrota a los Siete Pecados Capitales y sus sirvientes, que van desde criaturas m\u00edsticas hasta seres degenerados.<\/strong><\/li>\n<li><strong>As\u00f3mbrate con el estilo art\u00edstico caracter\u00edstico de Darksiders: entornos postapocal\u00edpticos expansivos que llevan al jugador desde las alturas del cielo hasta las profundidades del infierno, dilapidados por la guerra y la decadencia e invadidos por la naturaleza.<\/strong><\/li>\n<\/ul>\n<\/div>\n","protected":false},"excerpt":{"rendered":"<p>Regresa a una Tierra apocal\u00edptica en Darksiders III, una aventura de acci\u00f3n hack-n-slash donde los jugadores asumen el papel de FURY en su b\u00fasqueda para cazar y deshacerse de los<\/p>\n","protected":false},"featured_media":88936,"comment_status":"open","ping_status":"closed","template":"","meta":{"_acf_changed":false,"_joinchat":[]},"product_brand":[],"product_cat":[1515,277,894],"product_tag":[],"class_list":{"0":"post-88935","1":"product","2":"type-product","3":"status-publish","4":"has-post-thumbnail","6":"product_cat-ofetas-zonagamer","7":"product_cat-zona-gamer","8":"product_cat-videojuegos","10":"first","11":"instock","12":"sale","13":"shipping-taxable","14":"purchasable","15":"product-type-simple"},"acf":[],"_links":{"self":[{"href":"https:\/\/defabrica.com.mx\/defabrica\/wp-json\/wp\/v2\/product\/88935","targetHints":{"allow":["GET"]}}],"collection":[{"href":"https:\/\/defabrica.com.mx\/defabrica\/wp-json\/wp\/v2\/product"}],"about":[{"href":"https:\/\/defabrica.com.mx\/defabrica\/wp-json\/wp\/v2\/types\/product"}],"replies":[{"embeddable":true,"href":"https:\/\/defabrica.com.mx\/defabrica\/wp-json\/wp\/v2\/comments?post=88935"}],"wp:featuredmedia":[{"embeddable":true,"href":"https:\/\/defabrica.com.mx\/defabrica\/wp-json\/wp\/v2\/media\/88936"}],"wp:attachment":[{"href":"https:\/\/defabrica.com.mx\/defabrica\/wp-json\/wp\/v2\/media?parent=88935"}],"wp:term":[{"taxonomy":"product_brand","embeddable":true,"href":"https:\/\/defabrica.com.mx\/defabrica\/wp-json\/wp\/v2\/product_brand?post=88935"},{"taxonomy":"product_cat","embeddable":true,"href":"https:\/\/defabrica.com.mx\/defabrica\/wp-json\/wp\/v2\/product_cat?post=88935"},{"taxonomy":"product_tag","embeddable":true,"href":"https:\/\/defabrica.com.mx\/defabrica\/wp-json\/wp\/v2\/product_tag?post=88935"}],"curies":[{"name":"wp","href":"https:\/\/api.w.org\/{rel}","templated":true}]}}