{"id":88923,"date":"2022-07-14T03:11:18","date_gmt":"2022-07-14T08:11:18","guid":{"rendered":"https:\/\/defabrica.com.mx\/defabrica\/?post_type=product&#038;p=88923"},"modified":"2023-01-18T13:15:00","modified_gmt":"2023-01-18T19:15:00","slug":"watch-dogs-legion-edicion-de-oro-steelbook-playstation-4-playstation-5","status":"publish","type":"product","link":"https:\/\/defabrica.com.mx\/defabrica\/producto\/watch-dogs-legion-edicion-de-oro-steelbook-playstation-4-playstation-5\/","title":{"rendered":"Watch Dogs: Legion Edici\u00f3n de Oro  SteelBook &#8211; PlayStation 4, PlayStation 5"},"content":{"rendered":"<p>Obtenga el juego base, el pase de temporada y el SteelBook premium con la edici\u00f3n Gold SteelBook.\u00a0El pase de temporada incluye una gran expansi\u00f3n, misiones adicionales, cuatro h\u00e9roes ic\u00f3nicos con habilidades \u00fanicas, incluido Aiden Pearce, \u00a1y acceso inmediato a la edici\u00f3n original de Watch Dogs: Complete!\u00a0Watch Dogs: Legion ha recibido m\u00e1s de 65 premios y nominaciones del E3.<\/p>\n<h3><\/h3>\n<h3 class=\"heading-5 v-fw-regular feature-heading\"><strong>Caracter\u00edsticas<\/strong><\/h3>\n<ul>\n<li><strong>Experimenta una innovaci\u00f3n de juego nunca antes vista que te permite reclutar y jugar como cualquiera que veas en la ic\u00f3nica ciudad de Londres. Todos los personajes se pueden jugar y tienen una historia de fondo, una personalidad y un conjunto de habilidades \u00fanicos.<\/strong><\/li>\n<li><strong>Hackea drones armados, despliega robots ara\u00f1a y derriba enemigos usando una capa de realidad aumentada.<\/strong><\/li>\n<li><strong>Explore un enorme mundo urbano abierto, con muchos lugares emblem\u00e1ticos de Londres y actividades paralelas divertidas.<\/strong><\/li>\n<li><strong>Forme un equipo con amigos mientras completa misiones cooperativas y modos de juego \u00fanicos en l\u00ednea.<\/strong><\/li>\n<li><strong>La Gold SteelBook Edition incluye el pase de temporada, que presenta una serie de nuevas misiones.<\/strong><\/li>\n<\/ul>\n","protected":false},"excerpt":{"rendered":"<p>Obtenga el juego base, el pase de temporada y el SteelBook premium con la edici\u00f3n Gold SteelBook.\u00a0El pase de temporada incluye una gran expansi\u00f3n, misiones adicionales, cuatro h\u00e9roes ic\u00f3nicos con<\/p>\n","protected":false},"featured_media":88924,"comment_status":"open","ping_status":"closed","template":"","meta":{"_acf_changed":false,"_joinchat":[]},"product_brand":[],"product_cat":[277,894],"product_tag":[],"class_list":{"0":"post-88923","1":"product","2":"type-product","3":"status-publish","4":"has-post-thumbnail","6":"product_cat-zona-gamer","7":"product_cat-videojuegos","9":"first","10":"instock","11":"sale","12":"shipping-taxable","13":"purchasable","14":"product-type-simple"},"acf":[],"_links":{"self":[{"href":"https:\/\/defabrica.com.mx\/defabrica\/wp-json\/wp\/v2\/product\/88923","targetHints":{"allow":["GET"]}}],"collection":[{"href":"https:\/\/defabrica.com.mx\/defabrica\/wp-json\/wp\/v2\/product"}],"about":[{"href":"https:\/\/defabrica.com.mx\/defabrica\/wp-json\/wp\/v2\/types\/product"}],"replies":[{"embeddable":true,"href":"https:\/\/defabrica.com.mx\/defabrica\/wp-json\/wp\/v2\/comments?post=88923"}],"wp:featuredmedia":[{"embeddable":true,"href":"https:\/\/defabrica.com.mx\/defabrica\/wp-json\/wp\/v2\/media\/88924"}],"wp:attachment":[{"href":"https:\/\/defabrica.com.mx\/defabrica\/wp-json\/wp\/v2\/media?parent=88923"}],"wp:term":[{"taxonomy":"product_brand","embeddable":true,"href":"https:\/\/defabrica.com.mx\/defabrica\/wp-json\/wp\/v2\/product_brand?post=88923"},{"taxonomy":"product_cat","embeddable":true,"href":"https:\/\/defabrica.com.mx\/defabrica\/wp-json\/wp\/v2\/product_cat?post=88923"},{"taxonomy":"product_tag","embeddable":true,"href":"https:\/\/defabrica.com.mx\/defabrica\/wp-json\/wp\/v2\/product_tag?post=88923"}],"curies":[{"name":"wp","href":"https:\/\/api.w.org\/{rel}","templated":true}]}}