{"id":88920,"date":"2022-07-14T03:04:43","date_gmt":"2022-07-14T08:04:43","guid":{"rendered":"https:\/\/defabrica.com.mx\/defabrica\/?post_type=product&#038;p=88920"},"modified":"2023-01-18T13:14:40","modified_gmt":"2023-01-18T19:14:40","slug":"steelbook-edicion-oro-de-far-cry-6-playstation-4-playstation-5","status":"publish","type":"product","link":"https:\/\/defabrica.com.mx\/defabrica\/producto\/steelbook-edicion-oro-de-far-cry-6-playstation-4-playstation-5\/","title":{"rendered":"SteelBook Edici\u00f3n Oro de Far Cry 6 &#8211; PlayStation 4, PlayStation 5"},"content":{"rendered":"<div class=\"embedded-component-container lv product-description\">\n<div>\n<div id=\"shop-product-description-22051732\" class=\"_none\" data-version=\"1.3.45\">\n<div class=\"shop-product-description\">\n<section class=\"align-heading-left\" data-reactroot=\"\">\n<div class=\"long-description-container body-copy \">\n<div class=\"html-fragment\">Actualice a la versi\u00f3n digital del juego para PlayStation 5 sin costo adicional.*\u00a0*APLICAN CONDICIONES Y RESTRICCIONES.\u00a0Para actualizar las copias de discos f\u00edsicos de PS4 elegibles, los jugadores necesitan una consola PS5 con una unidad de disco.\u00a0Visite PlayStation.com\/help para obtener m\u00e1s informaci\u00f3n.\u00a0Recibe el juego, el SteelBook y el Pase de Temporada con la Edici\u00f3n Dorada, y \u00fanete a la revoluci\u00f3n como un guerrillero moderno para liberar a tu naci\u00f3n.\u00a0Emplea armas improvisadas, veh\u00edculos y animales de compa\u00f1\u00eda para acabar con el r\u00e9gimen opresivo de Anton.<\/div>\n<\/div>\n<\/section>\n<\/div>\n<\/div>\n<\/div>\n<\/div>\n<div class=\"embedded-component-container lv product-features\">\n<h3><\/h3>\n<h3 class=\"heading-5 v-fw-regular feature-heading\"><strong>Caracter\u00edsticas<\/strong><\/h3>\n<ul>\n<li><strong>\u00danete a la revoluci\u00f3n como Dani Rojas y libera a tu naci\u00f3n de la opresi\u00f3n de Anton Castillo.<\/strong><\/li>\n<li><strong>Sum\u00e9rgete en una experiencia taquillera y sum\u00e9rgete en el viaje de un guerrillero revolucionario.<\/strong><\/li>\n<li><strong>Explora el mundo abierto m\u00e1s grande en la historia de Far Cry, incluida la primera ciudad urbana en expansi\u00f3n.<\/strong><\/li>\n<li><strong>Descubre nuevos compa\u00f1eros animales como Chorizo, el adorable perro salchicha, para acabar con los enemigos.<\/strong><\/li>\n<li><strong>Desata la potencia de fuego de armas improvisadas especializadas y nuevas mochilas para usar contra las tropas de Anton.<\/strong><\/li>\n<\/ul>\n<\/div>\n","protected":false},"excerpt":{"rendered":"<p>Actualice a la versi\u00f3n digital del juego para PlayStation 5 sin costo adicional.*\u00a0*APLICAN CONDICIONES Y RESTRICCIONES.\u00a0Para actualizar las copias de discos f\u00edsicos de PS4 elegibles, los jugadores necesitan una consola<\/p>\n","protected":false},"featured_media":88921,"comment_status":"open","ping_status":"closed","template":"","meta":{"_acf_changed":false,"_joinchat":[]},"product_brand":[],"product_cat":[1515,277,894],"product_tag":[],"class_list":{"0":"post-88920","1":"product","2":"type-product","3":"status-publish","4":"has-post-thumbnail","6":"product_cat-ofetas-zonagamer","7":"product_cat-zona-gamer","8":"product_cat-videojuegos","10":"first","11":"instock","12":"sale","13":"shipping-taxable","14":"purchasable","15":"product-type-simple"},"acf":[],"_links":{"self":[{"href":"https:\/\/defabrica.com.mx\/defabrica\/wp-json\/wp\/v2\/product\/88920","targetHints":{"allow":["GET"]}}],"collection":[{"href":"https:\/\/defabrica.com.mx\/defabrica\/wp-json\/wp\/v2\/product"}],"about":[{"href":"https:\/\/defabrica.com.mx\/defabrica\/wp-json\/wp\/v2\/types\/product"}],"replies":[{"embeddable":true,"href":"https:\/\/defabrica.com.mx\/defabrica\/wp-json\/wp\/v2\/comments?post=88920"}],"wp:featuredmedia":[{"embeddable":true,"href":"https:\/\/defabrica.com.mx\/defabrica\/wp-json\/wp\/v2\/media\/88921"}],"wp:attachment":[{"href":"https:\/\/defabrica.com.mx\/defabrica\/wp-json\/wp\/v2\/media?parent=88920"}],"wp:term":[{"taxonomy":"product_brand","embeddable":true,"href":"https:\/\/defabrica.com.mx\/defabrica\/wp-json\/wp\/v2\/product_brand?post=88920"},{"taxonomy":"product_cat","embeddable":true,"href":"https:\/\/defabrica.com.mx\/defabrica\/wp-json\/wp\/v2\/product_cat?post=88920"},{"taxonomy":"product_tag","embeddable":true,"href":"https:\/\/defabrica.com.mx\/defabrica\/wp-json\/wp\/v2\/product_tag?post=88920"}],"curies":[{"name":"wp","href":"https:\/\/api.w.org\/{rel}","templated":true}]}}