{"id":88911,"date":"2022-07-14T02:42:35","date_gmt":"2022-07-14T07:42:35","guid":{"rendered":"https:\/\/defabrica.com.mx\/defabrica\/?post_type=product&#038;p=88911"},"modified":"2022-07-14T02:42:35","modified_gmt":"2022-07-14T07:42:35","slug":"edicion-dorada-de-riders-republic-xbox-series-x","status":"publish","type":"product","link":"https:\/\/defabrica.com.mx\/defabrica\/producto\/edicion-dorada-de-riders-republic-xbox-series-x\/","title":{"rendered":"Edici\u00f3n dorada de Riders Republic &#8211; Xbox Series X"},"content":{"rendered":"<div class=\"embedded-component-container lv product-description\">\n<div>\n<div id=\"shop-product-description-69021449\" class=\"_none\" data-version=\"1.3.45\">\n<div class=\"shop-product-description\">\n<section class=\"align-heading-left\" data-reactroot=\"\">\n<div class=\"long-description-container body-copy \">\n<div class=\"html-fragment\"><span>El juego aprovecha Smart Delivery, lo que permite el acceso tanto al t\u00edtulo de Xbox One como al t\u00edtulo de Xbox Series X cuando est\u00e9 disponible.\u00a0Aproveche al m\u00e1ximo su viaje con Riders Republic Gold Edition, que incluye el juego y el pase del a\u00f1o 1.\u00a0Tome su bicicleta, esqu\u00eds, tabla de snowboard o traje de alas y explore un para\u00edso deportivo de mundo abierto donde las reglas son suyas para hacerlas o romperlas.<\/span><\/div>\n<\/div>\n<\/section>\n<\/div>\n<\/div>\n<\/div>\n<\/div>\n<div class=\"embedded-component-container lv product-features\">\n<h3><\/h3>\n<h3 class=\"heading-5 v-fw-regular feature-heading\"><strong>Caracter\u00edsticas<\/strong><\/h3>\n<ul>\n<li><strong>El pase del a\u00f1o 1 incluye ocho kits ex\u00f3ticos que se desbloquean durante todo el a\u00f1o, adem\u00e1s del complemento BMX Sport cuando se agrega despu\u00e9s del lanzamiento.<\/strong><\/li>\n<li><strong>Enfr\u00e9ntate a m\u00e1s de 50 jugadores a la vez en un enorme campo de juego multijugador en la monta\u00f1a: m\u00e1s de 20 jugadores en Xbox One.<\/strong><\/li>\n<li><strong>Compite en una carrera de salida en masa total: \u00a1choca, mu\u00e9vete y lucha hasta llegar a la meta!<\/strong><\/li>\n<li><strong>Recorre un mundo abierto sin interrupciones en el modo Carrera o en eventos multijugador.<\/strong><\/li>\n<li><strong>\u00a1Reserva ahora para obtener el Bunny Pack! Incluye traje de conejito personalizado y gr\u00e1fico de snowboard.<\/strong><\/li>\n<\/ul>\n<\/div>\n","protected":false},"excerpt":{"rendered":"<p>El juego aprovecha Smart Delivery, lo que permite el acceso tanto al t\u00edtulo de Xbox One como al t\u00edtulo de Xbox Series X cuando est\u00e9 disponible.\u00a0Aproveche al m\u00e1ximo su viaje<\/p>\n","protected":false},"featured_media":88912,"comment_status":"open","ping_status":"closed","template":"","meta":{"_acf_changed":false,"_joinchat":[]},"product_brand":[],"product_cat":[277,894],"product_tag":[],"class_list":{"0":"post-88911","1":"product","2":"type-product","3":"status-publish","4":"has-post-thumbnail","6":"product_cat-zona-gamer","7":"product_cat-videojuegos","9":"first","10":"instock","11":"sale","12":"shipping-taxable","13":"purchasable","14":"product-type-simple"},"acf":[],"_links":{"self":[{"href":"https:\/\/defabrica.com.mx\/defabrica\/wp-json\/wp\/v2\/product\/88911","targetHints":{"allow":["GET"]}}],"collection":[{"href":"https:\/\/defabrica.com.mx\/defabrica\/wp-json\/wp\/v2\/product"}],"about":[{"href":"https:\/\/defabrica.com.mx\/defabrica\/wp-json\/wp\/v2\/types\/product"}],"replies":[{"embeddable":true,"href":"https:\/\/defabrica.com.mx\/defabrica\/wp-json\/wp\/v2\/comments?post=88911"}],"wp:featuredmedia":[{"embeddable":true,"href":"https:\/\/defabrica.com.mx\/defabrica\/wp-json\/wp\/v2\/media\/88912"}],"wp:attachment":[{"href":"https:\/\/defabrica.com.mx\/defabrica\/wp-json\/wp\/v2\/media?parent=88911"}],"wp:term":[{"taxonomy":"product_brand","embeddable":true,"href":"https:\/\/defabrica.com.mx\/defabrica\/wp-json\/wp\/v2\/product_brand?post=88911"},{"taxonomy":"product_cat","embeddable":true,"href":"https:\/\/defabrica.com.mx\/defabrica\/wp-json\/wp\/v2\/product_cat?post=88911"},{"taxonomy":"product_tag","embeddable":true,"href":"https:\/\/defabrica.com.mx\/defabrica\/wp-json\/wp\/v2\/product_tag?post=88911"}],"curies":[{"name":"wp","href":"https:\/\/api.w.org\/{rel}","templated":true}]}}