{"id":88907,"date":"2022-07-14T02:33:23","date_gmt":"2022-07-14T07:33:23","guid":{"rendered":"https:\/\/defabrica.com.mx\/defabrica\/?post_type=product&#038;p=88907"},"modified":"2023-01-18T13:12:32","modified_gmt":"2023-01-18T19:12:32","slug":"riders-republic-standard-edition-xbox-series-x","status":"publish","type":"product","link":"https:\/\/defabrica.com.mx\/defabrica\/producto\/riders-republic-standard-edition-xbox-series-x\/","title":{"rendered":"Riders Republic Standard Edition &#8211; Xbox Series X"},"content":{"rendered":"<div class=\"embedded-component-container lv product-description\">\n<div>\n<div id=\"shop-product-description-51408588\" class=\"_none\" data-version=\"1.3.45\">\n<div class=\"shop-product-description\">\n<section class=\"align-heading-left\" data-reactroot=\"\">\n<div class=\"long-description-container body-copy \">\n<div class=\"html-fragment\">El juego aprovecha Smart Delivery, lo que permite el acceso tanto al t\u00edtulo de Xbox One como al t\u00edtulo de Xbox Series X cuando est\u00e9 disponible.\u00a0\u00a1Sum\u00e9rgete en el campo de juego multijugador masivo de Riders Republic!\u00a0Tome su bicicleta, esqu\u00eds, tabla de snowboard o traje de alas y explore un para\u00edso deportivo de mundo abierto donde las reglas son suyas para hacerlas o romperlas.<\/div>\n<\/div>\n<\/section>\n<\/div>\n<\/div>\n<\/div>\n<\/div>\n<div class=\"embedded-component-container lv product-features\"><\/div>\n<div>\n<h3><\/h3>\n<h3 class=\"heading-5 v-fw-regular feature-heading\"><strong>Caracter\u00edsticas<\/strong><\/h3>\n<ul>\n<li><strong>Enfr\u00e9ntate a m\u00e1s de 50 jugadores simult\u00e1neamente en un campo multijugador masivo: m\u00e1s de 20 jugadores en Xbox One.<\/strong><\/li>\n<li><strong>Compite en una carrera de salida en masa total: \u00a1choca, mu\u00e9vete y lucha hasta llegar a la meta!<\/strong><\/li>\n<li><strong>Personaliza tu personaje para mostrar tu estilo a tus amigos o presentarte en la competencia.<\/strong><\/li>\n<li><strong>Vu\u00e9lvete loco en los ic\u00f3nicos parques nacionales de EE. UU. como Yosemite y Zion.<\/strong><\/li>\n<li><strong>Vu\u00e9lvete loco en las alturas de los ic\u00f3nicos parques nacionales de EE. UU. como Yosemite, Zion y Bryce Canyon.<\/strong><\/li>\n<\/ul>\n<\/div>\n","protected":false},"excerpt":{"rendered":"<p>El juego aprovecha Smart Delivery, lo que permite el acceso tanto al t\u00edtulo de Xbox One como al t\u00edtulo de Xbox Series X cuando est\u00e9 disponible.\u00a0\u00a1Sum\u00e9rgete en el campo de<\/p>\n","protected":false},"featured_media":88908,"comment_status":"open","ping_status":"closed","template":"","meta":{"_acf_changed":false,"_joinchat":[]},"product_brand":[],"product_cat":[1515,277,894],"product_tag":[],"class_list":{"0":"post-88907","1":"product","2":"type-product","3":"status-publish","4":"has-post-thumbnail","6":"product_cat-ofetas-zonagamer","7":"product_cat-zona-gamer","8":"product_cat-videojuegos","10":"first","11":"instock","12":"sale","13":"shipping-taxable","14":"purchasable","15":"product-type-simple"},"acf":[],"_links":{"self":[{"href":"https:\/\/defabrica.com.mx\/defabrica\/wp-json\/wp\/v2\/product\/88907","targetHints":{"allow":["GET"]}}],"collection":[{"href":"https:\/\/defabrica.com.mx\/defabrica\/wp-json\/wp\/v2\/product"}],"about":[{"href":"https:\/\/defabrica.com.mx\/defabrica\/wp-json\/wp\/v2\/types\/product"}],"replies":[{"embeddable":true,"href":"https:\/\/defabrica.com.mx\/defabrica\/wp-json\/wp\/v2\/comments?post=88907"}],"wp:featuredmedia":[{"embeddable":true,"href":"https:\/\/defabrica.com.mx\/defabrica\/wp-json\/wp\/v2\/media\/88908"}],"wp:attachment":[{"href":"https:\/\/defabrica.com.mx\/defabrica\/wp-json\/wp\/v2\/media?parent=88907"}],"wp:term":[{"taxonomy":"product_brand","embeddable":true,"href":"https:\/\/defabrica.com.mx\/defabrica\/wp-json\/wp\/v2\/product_brand?post=88907"},{"taxonomy":"product_cat","embeddable":true,"href":"https:\/\/defabrica.com.mx\/defabrica\/wp-json\/wp\/v2\/product_cat?post=88907"},{"taxonomy":"product_tag","embeddable":true,"href":"https:\/\/defabrica.com.mx\/defabrica\/wp-json\/wp\/v2\/product_tag?post=88907"}],"curies":[{"name":"wp","href":"https:\/\/api.w.org\/{rel}","templated":true}]}}