{"id":88898,"date":"2022-07-14T02:09:27","date_gmt":"2022-07-14T07:09:27","guid":{"rendered":"https:\/\/defabrica.com.mx\/defabrica\/?post_type=product&#038;p=88898"},"modified":"2023-01-18T13:11:27","modified_gmt":"2023-01-18T19:11:27","slug":"back-4-blood-ultimate-edition-playstation-4","status":"publish","type":"product","link":"https:\/\/defabrica.com.mx\/defabrica\/producto\/back-4-blood-ultimate-edition-playstation-4\/","title":{"rendered":"Back 4 Blood Ultimate Edition &#8211; PlayStation 4"},"content":{"rendered":"<div class=\"embedded-component-container lv product-description\">\n<div>\n<div id=\"shop-product-description-8387322\" class=\"_none\" data-version=\"1.3.45\">\n<div class=\"shop-product-description\">\n<section class=\"align-heading-left\" data-reactroot=\"\">\n<div class=\"long-description-container body-copy \">\n<div class=\"html-fragment\">Back 4 Blood es un shooter cooperativo en primera persona de los creadores de la aclamada franquicia Left 4 Dead.\u00a0Est\u00e1s en el centro de una guerra contra los Ridden.\u00a0Estos anfitriones de un par\u00e1sito mortal que alguna vez fueron humanos se han convertido en criaturas aterradoras empe\u00f1adas en devorar lo que queda de la civilizaci\u00f3n.\u00a0Con la extinci\u00f3n de la humanidad en peligro, depende de ti y de tus amigos llevar la lucha al enemigo, erradicar a los Ridden y recuperar el mundo.<\/div>\n<div>\n<h3><\/h3>\n<h3 class=\"heading-5 v-fw-regular feature-heading\"><strong>Caracter\u00edsticas<\/strong><\/h3>\n<ul>\n<li><strong>Compre Back 4 Blood: Ultimate Edition y obtenga:<\/strong><\/li>\n<li><strong>Juego base<\/strong><\/li>\n<li><strong>4 d\u00edas de acceso anticipado a Back 4 Blood<\/strong><\/li>\n<li><strong>Pase anual: tres pr\u00f3ximos lanzamientos de contenido descargable con nueva historia, personajes jugables, Special Mutated Ridden y m\u00e1s<\/strong><\/li>\n<li><strong>Pack de aspectos endurecidos para la batalla de 4 personajes<\/strong><\/li>\n<li><strong>Elementos digitales adicionales en el juego: estandarte raro, emblema, spray, t\u00edtulo<\/strong><\/li>\n<\/ul>\n<\/div>\n<\/div>\n<\/section>\n<\/div>\n<\/div>\n<\/div>\n<\/div>\n","protected":false},"excerpt":{"rendered":"<p>Back 4 Blood es un shooter cooperativo en primera persona de los creadores de la aclamada franquicia Left 4 Dead.\u00a0Est\u00e1s en el centro de una guerra contra los Ridden.\u00a0Estos anfitriones<\/p>\n","protected":false},"featured_media":88899,"comment_status":"open","ping_status":"closed","template":"","meta":{"_acf_changed":false,"_joinchat":[]},"product_brand":[],"product_cat":[1515,277,894],"product_tag":[],"class_list":{"0":"post-88898","1":"product","2":"type-product","3":"status-publish","4":"has-post-thumbnail","6":"product_cat-ofetas-zonagamer","7":"product_cat-zona-gamer","8":"product_cat-videojuegos","10":"first","11":"instock","12":"sale","13":"shipping-taxable","14":"purchasable","15":"product-type-simple"},"acf":[],"_links":{"self":[{"href":"https:\/\/defabrica.com.mx\/defabrica\/wp-json\/wp\/v2\/product\/88898","targetHints":{"allow":["GET"]}}],"collection":[{"href":"https:\/\/defabrica.com.mx\/defabrica\/wp-json\/wp\/v2\/product"}],"about":[{"href":"https:\/\/defabrica.com.mx\/defabrica\/wp-json\/wp\/v2\/types\/product"}],"replies":[{"embeddable":true,"href":"https:\/\/defabrica.com.mx\/defabrica\/wp-json\/wp\/v2\/comments?post=88898"}],"wp:featuredmedia":[{"embeddable":true,"href":"https:\/\/defabrica.com.mx\/defabrica\/wp-json\/wp\/v2\/media\/88899"}],"wp:attachment":[{"href":"https:\/\/defabrica.com.mx\/defabrica\/wp-json\/wp\/v2\/media?parent=88898"}],"wp:term":[{"taxonomy":"product_brand","embeddable":true,"href":"https:\/\/defabrica.com.mx\/defabrica\/wp-json\/wp\/v2\/product_brand?post=88898"},{"taxonomy":"product_cat","embeddable":true,"href":"https:\/\/defabrica.com.mx\/defabrica\/wp-json\/wp\/v2\/product_cat?post=88898"},{"taxonomy":"product_tag","embeddable":true,"href":"https:\/\/defabrica.com.mx\/defabrica\/wp-json\/wp\/v2\/product_tag?post=88898"}],"curies":[{"name":"wp","href":"https:\/\/api.w.org\/{rel}","templated":true}]}}