{"id":88880,"date":"2022-07-14T01:55:51","date_gmt":"2022-07-14T06:55:51","guid":{"rendered":"https:\/\/defabrica.com.mx\/defabrica\/?post_type=product&#038;p=88880"},"modified":"2023-01-18T13:10:45","modified_gmt":"2023-01-18T19:10:45","slug":"lego-star-wars-the-skywalker-saga-edicion-estandar-nintendo-switch-nintendo-switch-lite","status":"publish","type":"product","link":"https:\/\/defabrica.com.mx\/defabrica\/producto\/lego-star-wars-the-skywalker-saga-edicion-estandar-nintendo-switch-nintendo-switch-lite\/","title":{"rendered":"LEGO Star Wars: The Skywalker Saga Edici\u00f3n Est\u00e1ndar &#8211; Nintendo Switch, Nintendo Switch Lite"},"content":{"rendered":"<div class=\"embedded-component-container lv product-description\">\n<div id=\"shop-product-description-23129848\" class=\"_none\" data-version=\"1.3.45\">\n<div class=\"shop-product-description\">\n<section class=\"align-heading-left\" data-reactroot=\"\">\n<div class=\"long-description-container body-copy \">\n<div class=\"html-fragment\">La galaxia es tuya en LEGO Star Wars: The Skywalker Saga.\u00a0En este nuevo juego, los jugadores experimentar\u00e1n momentos memorables y acci\u00f3n ininterrumpida de las nueve pel\u00edculas de la saga Skywalker reinventadas con el humor caracter\u00edstico de LEGO.\u00a0El juego sumergir\u00e1 a los jugadores en la saga expansiva con la libertad de controlar cientos de personajes, barcos y veh\u00edculos para crear su propio viaje \u00fanico a trav\u00e9s de la galaxia.<\/div>\n<\/div>\n<\/section>\n<div>\n<h3 class=\"heading-5 v-fw-regular feature-heading\"><strong>Caracter\u00edsticas<\/strong><\/h3>\n<div class=\"list-row\">\n<ul>\n<li><strong>Explore las trilog\u00edas en cualquier orden: los jugadores revivir\u00e1n la historia \u00e9pica de las nueve pel\u00edculas de Skywalker Saga, y todo comienza con la elecci\u00f3n de la trilog\u00eda de su elecci\u00f3n para comenzar el viaje.<\/strong><\/li>\n<li><strong>Juega como h\u00e9roes y villanos ic\u00f3nicos: hay m\u00e1s de 300 personajes jugables de toda la galaxia.<\/strong><\/li>\n<li><strong>Los jugadores pueden visitar lugares conocidos de sus pel\u00edculas favoritas de Star Wars, como las mesetas de Geonosis, los pantanos de Dagobah y las salinas de Crait.<\/strong><\/li>\n<li><strong>Hay m\u00e1s de 100 veh\u00edculos de toda la galaxia para comandar. Los jugadores pueden saltar a la velocidad de la luz en el Halc\u00f3n Milenario para escapar de las naves estelares imperiales, luchar contra los cazas TIE de la Primera Orden en Alas-X de la Resistencia o competir en vainas en Tatooine.<\/strong><\/li>\n<li><strong>Los jugadores pueden experimentar batallas como nunca antes en un juego de LEGO al unir diferentes ataques para formar cadenas combinadas y defenderse de los ataques que se aproximan.<\/strong><\/li>\n<li><strong>La exploraci\u00f3n recompensa a los jugadores a medida que descubren Kyber Bricks que desbloquean nuevas funciones y habilidades mejoradas en una variedad de clases de personajes, incluidos Jedi, Hero, Dark Side, Villain, Scavenger, Scoundrel, Bounty Hunter, Astromech Droid y Protocol Droid.<\/strong><\/li>\n<li><strong>Los fan\u00e1ticos de todas las generaciones pueden jugar juntos y experimentar toda la saga contada con el nuevo y divertido humor de LEGO.<\/strong><\/li>\n<\/ul>\n<\/div>\n<div class=\"feature-body-container\">\n<div class=\"features-list-container\">\n<div class=\"features-list all-features\">\n<div class=\"list-row\"><\/div>\n<\/div>\n<\/div>\n<\/div>\n<\/div>\n<\/div>\n<\/div>\n<\/div>\n","protected":false},"excerpt":{"rendered":"<p>La galaxia es tuya en LEGO Star Wars: The Skywalker Saga.\u00a0En este nuevo juego, los jugadores experimentar\u00e1n momentos memorables y acci\u00f3n ininterrumpida de las nueve pel\u00edculas de la saga Skywalker<\/p>\n","protected":false},"featured_media":88885,"comment_status":"open","ping_status":"closed","template":"","meta":{"_acf_changed":false,"_joinchat":[]},"product_brand":[],"product_cat":[1515,277,894],"product_tag":[],"class_list":{"0":"post-88880","1":"product","2":"type-product","3":"status-publish","4":"has-post-thumbnail","6":"product_cat-ofetas-zonagamer","7":"product_cat-zona-gamer","8":"product_cat-videojuegos","10":"first","11":"instock","12":"sale","13":"shipping-taxable","14":"purchasable","15":"product-type-simple"},"acf":[],"_links":{"self":[{"href":"https:\/\/defabrica.com.mx\/defabrica\/wp-json\/wp\/v2\/product\/88880","targetHints":{"allow":["GET"]}}],"collection":[{"href":"https:\/\/defabrica.com.mx\/defabrica\/wp-json\/wp\/v2\/product"}],"about":[{"href":"https:\/\/defabrica.com.mx\/defabrica\/wp-json\/wp\/v2\/types\/product"}],"replies":[{"embeddable":true,"href":"https:\/\/defabrica.com.mx\/defabrica\/wp-json\/wp\/v2\/comments?post=88880"}],"wp:featuredmedia":[{"embeddable":true,"href":"https:\/\/defabrica.com.mx\/defabrica\/wp-json\/wp\/v2\/media\/88885"}],"wp:attachment":[{"href":"https:\/\/defabrica.com.mx\/defabrica\/wp-json\/wp\/v2\/media?parent=88880"}],"wp:term":[{"taxonomy":"product_brand","embeddable":true,"href":"https:\/\/defabrica.com.mx\/defabrica\/wp-json\/wp\/v2\/product_brand?post=88880"},{"taxonomy":"product_cat","embeddable":true,"href":"https:\/\/defabrica.com.mx\/defabrica\/wp-json\/wp\/v2\/product_cat?post=88880"},{"taxonomy":"product_tag","embeddable":true,"href":"https:\/\/defabrica.com.mx\/defabrica\/wp-json\/wp\/v2\/product_tag?post=88880"}],"curies":[{"name":"wp","href":"https:\/\/api.w.org\/{rel}","templated":true}]}}