{"id":88872,"date":"2022-07-14T00:29:17","date_gmt":"2022-07-14T05:29:17","guid":{"rendered":"https:\/\/defabrica.com.mx\/defabrica\/?post_type=product&#038;p=88872"},"modified":"2023-01-18T13:10:25","modified_gmt":"2023-01-18T19:10:25","slug":"edicion-juego-del-ano-de-marvels-spider-man-playstation-4-playstation-5","status":"publish","type":"product","link":"https:\/\/defabrica.com.mx\/defabrica\/producto\/edicion-juego-del-ano-de-marvels-spider-man-playstation-4-playstation-5\/","title":{"rendered":"Edici\u00f3n Juego del a\u00f1o de Marvel&#8217;s Spider-Man &#8211; PlayStation 4, PlayStation 5"},"content":{"rendered":"<div class=\"embedded-component-container lv product-description\">\n<div id=\"shop-product-description-45529215\" class=\"_none\" data-version=\"1.3.45\">\n<div class=\"shop-product-description\">\n<section class=\"align-heading-left\" data-reactroot=\"\">\n<div class=\"long-description-container body-copy \">\n<div class=\"html-fragment\">Experimente la edici\u00f3n Juego del a\u00f1o de Marvel&#8217;s Spider-Man, que incluye el juego completo, adem\u00e1s de Marvel&#8217;s Spider-Man: The City That Never Sleeps, el contenido descargable completo del arco de la historia (el contenido descargable de Marvel&#8217;s Spider-Man: The City That Never Sleeps se proporciona a trav\u00e9s de c\u00f3digo de cup\u00f3n para descargar contenido. El cup\u00f3n vence el 28 de agosto de 2022).<\/div>\n<div>\n<h3><\/h3>\n<h3 class=\"heading-5 v-fw-regular feature-heading\"><strong>Caracter\u00edsticas<\/strong><\/h3>\n<ul>\n<li><strong>Siente todo el poder de Spider-Man con combates de improvisaci\u00f3n, acrobacias din\u00e1micas, recorridos urbanos fluidos e interacciones ambientales.<\/strong><\/li>\n<li><strong>Ya no es un novato, este es uno de los juegos de Spider-Man m\u00e1s magistrales que jam\u00e1s haya jugado.<\/strong><\/li>\n<li><strong>La Gran Manzana cobra vida como el mundo m\u00e1s expansivo e interactivo<\/strong><\/li>\n<li><strong>Recorra los barrios vibrantes y disfrute de las impresionantes vistas de los puntos de referencia de Manhattan<\/strong><\/li>\n<li><strong>Usa el entorno para derrotar a los villanos con derribos \u00e9picos en una verdadera acci\u00f3n de gran \u00e9xito.<\/strong><\/li>\n<li><strong>Disfruta de la ciudad que nunca duerme<\/strong><\/li>\n<li><strong>Obtenga acceso a cap\u00edtulos de tres historias que incluyen una nueva historia completa y expansiva<\/strong><\/li>\n<\/ul>\n<\/div>\n<\/div>\n<\/section>\n<\/div>\n<\/div>\n<\/div>\n","protected":false},"excerpt":{"rendered":"<p>Experimente la edici\u00f3n Juego del a\u00f1o de Marvel&#8217;s Spider-Man, que incluye el juego completo, adem\u00e1s de Marvel&#8217;s Spider-Man: The City That Never Sleeps, el contenido descargable completo del arco de<\/p>\n","protected":false},"featured_media":88873,"comment_status":"open","ping_status":"closed","template":"","meta":{"_acf_changed":false,"_joinchat":[]},"product_brand":[],"product_cat":[277,894],"product_tag":[],"class_list":{"0":"post-88872","1":"product","2":"type-product","3":"status-publish","4":"has-post-thumbnail","6":"product_cat-zona-gamer","7":"product_cat-videojuegos","9":"first","10":"instock","11":"sale","12":"shipping-taxable","13":"purchasable","14":"product-type-simple"},"acf":[],"_links":{"self":[{"href":"https:\/\/defabrica.com.mx\/defabrica\/wp-json\/wp\/v2\/product\/88872","targetHints":{"allow":["GET"]}}],"collection":[{"href":"https:\/\/defabrica.com.mx\/defabrica\/wp-json\/wp\/v2\/product"}],"about":[{"href":"https:\/\/defabrica.com.mx\/defabrica\/wp-json\/wp\/v2\/types\/product"}],"replies":[{"embeddable":true,"href":"https:\/\/defabrica.com.mx\/defabrica\/wp-json\/wp\/v2\/comments?post=88872"}],"wp:featuredmedia":[{"embeddable":true,"href":"https:\/\/defabrica.com.mx\/defabrica\/wp-json\/wp\/v2\/media\/88873"}],"wp:attachment":[{"href":"https:\/\/defabrica.com.mx\/defabrica\/wp-json\/wp\/v2\/media?parent=88872"}],"wp:term":[{"taxonomy":"product_brand","embeddable":true,"href":"https:\/\/defabrica.com.mx\/defabrica\/wp-json\/wp\/v2\/product_brand?post=88872"},{"taxonomy":"product_cat","embeddable":true,"href":"https:\/\/defabrica.com.mx\/defabrica\/wp-json\/wp\/v2\/product_cat?post=88872"},{"taxonomy":"product_tag","embeddable":true,"href":"https:\/\/defabrica.com.mx\/defabrica\/wp-json\/wp\/v2\/product_tag?post=88872"}],"curies":[{"name":"wp","href":"https:\/\/api.w.org\/{rel}","templated":true}]}}