{"id":88865,"date":"2022-07-14T00:14:15","date_gmt":"2022-07-14T05:14:15","guid":{"rendered":"https:\/\/defabrica.com.mx\/defabrica\/?post_type=product&#038;p=88865"},"modified":"2023-01-18T13:09:57","modified_gmt":"2023-01-18T19:09:57","slug":"rune-factory-5-nintendo-switch","status":"publish","type":"product","link":"https:\/\/defabrica.com.mx\/defabrica\/producto\/rune-factory-5-nintendo-switch\/","title":{"rendered":"Rune Factory 5 &#8211; Nintendo Switch"},"content":{"rendered":"<p>En la tranquila ciudad fronteriza de Rigbarth, se est\u00e1n desarrollando misteriosos eventos que afectan las runas que gobiernan el equilibrio entre la humanidad y la naturaleza.\u00a0Como el guardabosques m\u00e1s nuevo de la organizaci\u00f3n de mantenimiento de la paz, SEED, protege la ciudad fronteriza reuniendo monstruos alborotadores con tu sello de hechizo oficial emitido por SEED.\u00a0Cuando no est\u00e9s en una misi\u00f3n, trabaja con la gente de Rigbarth para ayudar a la ciudad a prosperar a trav\u00e9s de la agricultura, los festivales y las amistades.<\/p>\n<h3 class=\"heading-5 v-fw-regular feature-heading\"><strong>Caracter\u00edsticas<\/strong><\/h3>\n<ul>\n<li><strong>Combate RPG de acci\u00f3n de ritmo r\u00e1pido<\/strong><br \/>\nAvent\u00farate en la vasta y vibrante naturaleza con amigos de Rigbarth a tu lado para desbloquear poderosos y elegantes ataques de enlace que fomentan el trabajo en equipo y la estrategia.<\/li>\n<li><strong>La agricultura de fantas\u00eda llevada a nuevas alturas<\/strong><br \/>\n\u00a1Domestica a los monstruos para que te sirvan como peones \u00fatiles mientras cultivas una gran variedad de cultivos a lomos de dragones!<\/li>\n<li><strong>Rel\u00e1jate en tu nuevo hogar<\/strong><br \/>\nT\u00f3mese un tiempo de su aventura para disfrutar del ritmo m\u00e1s tranquilo de la vida de la ciudad. Compite en concursos de cocina, artesan\u00eda y pesca o invita a tu amor a que se una a ti para observar las estrellas durante uno de los muchos festivales de temporada de Rigbarth.<\/li>\n<li><strong>Encuentra a tu persona especial<\/strong><br \/>\nForja amistades y conoce a los candidatos a matrimonio elegibles de Rigbarth completando su historia \u00fanica. \u00a1Enam\u00f3rate, haz la pregunta e incluso forma una familia!<\/li>\n<\/ul>\n","protected":false},"excerpt":{"rendered":"<p>En la tranquila ciudad fronteriza de Rigbarth, se est\u00e1n desarrollando misteriosos eventos que afectan las runas que gobiernan el equilibrio entre la humanidad y la naturaleza.\u00a0Como el guardabosques m\u00e1s nuevo<\/p>\n","protected":false},"featured_media":88867,"comment_status":"open","ping_status":"closed","template":"","meta":{"_acf_changed":false,"_joinchat":[]},"product_brand":[],"product_cat":[277,894],"product_tag":[],"class_list":{"0":"post-88865","1":"product","2":"type-product","3":"status-publish","4":"has-post-thumbnail","6":"product_cat-zona-gamer","7":"product_cat-videojuegos","9":"first","10":"instock","11":"sale","12":"shipping-taxable","13":"purchasable","14":"product-type-simple"},"acf":[],"_links":{"self":[{"href":"https:\/\/defabrica.com.mx\/defabrica\/wp-json\/wp\/v2\/product\/88865","targetHints":{"allow":["GET"]}}],"collection":[{"href":"https:\/\/defabrica.com.mx\/defabrica\/wp-json\/wp\/v2\/product"}],"about":[{"href":"https:\/\/defabrica.com.mx\/defabrica\/wp-json\/wp\/v2\/types\/product"}],"replies":[{"embeddable":true,"href":"https:\/\/defabrica.com.mx\/defabrica\/wp-json\/wp\/v2\/comments?post=88865"}],"wp:featuredmedia":[{"embeddable":true,"href":"https:\/\/defabrica.com.mx\/defabrica\/wp-json\/wp\/v2\/media\/88867"}],"wp:attachment":[{"href":"https:\/\/defabrica.com.mx\/defabrica\/wp-json\/wp\/v2\/media?parent=88865"}],"wp:term":[{"taxonomy":"product_brand","embeddable":true,"href":"https:\/\/defabrica.com.mx\/defabrica\/wp-json\/wp\/v2\/product_brand?post=88865"},{"taxonomy":"product_cat","embeddable":true,"href":"https:\/\/defabrica.com.mx\/defabrica\/wp-json\/wp\/v2\/product_cat?post=88865"},{"taxonomy":"product_tag","embeddable":true,"href":"https:\/\/defabrica.com.mx\/defabrica\/wp-json\/wp\/v2\/product_tag?post=88865"}],"curies":[{"name":"wp","href":"https:\/\/api.w.org\/{rel}","templated":true}]}}