{"id":88848,"date":"2022-07-13T23:50:53","date_gmt":"2022-07-14T04:50:53","guid":{"rendered":"https:\/\/defabrica.com.mx\/defabrica\/?post_type=product&#038;p=88848"},"modified":"2023-01-18T13:09:15","modified_gmt":"2023-01-18T19:09:15","slug":"mario-strikers-battle-league-nintendo-switch-oled-model-nintendo-switch-nintendo-switch-lite","status":"publish","type":"product","link":"https:\/\/defabrica.com.mx\/defabrica\/producto\/mario-strikers-battle-league-nintendo-switch-oled-model-nintendo-switch-nintendo-switch-lite\/","title":{"rendered":"Mario Strikers: Battle League &#8211; Nintendo Switch (OLED Model), Nintendo Switch, Nintendo Switch Lite"},"content":{"rendered":"<p>Aborda, pasa y marca en el f\u00fatbol de batalla con la pandilla Mushroom Kingdom\u00a0Presentamos Strike, un deporte de 5 contra 5 similar al f\u00fatbol sin reglas: \u00a1haz lo que sea necesario para ganar!\u00a0Ponte valiente y trata de marcar la mayor cantidad de goles al enfrentarte a los enemigos y realizar Hyper Strikes que aumentan la puntuaci\u00f3n.\u00a0Los pilares de la serie Super Mario como Peach, Toad y Yoshi ponen sus tacos (y estad\u00edsticas) en el campo y no se detendr\u00e1n ante nada para anotar&#8230; incluso si eso significa ponerse un poco duro.<\/p>\n<h3 class=\"heading-5 v-fw-regular feature-heading\"><strong>Caracter\u00edsticas<\/strong><\/h3>\n<div class=\"list-row\"><\/div>\n<div class=\"list-row\">\n<ul>\n<li><strong>\u00a1Ataque, pase y anote en Strike, un deporte de 5 contra 5 donde todo vale!<\/strong><\/li>\n<li><strong>No hay reglas: usa tacleadas, Hyper Strikes y elementos para anotar y mostrar a tus oponentes qui\u00e9n es el jefe.<\/strong><\/li>\n<li><strong>Equipa equipo para aumentar tus estad\u00edsticas para que se ajusten a tu estrategia.<\/strong><\/li>\n<li><strong>Hasta 8 jugadores pueden jugar juntos en el mismo sistema, utilizando la conexi\u00f3n inal\u00e1mbrica local** o en l\u00ednea* en partidos individuales<\/strong><\/li>\n<li><strong>Hasta 20 jugadores pueden unirse a un Strikers Club en l\u00ednea* y ganar puntos para su equipo e intentar ser el mejor club cada temporada.<\/strong><\/li>\n<li><strong>Personaliza el estadio que representa a tu Strikers Club con goles, accesorios y m\u00e1s<\/strong><\/li>\n<li><strong>4 jugadores** pueden formar un equipo en el mismo sistema y participar en un torneo contra jugadores de la CPU<\/strong><\/li>\n<\/ul>\n<\/div>\n","protected":false},"excerpt":{"rendered":"<p>Aborda, pasa y marca en el f\u00fatbol de batalla con la pandilla Mushroom Kingdom\u00a0Presentamos Strike, un deporte de 5 contra 5 similar al f\u00fatbol sin reglas: \u00a1haz lo que sea<\/p>\n","protected":false},"featured_media":88851,"comment_status":"open","ping_status":"closed","template":"","meta":{"_acf_changed":false,"_joinchat":[]},"product_brand":[],"product_cat":[277,894],"product_tag":[],"class_list":{"0":"post-88848","1":"product","2":"type-product","3":"status-publish","4":"has-post-thumbnail","6":"product_cat-zona-gamer","7":"product_cat-videojuegos","9":"first","10":"instock","11":"sale","12":"shipping-taxable","13":"purchasable","14":"product-type-simple"},"acf":[],"_links":{"self":[{"href":"https:\/\/defabrica.com.mx\/defabrica\/wp-json\/wp\/v2\/product\/88848","targetHints":{"allow":["GET"]}}],"collection":[{"href":"https:\/\/defabrica.com.mx\/defabrica\/wp-json\/wp\/v2\/product"}],"about":[{"href":"https:\/\/defabrica.com.mx\/defabrica\/wp-json\/wp\/v2\/types\/product"}],"replies":[{"embeddable":true,"href":"https:\/\/defabrica.com.mx\/defabrica\/wp-json\/wp\/v2\/comments?post=88848"}],"wp:featuredmedia":[{"embeddable":true,"href":"https:\/\/defabrica.com.mx\/defabrica\/wp-json\/wp\/v2\/media\/88851"}],"wp:attachment":[{"href":"https:\/\/defabrica.com.mx\/defabrica\/wp-json\/wp\/v2\/media?parent=88848"}],"wp:term":[{"taxonomy":"product_brand","embeddable":true,"href":"https:\/\/defabrica.com.mx\/defabrica\/wp-json\/wp\/v2\/product_brand?post=88848"},{"taxonomy":"product_cat","embeddable":true,"href":"https:\/\/defabrica.com.mx\/defabrica\/wp-json\/wp\/v2\/product_cat?post=88848"},{"taxonomy":"product_tag","embeddable":true,"href":"https:\/\/defabrica.com.mx\/defabrica\/wp-json\/wp\/v2\/product_tag?post=88848"}],"curies":[{"name":"wp","href":"https:\/\/api.w.org\/{rel}","templated":true}]}}