{"id":88839,"date":"2022-07-13T21:44:09","date_gmt":"2022-07-14T02:44:09","guid":{"rendered":"https:\/\/defabrica.com.mx\/defabrica\/?post_type=product&#038;p=88839"},"modified":"2023-01-18T13:25:00","modified_gmt":"2023-01-18T19:25:00","slug":"razer-blackwidow-v3-tkl-wired-mechanical-green-clicky-touch-switch-teclado-para-juegos-con-retroiluminacion-chroma-rgb-negro","status":"publish","type":"product","link":"https:\/\/defabrica.com.mx\/defabrica\/producto\/razer-blackwidow-v3-tkl-wired-mechanical-green-clicky-touch-switch-teclado-para-juegos-con-retroiluminacion-chroma-rgb-negro\/","title":{"rendered":"Razer &#8211; BlackWidow V3 TKL Wired Mechanical Green Clicky Touch Switch Teclado para juegos con retroiluminaci\u00f3n Chroma RGB &#8211; Negro"},"content":{"rendered":"<div class=\"embedded-component-container lv product-description\">\n<div>\n<div id=\"shop-product-description-22174352\" class=\"_none\" data-version=\"1.3.45\">\n<div class=\"shop-product-description\">\n<section class=\"align-heading-left\" data-reactroot=\"\">\n<div class=\"long-description-container body-copy \">\n<div class=\"html-fragment\">SIENTE LA DIFERENCIA.\u00a0Rendimiento medio en una forma m\u00e1s \u00e1gil: ingrese el Razer BlackWidow V3 Tenkeyless.\u00a0Continuando con un legado ic\u00f3nico, este teclado compacto para juegos est\u00e1 armado con nuestros interruptores mec\u00e1nicos Razer de renombre mundial y funciona con Razer Chroma RGB, para un nivel de precisi\u00f3n y personalizaci\u00f3n querido por los jugadores de todo el mundo.<\/div>\n<\/div>\n<\/section>\n<\/div>\n<\/div>\n<\/div>\n<\/div>\n<div class=\"embedded-component-container lv product-features\">\n<h3><\/h3>\n<h3 class=\"heading-5 v-fw-regular feature-heading\"><strong>Caracter\u00edsticas<\/strong><\/h3>\n<ul>\n<li><strong>Interruptores mec\u00e1nicos Razer Green para una ejecuci\u00f3n precisa con una sensaci\u00f3n t\u00e1ctil<\/strong><br \/>\nEscuche y sienta los comentarios satisfactorios en cada pulsaci\u00f3n de tecla que haga, con un dise\u00f1o cl\u00e1sico que ofrece puntos de actuaci\u00f3n y reinicio optimizados para un mejor rendimiento cuando juega.<\/li>\n<li><strong>Factor de forma compacto para una configuraci\u00f3n optimizada<\/strong><br \/>\nEl dise\u00f1o sin llave permite un posicionamiento m\u00e1s f\u00e1cil para obtener la configuraci\u00f3n correcta y es ideal para los jugadores que prefieren un escritorio minimalista.<\/li>\n<li><strong>Opciones de enrutamiento de cables para facilitar la gesti\u00f3n de cables<\/strong><br \/>\nEl teclado est\u00e1 dise\u00f1ado con ranuras que le permiten meter el cable con cuidado y sacarlo en cualquier direcci\u00f3n, para que pueda mantener su escritorio libre de desorden y desorden.<\/li>\n<li><strong>Teclas totalmente programables para perfiles personalizados, combinaciones de teclas y macros<\/strong><br \/>\nHaga que su ejecuci\u00f3n y juego sean m\u00e1s eficientes asignando sus funciones deseadas a trav\u00e9s de Razer Synapse 3, y ajuste el teclado para que se adapte a su estilo de juego creando y guardando perfiles y macros \u00fanicos.<\/li>\n<li><strong>Vida \u00fatil de 80 millones de pulsaciones de teclas para una mayor durabilidad<\/strong><br \/>\nDisfrute de un nivel de confiabilidad adecuado para juegos competitivos, con un dise\u00f1o equipado para manejar un uso intenso y regular.<\/li>\n<li><strong>Desarrollado por Razer Chroma RGB para una iluminaci\u00f3n personalizable y una mayor inmersi\u00f3n en el juego<\/strong><br \/>\nCon 16,8 millones de colores y un conjunto de efectos para elegir, personalice el teclado y disfrute de una mayor inmersi\u00f3n con efectos de iluminaci\u00f3n din\u00e1micos que se activan mientras juega en t\u00edtulos integrados con Chroma.<\/li>\n<\/ul>\n<\/div>\n","protected":false},"excerpt":{"rendered":"<p>SIENTE LA DIFERENCIA.\u00a0Rendimiento medio en una forma m\u00e1s \u00e1gil: ingrese el Razer BlackWidow V3 Tenkeyless.\u00a0Continuando con un legado ic\u00f3nico, este teclado compacto para juegos est\u00e1 armado con nuestros interruptores mec\u00e1nicos<\/p>\n","protected":false},"featured_media":88841,"comment_status":"open","ping_status":"closed","template":"","meta":{"_acf_changed":false,"_joinchat":[]},"product_brand":[],"product_cat":[277,280,434],"product_tag":[],"class_list":{"0":"post-88839","1":"product","2":"type-product","3":"status-publish","4":"has-post-thumbnail","6":"product_cat-zona-gamer","7":"product_cat-pc-gaming","8":"product_cat-mouse-y-teclado-gamer","10":"first","11":"instock","12":"sale","13":"shipping-taxable","14":"purchasable","15":"product-type-simple"},"acf":[],"_links":{"self":[{"href":"https:\/\/defabrica.com.mx\/defabrica\/wp-json\/wp\/v2\/product\/88839","targetHints":{"allow":["GET"]}}],"collection":[{"href":"https:\/\/defabrica.com.mx\/defabrica\/wp-json\/wp\/v2\/product"}],"about":[{"href":"https:\/\/defabrica.com.mx\/defabrica\/wp-json\/wp\/v2\/types\/product"}],"replies":[{"embeddable":true,"href":"https:\/\/defabrica.com.mx\/defabrica\/wp-json\/wp\/v2\/comments?post=88839"}],"wp:featuredmedia":[{"embeddable":true,"href":"https:\/\/defabrica.com.mx\/defabrica\/wp-json\/wp\/v2\/media\/88841"}],"wp:attachment":[{"href":"https:\/\/defabrica.com.mx\/defabrica\/wp-json\/wp\/v2\/media?parent=88839"}],"wp:term":[{"taxonomy":"product_brand","embeddable":true,"href":"https:\/\/defabrica.com.mx\/defabrica\/wp-json\/wp\/v2\/product_brand?post=88839"},{"taxonomy":"product_cat","embeddable":true,"href":"https:\/\/defabrica.com.mx\/defabrica\/wp-json\/wp\/v2\/product_cat?post=88839"},{"taxonomy":"product_tag","embeddable":true,"href":"https:\/\/defabrica.com.mx\/defabrica\/wp-json\/wp\/v2\/product_tag?post=88839"}],"curies":[{"name":"wp","href":"https:\/\/api.w.org\/{rel}","templated":true}]}}