{"id":88681,"date":"2022-07-11T22:56:50","date_gmt":"2022-07-12T03:56:50","guid":{"rendered":"https:\/\/defabrica.com.mx\/defabrica\/?post_type=product&#038;p=88681"},"modified":"2022-07-18T14:20:09","modified_gmt":"2022-07-18T19:20:09","slug":"samsung-galaxy-watch-active2-edicion-under-armour-smartwatch-40-mm-aluminio-negro-aguamarina","status":"publish","type":"product","link":"https:\/\/defabrica.com.mx\/defabrica\/producto\/samsung-galaxy-watch-active2-edicion-under-armour-smartwatch-40-mm-aluminio-negro-aguamarina\/","title":{"rendered":"Samsung &#8211; Galaxy Watch Active2 Edici\u00f3n Under Armour Smartwatch 40 mm Aluminio &#8211; Negro aguamarina"},"content":{"rendered":"<p><span>Envuelve tu mu\u00f1eca en este reloj inteligente Samsung Galaxy Active2 Under Armour para realizar un seguimiento de tus objetivos de fitness.\u00a0<\/span><span>La informaci\u00f3n en tiempo real brinda informaci\u00f3n valiosa sobre todo, desde los tiempos de vuelta hasta las series completadas, y MapMyRun lo ayuda a aprovechar al m\u00e1ximo sus trotes diarios con planes de entrenamiento y consejos de entrenamiento.\u00a0<\/span><\/p>\n<h3 class=\"heading-5 v-fw-regular feature-heading\"><strong>Caracter\u00edsticas<\/strong><\/h3>\n<ul>\n<li><strong>Compatible con Android o iOS<\/strong><br \/>\nLa edici\u00f3n Galaxy Watch Active2 Under Armour se vincula con dispositivos compatibles con Android e iOS.\u00b9<\/li>\n<li><strong>Mejores conocimientos para alcanzar sus objetivos de fitness<\/strong><br \/>\nEste reloj inteligente realiza un seguimiento autom\u00e1tico de sus actividades m\u00e1s populares, desde ciclismo hasta nataci\u00f3n. Tambi\u00e9n puede iniciar manualmente el seguimiento de ejercicios adicionales, para que su reloj trabaje m\u00e1s por usted.<\/li>\n<li><strong>Monitoreo de la salud del coraz\u00f3n<\/strong><br \/>\nVea si su ritmo card\u00edaco est\u00e1 donde lo desea con Active2. Recibir\u00e1s una alerta si tu reloj detecta una frecuencia card\u00edaca alta o baja.\u00b2<\/li>\n<li><strong>Control del sue\u00f1o y el estr\u00e9s<\/strong><br \/>\nSu rastreador de sue\u00f1o incorporado ofrece informaci\u00f3n valiosa sobre c\u00f3mo dormir mejor por la noche. Tambi\u00e9n controla tu nivel de estr\u00e9s y te ayuda a volver a centrarte con la aplicaci\u00f3n Calm integrada.\u00b2<\/li>\n<li><strong>Obtenga entrenamiento de formularios en tiempo real<\/strong><br \/>\nMientras corres, ver\u00e1s y escuchar\u00e1s consejos personalizados y actualizaciones que har\u00e1n que correr sea m\u00e1s f\u00e1cil y te ayudar\u00e1n a reducir el riesgo o las lesiones.<\/li>\n<li><strong>Con\u00e9ctate a las zapatillas de running UA<\/strong><br \/>\nSe combina a la perfecci\u00f3n con todos los zapatos para correr conectados digitalmente de UA para desbloquear informaci\u00f3n a\u00fan m\u00e1s profunda, como la longitud de la zancada, para ayudarlo a seguir afinando su forma.<\/li>\n<li><strong>Convi\u00e9rtase en un MVP de UA MapMyRun<\/strong><br \/>\nObtenga una membres\u00eda gratuita de 6 meses para UA MapMyRun MVP: no hay anuncios, solo funciones de capacitaci\u00f3n premium.<\/li>\n<li><strong>Sigue tus entrenamientos<\/strong><br \/>\nVea estad\u00edsticas en vivo como cadencia, ritmo, distancia, frecuencia card\u00edaca y calor\u00edas quemadas de un vistazo.<\/li>\n<li><strong>Establecer nuevos r\u00e9cords<\/strong><br \/>\nEstablezca un objetivo de distancia, duraci\u00f3n o ritmo al comienzo de su entrenamiento directamente desde su reloj.<\/li>\n<li><strong>C\u00f3modamente elegante<\/strong><br \/>\nEl dise\u00f1o delgado y liviano de Active2 le permite adaptarse a cualquier momento y ocasi\u00f3n, desde hacer ejercicio hasta dormir hasta tarde.<\/li>\n<li><strong>Mantente al tanto de todo<\/strong><br \/>\nTransmita Spotify y YouTube, obtenga ayuda r\u00e1pida con Google Translate, haga y reciba llamadas con un micr\u00f3fono incorporado o sus auriculares, y env\u00ede mensajes de texto con voz o respuestas personalizables.<\/li>\n<\/ul>\n","protected":false},"excerpt":{"rendered":"<p>Envuelve tu mu\u00f1eca en este reloj inteligente Samsung Galaxy Active2 Under Armour para realizar un seguimiento de tus objetivos de fitness.\u00a0La informaci\u00f3n en tiempo real brinda informaci\u00f3n valiosa sobre todo,<\/p>\n","protected":false},"featured_media":88682,"comment_status":"open","ping_status":"closed","template":"","meta":{"_acf_changed":false,"_joinchat":[]},"product_brand":[],"product_cat":[1518,305,307],"product_tag":[],"class_list":{"0":"post-88681","1":"product","2":"type-product","3":"status-publish","4":"has-post-thumbnail","6":"product_cat-ofertas-wearables","7":"product_cat-wearables","8":"product_cat-samsung-watch","10":"first","11":"instock","12":"sale","13":"shipping-taxable","14":"purchasable","15":"product-type-simple"},"acf":[],"_links":{"self":[{"href":"https:\/\/defabrica.com.mx\/defabrica\/wp-json\/wp\/v2\/product\/88681","targetHints":{"allow":["GET"]}}],"collection":[{"href":"https:\/\/defabrica.com.mx\/defabrica\/wp-json\/wp\/v2\/product"}],"about":[{"href":"https:\/\/defabrica.com.mx\/defabrica\/wp-json\/wp\/v2\/types\/product"}],"replies":[{"embeddable":true,"href":"https:\/\/defabrica.com.mx\/defabrica\/wp-json\/wp\/v2\/comments?post=88681"}],"wp:featuredmedia":[{"embeddable":true,"href":"https:\/\/defabrica.com.mx\/defabrica\/wp-json\/wp\/v2\/media\/88682"}],"wp:attachment":[{"href":"https:\/\/defabrica.com.mx\/defabrica\/wp-json\/wp\/v2\/media?parent=88681"}],"wp:term":[{"taxonomy":"product_brand","embeddable":true,"href":"https:\/\/defabrica.com.mx\/defabrica\/wp-json\/wp\/v2\/product_brand?post=88681"},{"taxonomy":"product_cat","embeddable":true,"href":"https:\/\/defabrica.com.mx\/defabrica\/wp-json\/wp\/v2\/product_cat?post=88681"},{"taxonomy":"product_tag","embeddable":true,"href":"https:\/\/defabrica.com.mx\/defabrica\/wp-json\/wp\/v2\/product_tag?post=88681"}],"curies":[{"name":"wp","href":"https:\/\/api.w.org\/{rel}","templated":true}]}}