{"id":88515,"date":"2022-07-08T23:10:36","date_gmt":"2022-07-09T04:10:36","guid":{"rendered":"https:\/\/defabrica.com.mx\/defabrica\/?post_type=product&#038;p=88515"},"modified":"2023-01-18T13:05:51","modified_gmt":"2023-01-18T19:05:51","slug":"samsung-galaxy-watch4-aluminio-smartwatch-40mm-bt-plata","status":"publish","type":"product","link":"https:\/\/defabrica.com.mx\/defabrica\/producto\/samsung-galaxy-watch4-aluminio-smartwatch-40mm-bt-plata\/","title":{"rendered":"Samsung &#8211; Galaxy Watch4 Aluminio Smartwatch 40mm BT &#8211; Plata"},"content":{"rendered":"<div class=\"embedded-component-container lv product-description\">\n<div>\n<div id=\"shop-product-description-71915920\" class=\"_none\" data-version=\"1.3.45\">\n<div class=\"shop-product-description\">\n<section class=\"align-heading-left\" data-reactroot=\"\">\n<div class=\"long-description-container body-copy \">\n<div class=\"html-fragment\">Aplasta los entrenamientos y todos tus objetivos de salud con Samsung Galaxy Watch4.\u00a0Da lo mejor de ti con el reloj que mejor te conoce.<\/div>\n<\/div>\n<\/section>\n<\/div>\n<\/div>\n<\/div>\n<\/div>\n<div class=\"embedded-component-container lv product-features\">\n<h3><\/h3>\n<h3 class=\"heading-5 v-fw-regular feature-heading\"><strong>Caracter\u00edsticas<\/strong><\/h3>\n<ul>\n<li><strong>An\u00e1lisis de composici\u00f3n corporal<\/strong><br \/>\nPrep\u00e1rese para aplastar sus objetivos de bienestar con lecturas corporales directamente en su mu\u00f1eca.<\/li>\n<li><strong>Sue\u00f1o avanzado \/ SpO2 continuo<\/strong><br \/>\nAdministre la calidad general de su sue\u00f1o para una gran noche de sue\u00f1o con un rastreador avanzado que calcula su puntaje de sue\u00f1o.<\/li>\n<li><strong>electrocardiograma<\/strong><br \/>\nSea inteligente con su coraz\u00f3n con el monitoreo de ECG que brinda lecturas precisas.<\/li>\n<li><strong>Seguimiento de fitness\/entrenamiento autom\u00e1tico<\/strong><br \/>\nAproveche al m\u00e1ximo cada entrenamiento con Auto Workout Tracking. Mant\u00e9ngase motivado conect\u00e1ndose a sesiones de entrenamiento en vivo a trav\u00e9s de su tel\u00e9fono inteligente o a desaf\u00edos grupales din\u00e1micos con sus amigos.<\/li>\n<li><strong>V02 Max \/ Entrenamiento avanzado de carrera<\/strong><br \/>\nAproveche al m\u00e1ximo cada milla con Advanced Run Coaching y lecturas de VO2 max para evaluar sus niveles de cardio.<\/li>\n<li><strong>Extensi\u00f3n de su tel\u00e9fono<\/strong><br \/>\nMant\u00e9ngase en calma mientras se mantiene conectado a llamadas, mensajes de texto y m\u00fasica mientras viaja.<\/li>\n<li><strong>Sistema operativo actualizado (GSuiteApps)<\/strong><br \/>\nAproveche el poder y la comodidad de determinados servicios y aplicaciones de Google en su mu\u00f1eca.<\/li>\n<li><strong>Dise\u00f1o elegante y ligero.<\/strong><br \/>\nLuzca genial mientras disfruta de cada parte de su d\u00eda con el dise\u00f1o elegante, liviano y personalizable.<\/li>\n<li><strong>Desaf\u00edos grupales<\/strong><br \/>\nMu\u00e9vete y mot\u00edvate con tu familia y amigos. \u00danase a la diversi\u00f3n f\u00edsica con actividades y desaf\u00edos dise\u00f1ados solo para grupos.<\/li>\n<li><strong>Detecci\u00f3n de viaje<\/strong><br \/>\nObtenga tranquilidad mientras viaja con Trip Detection que env\u00eda un SOS a su contacto de emergencia en caso de una ca\u00edda fuerte.<\/li>\n<li><strong>La salud de la mujer<\/strong><br \/>\nGalaxy Watch4 ayuda a las mujeres a establecer una conexi\u00f3n m\u00e1s profunda con sus cuerpos y su salud al ayudar a registrar y realizar un seguimiento de las ventanas de fertilidad, los ciclos de ovulaci\u00f3n y los per\u00edodos.<\/li>\n<li><strong>Salud de Samsung<\/strong><br \/>\nSamsung Health lo ayuda a mantenerse al tanto de su salud, sus objetivos y sus pr\u00f3ximas necesidades de acondicionamiento f\u00edsico.<\/li>\n<li><strong>Pagos<\/strong><br \/>\nTocar. Pagar. Vamos. Samsung Pay y Google Pay hacen paradas r\u00e1pidas a\u00fan m\u00e1s r\u00e1pidas.<\/li>\n<li><strong>cosas inteligentes<\/strong><br \/>\nEnfr\u00eda la casa mientras te refrescas de tu entrenamiento con un toque de tu mu\u00f1eca.<\/li>\n<li><strong>Ecosistema<\/strong><br \/>\nAlcance r\u00e1pidamente sus objetivos de acondicionamiento f\u00edsico emparejando sus dispositivos Galaxy compatibles y conect\u00e1ndose a su comunidad de acondicionamiento f\u00edsico.<\/li>\n<\/ul>\n<\/div>\n","protected":false},"excerpt":{"rendered":"<p>Aplasta los entrenamientos y todos tus objetivos de salud con Samsung Galaxy Watch4.\u00a0Da lo mejor de ti con el reloj que mejor te conoce. Caracter\u00edsticas An\u00e1lisis de composici\u00f3n corporal Prep\u00e1rese<\/p>\n","protected":false},"featured_media":88516,"comment_status":"open","ping_status":"closed","template":"","meta":{"_acf_changed":false,"_joinchat":[]},"product_brand":[],"product_cat":[305,307,312],"product_tag":[],"class_list":{"0":"post-88515","1":"product","2":"type-product","3":"status-publish","4":"has-post-thumbnail","6":"product_cat-wearables","7":"product_cat-samsung-watch","8":"product_cat-ver-todo-wearables","10":"first","11":"instock","12":"sale","13":"shipping-taxable","14":"purchasable","15":"product-type-simple"},"acf":[],"_links":{"self":[{"href":"https:\/\/defabrica.com.mx\/defabrica\/wp-json\/wp\/v2\/product\/88515","targetHints":{"allow":["GET"]}}],"collection":[{"href":"https:\/\/defabrica.com.mx\/defabrica\/wp-json\/wp\/v2\/product"}],"about":[{"href":"https:\/\/defabrica.com.mx\/defabrica\/wp-json\/wp\/v2\/types\/product"}],"replies":[{"embeddable":true,"href":"https:\/\/defabrica.com.mx\/defabrica\/wp-json\/wp\/v2\/comments?post=88515"}],"wp:featuredmedia":[{"embeddable":true,"href":"https:\/\/defabrica.com.mx\/defabrica\/wp-json\/wp\/v2\/media\/88516"}],"wp:attachment":[{"href":"https:\/\/defabrica.com.mx\/defabrica\/wp-json\/wp\/v2\/media?parent=88515"}],"wp:term":[{"taxonomy":"product_brand","embeddable":true,"href":"https:\/\/defabrica.com.mx\/defabrica\/wp-json\/wp\/v2\/product_brand?post=88515"},{"taxonomy":"product_cat","embeddable":true,"href":"https:\/\/defabrica.com.mx\/defabrica\/wp-json\/wp\/v2\/product_cat?post=88515"},{"taxonomy":"product_tag","embeddable":true,"href":"https:\/\/defabrica.com.mx\/defabrica\/wp-json\/wp\/v2\/product_tag?post=88515"}],"curies":[{"name":"wp","href":"https:\/\/api.w.org\/{rel}","templated":true}]}}