{"id":88479,"date":"2022-07-08T19:29:57","date_gmt":"2022-07-09T00:29:57","guid":{"rendered":"https:\/\/defabrica.com.mx\/defabrica\/?post_type=product&#038;p=88479"},"modified":"2023-01-18T13:05:30","modified_gmt":"2023-01-18T19:05:30","slug":"samsung-galaxy-watch4-classic-reloj-inteligente-de-acero-inoxidable-46-mm-lte-plata","status":"publish","type":"product","link":"https:\/\/defabrica.com.mx\/defabrica\/producto\/samsung-galaxy-watch4-classic-reloj-inteligente-de-acero-inoxidable-46-mm-lte-plata\/","title":{"rendered":"Samsung &#8211; Galaxy Watch4 Classic Reloj inteligente de acero inoxidable 46 mm LTE &#8211; Plata"},"content":{"rendered":"<div class=\"embedded-component-container lv product-description\">\n<div>\n<div id=\"shop-product-description-95239676\" class=\"_none\" data-version=\"1.3.45\">\n<div class=\"shop-product-description\">\n<section class=\"align-heading-left\" data-reactroot=\"\">\n<div class=\"long-description-container body-copy \">\n<div class=\"html-fragment\">Tu estilo.\u00a0Tu salud.\u00a0Luzca bien y si\u00e9ntase bien con su nuevo compa\u00f1ero inteligente, Samsung Galaxy Watch4 Classic.\u00a0Haga una declaraci\u00f3n de estilo con una silueta ic\u00f3nica y una carcasa de acero inoxidable, mientras que su reloj lo mantiene en sinton\u00eda con su salud y lo empuja a ir m\u00e1s all\u00e1.\u00a0Aprovecha al m\u00e1ximo cada carrera con el entrenamiento avanzado y el control del nivel de ox\u00edgeno\u00b9 que te ayudan a ejercitarte de manera m\u00e1s inteligente mientras aumentas la resistencia.\u00a0Deje su tel\u00e9fono atr\u00e1s mientras permanece conectado: llame, env\u00ede mensajes de texto y transmita m\u00fasica, todo desde su mu\u00f1eca con conectividad LTE.\u00a0Galaxy Watch4 Classic es salud evolucionado.\u00a01La lectura precisa del VO2 m\u00e1ximo requiere correr al aire libre durante al menos 20 minutos con el GPS activado;\u00a0consulte el manual del usuario antes de usar.\u00a0\u00b9Las funciones del software VO2 max no est\u00e1n destinadas para el diagn\u00f3stico de enfermedades u otras afecciones, ni para la cura, mitigaci\u00f3n,<\/div>\n<\/div>\n<\/section>\n<\/div>\n<\/div>\n<\/div>\n<\/div>\n<div class=\"embedded-component-container lv product-features\">\n<h3><\/h3>\n<h3 class=\"heading-5 v-fw-regular feature-heading\"><strong>Caracter\u00edsticas<\/strong><\/h3>\n<ul>\n<li><strong>An\u00e1lisis de composici\u00f3n corporal<\/strong><br \/>\nPrep\u00e1rese para aplastar sus objetivos de bienestar con lecturas corporales directamente en su mu\u00f1eca.<\/li>\n<li><strong>Sue\u00f1o avanzado \/ SpO2 continuo<\/strong><br \/>\nAdministre la calidad general de su sue\u00f1o para una gran noche de sue\u00f1o con un rastreador avanzado que calcula su puntaje de sue\u00f1o.<\/li>\n<li><strong>electrocardiograma<\/strong><br \/>\nSea inteligente con su coraz\u00f3n con el monitoreo de ECG que brinda lecturas precisas.<\/li>\n<li><strong>Seguimiento de fitness\/entrenamiento autom\u00e1tico<\/strong><br \/>\nAproveche al m\u00e1ximo cada entrenamiento con Auto Workout Tracking. Mant\u00e9ngase motivado conect\u00e1ndose a sesiones de entrenamiento en vivo a trav\u00e9s de su tel\u00e9fono inteligente o a desaf\u00edos grupales din\u00e1micos con sus amigos.<\/li>\n<li><strong>V02 Max \/ Entrenamiento avanzado de carrera<\/strong><br \/>\nAproveche al m\u00e1ximo cada milla con Advanced Run Coaching y lecturas de VO2 max para evaluar sus niveles de cardio.<\/li>\n<li><strong>Extensi\u00f3n de su tel\u00e9fono<\/strong><br \/>\nGalaxy Watch4 Classic funciona como una extensi\u00f3n de su tel\u00e9fono para que pueda hablar, transmitir y enviar mensajes de texto desde su mu\u00f1eca mientras viaja.<\/li>\n<li><strong>Sistema operativo actualizado (GSuiteApps)<\/strong><br \/>\nAproveche el poder y la comodidad de determinados servicios y aplicaciones de Google en su mu\u00f1eca.<\/li>\n<li><strong>Conectividad LTE<\/strong><br \/>\nCon la conectividad LTE, siempre est\u00e1 conectado en su Galaxy Watch4 Classic: llame, env\u00ede mensajes de texto, transmita m\u00fasica y reciba notificaciones como lo har\u00eda con Wi-Fi.<\/li>\n<li><strong>Dise\u00f1o lujoso<\/strong><br \/>\nMuestra tu estilo con un dise\u00f1o de reloj lujoso y atemporal que es ideal para cualquier ocasi\u00f3n. Personaliza tu look a\u00fan m\u00e1s con una gama de estilosas esferas y correas.<\/li>\n<li><strong>Desaf\u00edos grupales<\/strong><br \/>\nMu\u00e9vete y mot\u00edvate con tu familia y amigos. \u00danase a la diversi\u00f3n f\u00edsica con actividades y desaf\u00edos dise\u00f1ados solo para grupos.<\/li>\n<li><strong>Detecci\u00f3n de viaje<\/strong><br \/>\nObtenga tranquilidad mientras viaja con Trip Detection que env\u00eda un SOS a su contacto de emergencia en caso de una ca\u00edda fuerte.<\/li>\n<li><strong>La salud de la mujer<\/strong><br \/>\nGalaxy Watch4 Classic ayuda a las mujeres a establecer una conexi\u00f3n m\u00e1s profunda con sus cuerpos y su salud al ayudar a registrar y realizar un seguimiento de las ventanas de fertilidad, los ciclos de ovulaci\u00f3n y los per\u00edodos.<\/li>\n<li><strong>Salud de Samsung<\/strong><br \/>\nSamsung Health lo ayuda a mantenerse al tanto de su salud, sus objetivos y sus pr\u00f3ximas necesidades de acondicionamiento f\u00edsico.<\/li>\n<li><strong>Pagos<\/strong><br \/>\nRealice compras sobre la marcha sin su billetera con Samsung Pay o Google Pay en su mu\u00f1eca.<\/li>\n<li><strong>Ecosistema<\/strong><br \/>\nAproveche una galaxia de posibilidades con conectividad sin esfuerzo entre todos sus dispositivos Samsung conectados.<\/li>\n<li><strong>cosas inteligentes<\/strong><br \/>\nEnfr\u00eda la casa mientras te refrescas de tu entrenamiento con un toque de tu mu\u00f1eca.<\/li>\n<\/ul>\n<\/div>\n","protected":false},"excerpt":{"rendered":"<p>Tu estilo.\u00a0Tu salud.\u00a0Luzca bien y si\u00e9ntase bien con su nuevo compa\u00f1ero inteligente, Samsung Galaxy Watch4 Classic.\u00a0Haga una declaraci\u00f3n de estilo con una silueta ic\u00f3nica y una carcasa de acero inoxidable,<\/p>\n","protected":false},"featured_media":88481,"comment_status":"open","ping_status":"closed","template":"","meta":{"_acf_changed":false,"_joinchat":[]},"product_brand":[],"product_cat":[305,307,312],"product_tag":[],"class_list":{"0":"post-88479","1":"product","2":"type-product","3":"status-publish","4":"has-post-thumbnail","6":"product_cat-wearables","7":"product_cat-samsung-watch","8":"product_cat-ver-todo-wearables","10":"first","11":"instock","12":"sale","13":"shipping-taxable","14":"purchasable","15":"product-type-simple"},"acf":[],"_links":{"self":[{"href":"https:\/\/defabrica.com.mx\/defabrica\/wp-json\/wp\/v2\/product\/88479","targetHints":{"allow":["GET"]}}],"collection":[{"href":"https:\/\/defabrica.com.mx\/defabrica\/wp-json\/wp\/v2\/product"}],"about":[{"href":"https:\/\/defabrica.com.mx\/defabrica\/wp-json\/wp\/v2\/types\/product"}],"replies":[{"embeddable":true,"href":"https:\/\/defabrica.com.mx\/defabrica\/wp-json\/wp\/v2\/comments?post=88479"}],"wp:featuredmedia":[{"embeddable":true,"href":"https:\/\/defabrica.com.mx\/defabrica\/wp-json\/wp\/v2\/media\/88481"}],"wp:attachment":[{"href":"https:\/\/defabrica.com.mx\/defabrica\/wp-json\/wp\/v2\/media?parent=88479"}],"wp:term":[{"taxonomy":"product_brand","embeddable":true,"href":"https:\/\/defabrica.com.mx\/defabrica\/wp-json\/wp\/v2\/product_brand?post=88479"},{"taxonomy":"product_cat","embeddable":true,"href":"https:\/\/defabrica.com.mx\/defabrica\/wp-json\/wp\/v2\/product_cat?post=88479"},{"taxonomy":"product_tag","embeddable":true,"href":"https:\/\/defabrica.com.mx\/defabrica\/wp-json\/wp\/v2\/product_tag?post=88479"}],"curies":[{"name":"wp","href":"https:\/\/api.w.org\/{rel}","templated":true}]}}