{"id":88398,"date":"2022-07-08T18:24:22","date_gmt":"2022-07-08T23:24:22","guid":{"rendered":"https:\/\/defabrica.com.mx\/defabrica\/?post_type=product&#038;p=88398"},"modified":"2022-07-18T14:20:21","modified_gmt":"2022-07-18T19:20:21","slug":"amazon-halo-view-fitness-tracker-mediano-grande-6-3-8-9-sueno-de-lavanda","status":"publish","type":"product","link":"https:\/\/defabrica.com.mx\/defabrica\/producto\/amazon-halo-view-fitness-tracker-mediano-grande-6-3-8-9-sueno-de-lavanda\/","title":{"rendered":"Amazon &#8211; Halo View Fitness Tracker (Mediano\/Grande 6.3&#8243;-8.9&#8243;) &#8211; Sue\u00f1o de lavanda"},"content":{"rendered":"<div class=\"embedded-component-container lv product-description\">\n<div>\n<div id=\"shop-product-description-59966488\" class=\"_none\" data-version=\"1.3.45\">\n<div class=\"shop-product-description\">\n<section class=\"align-heading-left\" data-reactroot=\"\">\n<div class=\"long-description-container body-copy \">\n<div class=\"html-fragment\"><span>Construya un estilo de vida m\u00e1s saludable, directamente desde su mu\u00f1eca.\u00a0Comenzar un nuevo viaje de salud y bienestar es m\u00e1s f\u00e1cil cuando tienes un gran compa\u00f1ero.\u00a0Su Vista de Halo (y su membres\u00eda de Halo) estar\u00e1n all\u00ed con usted en cada paso del camino.\u00a0Acceda a funciones como: Seguimiento de actividad: verifique su frecuencia card\u00edaca, pasos, puntaje de actividad y niveles de ox\u00edgeno en sangre a pedido.\u00a0Tiempo de sue\u00f1o y evaluaci\u00f3n: compruebe la cantidad y la calidad de su sue\u00f1o.\u00a0Control sobre la marcha: reciba mensajes de texto, inicie entrenamientos en vivo y reciba recordatorios de movimiento en su mu\u00f1eca.\u00a0Conexi\u00f3n de larga duraci\u00f3n: Halo View tiene una duraci\u00f3n de bater\u00eda de hasta 7 d\u00edas que se carga por completo en 2 horas y es resistente a la nataci\u00f3n hasta 50 metros.\u00a0La correa viene en 2 tama\u00f1os, peque\u00f1a\/mediana (5,1&#8243;-7,7&#8243;) y mediana\/grande (6,3&#8243;-8,9&#8243;).<\/span><\/div>\n<\/div>\n<\/section>\n<\/div>\n<\/div>\n<\/div>\n<\/div>\n<div class=\"embedded-component-container lv product-features\">\n<h3><\/h3>\n<h3 class=\"heading-5 v-fw-regular feature-heading\"><strong>Caracter\u00edsticas<\/strong><\/h3>\n<ul>\n<li><strong>Compatibilidad<\/strong><br \/>\nCompatible con dispositivos Apple y Android seleccionados<\/li>\n<li><strong>M\u00e1s que contar pasos<\/strong><br \/>\nAcceda a las m\u00e9tricas de salud clave de Halo, como la frecuencia card\u00edaca, los puntos de actividad, la puntuaci\u00f3n del sue\u00f1o y los niveles de ox\u00edgeno en sangre a pedido en la pantalla t\u00e1ctil a color Halo View.<\/li>\n<li><strong>Membres\u00eda de Halo incluida<\/strong><br \/>\nLa compra incluye 12 meses de acceso completo a funciones, entrenamientos y programas exclusivos de membres\u00eda. Renovaci\u00f3n autom\u00e1tica a $3.99\/mes + impuestos. Para administrar su membres\u00eda, visite Su cuenta \u203a Membres\u00edas y suscripciones.<\/li>\n<li><strong>Mu\u00e9vete mejor<\/strong><br \/>\nObtenga una evaluaci\u00f3n de movimiento con la aplicaci\u00f3n Halo y un programa de ejercicios personalizado para ayudarlo a mejorar su salud de movimiento con el tiempo.<\/li>\n<li><strong>Recarga y reposta<\/strong><br \/>\nMida la cantidad y la calidad de su sue\u00f1o y descubra meditaciones diarias y recetas deliciosas de WW, Whole Foods Market y m\u00e1s.<\/li>\n<li><strong>Descubrir m\u00e1s<\/strong><br \/>\nAcceda a una biblioteca cada vez mayor de entrenamientos a pedido respaldados por expertos y otras formas de mantenerse saludable.<\/li>\n<li><strong>Ve m\u00e1s profundo<\/strong><br \/>\nMida su porcentaje de grasa corporal usando solo la c\u00e1mara de su tel\u00e9fono inteligente y la aplicaci\u00f3n Halo y analice su tono de voz con la aplicaci\u00f3n Halo.<\/li>\n<li><strong>Control sobre la marcha<\/strong><br \/>\nReciba notificaciones de texto, inicie entrenamientos en vivo y obtenga recordatorios de movimiento directamente desde su mu\u00f1eca.<\/li>\n<li><strong>Halo funciona con Alexa<\/strong><br \/>\nP\u00eddale a su dispositivo habilitado para Alexa que le brinde su resumen de salud, puntaje de actividad, calidad del sue\u00f1o y m\u00e1s. Visite la configuraci\u00f3n dentro de la aplicaci\u00f3n Halo y haga clic en \u00abConectar Alexa\u00bb para habilitar.<\/li>\n<\/ul>\n<\/div>\n","protected":false},"excerpt":{"rendered":"<p>Construya un estilo de vida m\u00e1s saludable, directamente desde su mu\u00f1eca.\u00a0Comenzar un nuevo viaje de salud y bienestar es m\u00e1s f\u00e1cil cuando tienes un gran compa\u00f1ero.\u00a0Su Vista de Halo (y<\/p>\n","protected":false},"featured_media":88399,"comment_status":"open","ping_status":"closed","template":"","meta":{"_acf_changed":false,"_joinchat":[]},"product_brand":[],"product_cat":[1518,305,311,312],"product_tag":[],"class_list":{"0":"post-88398","1":"product","2":"type-product","3":"status-publish","4":"has-post-thumbnail","6":"product_cat-ofertas-wearables","7":"product_cat-wearables","8":"product_cat-android-smartwatches","9":"product_cat-ver-todo-wearables","11":"first","12":"instock","13":"sale","14":"shipping-taxable","15":"purchasable","16":"product-type-simple"},"acf":[],"_links":{"self":[{"href":"https:\/\/defabrica.com.mx\/defabrica\/wp-json\/wp\/v2\/product\/88398","targetHints":{"allow":["GET"]}}],"collection":[{"href":"https:\/\/defabrica.com.mx\/defabrica\/wp-json\/wp\/v2\/product"}],"about":[{"href":"https:\/\/defabrica.com.mx\/defabrica\/wp-json\/wp\/v2\/types\/product"}],"replies":[{"embeddable":true,"href":"https:\/\/defabrica.com.mx\/defabrica\/wp-json\/wp\/v2\/comments?post=88398"}],"wp:featuredmedia":[{"embeddable":true,"href":"https:\/\/defabrica.com.mx\/defabrica\/wp-json\/wp\/v2\/media\/88399"}],"wp:attachment":[{"href":"https:\/\/defabrica.com.mx\/defabrica\/wp-json\/wp\/v2\/media?parent=88398"}],"wp:term":[{"taxonomy":"product_brand","embeddable":true,"href":"https:\/\/defabrica.com.mx\/defabrica\/wp-json\/wp\/v2\/product_brand?post=88398"},{"taxonomy":"product_cat","embeddable":true,"href":"https:\/\/defabrica.com.mx\/defabrica\/wp-json\/wp\/v2\/product_cat?post=88398"},{"taxonomy":"product_tag","embeddable":true,"href":"https:\/\/defabrica.com.mx\/defabrica\/wp-json\/wp\/v2\/product_tag?post=88398"}],"curies":[{"name":"wp","href":"https:\/\/api.w.org\/{rel}","templated":true}]}}