{"id":88357,"date":"2022-07-08T18:04:55","date_gmt":"2022-07-08T23:04:55","guid":{"rendered":"https:\/\/defabrica.com.mx\/defabrica\/?post_type=product&#038;p=88357"},"modified":"2022-07-18T14:20:25","modified_gmt":"2022-07-18T19:20:25","slug":"amazfit-bip-u-pro-smartwatch-36mm-policarbonato-rosa","status":"publish","type":"product","link":"https:\/\/defabrica.com.mx\/defabrica\/producto\/amazfit-bip-u-pro-smartwatch-36mm-policarbonato-rosa\/","title":{"rendered":"Amazfit &#8211; Bip U Pro Smartwatch 36mm Policarbonato &#8211; Rosa"},"content":{"rendered":"<div class=\"embedded-component-container lv product-description\">\n<div>\n<div id=\"shop-product-description-26542646\" class=\"_none\" data-version=\"1.3.45\">\n<div class=\"shop-product-description\">\n<section class=\"align-heading-left\" data-reactroot=\"\">\n<div class=\"long-description-container body-copy \">\n<div class=\"html-fragment\"><span>\u00a1Amazfit Bip U Pro es su primer paso hacia el fitness inteligente!\u00a0Una resoluci\u00f3n de 320&#215;302 p\u00edxeles crea una visualizaci\u00f3n exquisita, haciendo que todas las llamadas entrantes, mensajes y recordatorios sean extremadamente claros.\u00a0Hay 50 car\u00e1tulas de reloj disponibles para adaptarse a tu estado de \u00e1nimo y atuendo, o puedes cargar tus propias fotos para una car\u00e1tula de reloj m\u00e1s personalizada.\u00a0El Bip U tambi\u00e9n es compatible con car\u00e1tulas de reloj animadas que hacen que cada vistazo a su reloj sea una experiencia \u00fanica.\u00a0Seleccione y muestre informaci\u00f3n importante para usted en la pantalla de inicio de su reloj, como la hora, la fecha, el clima, la frecuencia card\u00edaca y m\u00e1s, con el m\u00f3dulo personalizable.\u00a0tambi\u00e9n tiene m\u00e1s de 60 modos deportivos con GPS de alta precisi\u00f3n que te permiten ejercitarte a un nivel superior.\u00a0\u00a1Este reloj est\u00e1 listo para cada wal o carrera de la vida!<\/span><\/div>\n<\/div>\n<\/section>\n<\/div>\n<\/div>\n<\/div>\n<\/div>\n<div class=\"embedded-component-container lv product-features\">\n<h3><\/h3>\n<h3 class=\"heading-5 v-fw-regular feature-heading\"><strong>Caracter\u00edsticas<\/strong><\/h3>\n<ul>\n<li><strong>Compatibilidad<\/strong><br \/>\nCompatible con dispositivos Android e IOS<\/li>\n<li><strong>Amazon Alexa<\/strong><br \/>\nHaga preguntas, configure alarmas, cree listas de compras y m\u00e1s con Amazon Alexa incorporado<\/li>\n<li><strong>Funciones diarias<\/strong><br \/>\nNotificaciones de mensajes, reloj mundial, control de m\u00fasica, cron\u00f3metro, c\u00e1mara de tel\u00e9fono m\u00f3vil, buscar mi tel\u00e9fono, cuenta regresiva y pron\u00f3stico del tiempo<\/li>\n<li><strong>Compatibilidad<\/strong><br \/>\nCompatible con dispositivos iOS y Android.<\/li>\n<li><strong>Monitor<\/strong><br \/>\nGran pantalla a color de 1,43&#8243;. La resoluci\u00f3n de 320 x 302 p\u00edxeles crea una visualizaci\u00f3n exquisita, haciendo que todas las llamadas entrantes, mensajes y recordatorios sean extremadamente claros.<\/li>\n<li><strong>Dise\u00f1o<\/strong><br \/>\nHay 50 car\u00e1tulas de reloj disponibles para adaptarse a tu estado de \u00e1nimo y atuendo, o puedes cargar tus propias fotos para una car\u00e1tula de reloj m\u00e1s personalizada.<\/li>\n<li><strong>Resistente al agua hasta 5 cajeros autom\u00e1ticos<\/strong><br \/>\nResistente al agua hasta 50 metros, puedes usar el Bip U Pro para nadar y registrar\u00e1 tus logros incluso bajo el agua.<\/li>\n<li><strong>M\u00e1s de 60 modos deportivos integrados<\/strong><br \/>\nRegistra tus datos de ejercicio para ayudarte a ejercitarte a un nivel superior<\/li>\n<li><strong>Medici\u00f3n de la saturaci\u00f3n de ox\u00edgeno en la sangre<\/strong><br \/>\nCuando se sienta mal, est\u00e9 bajo estr\u00e9s mental, participe en entrenamientos intensivos como maratones y sesiones de gimnasio, o en entornos hip\u00f3xicos y de gran altitud, puede medir inmediatamente su saturaci\u00f3n de ox\u00edgeno en la sangre y comprender su estado f\u00edsico.<\/li>\n<li><strong>Monitoreo de la calidad del sue\u00f1o<\/strong><br \/>\nAdmite el monitoreo profundo del sue\u00f1o, que puede determinar con mayor precisi\u00f3n la etapa del sue\u00f1o, monitorear la condici\u00f3n de la respiraci\u00f3n durante el sue\u00f1o y proporcionar an\u00e1lisis de calidad y sugerencias para mejorar en funci\u00f3n de una noche de sue\u00f1o.<\/li>\n<li><strong>Monitoreo de frecuencia card\u00edaca las 24 horas<\/strong><br \/>\nEl Bip U Pro puede mantener un monitoreo de frecuencia card\u00edaca las 24 horas. Con su sensor \u00f3ptico biol\u00f3gico patentado BioTrackerTM 2 PPG, el Amazfit Bip U Pro ofrece mediciones precisas de la frecuencia card\u00edaca.<\/li>\n<li><strong>Sistema de evaluaci\u00f3n de la salud PAI\u2122<\/strong><br \/>\nUn valor PAI se calcula procesando datos sobre su frecuencia card\u00edaca, tiempo de ejercicio y otra informaci\u00f3n de salud compleja con un algoritmo.<\/li>\n<li><strong>Supervisar los niveles de estr\u00e9s<\/strong><br \/>\nEl reloj admite el control del estr\u00e9s y puede proporcionar entrenamiento de respiraci\u00f3n para ayudar a equilibrar sus niveles de estr\u00e9s, para que pueda saber cu\u00e1ndo necesita descansar y relajarse.<\/li>\n<li><strong>Seguimiento del ciclo menstrual<\/strong><br \/>\nEl Amazfit Bip U Pro puede ayudarte a registrar tus per\u00edodos menstruales y de ovulaci\u00f3n, y alertarte antes de que lleguen para que puedas planificar con anticipaci\u00f3n y evitar interrupciones.<\/li>\n<li><strong>Alexa incorporado<\/strong><br \/>\nBip U Pro es compatible con Alexa<\/li>\n<li><strong>Duraci\u00f3n de la bater\u00eda de 9 d\u00edas<\/strong><br \/>\nCuando est\u00e1 completamente cargado, puede relajarse y disfrutar potencialmente de m\u00e1s de una semana completa de viaje o trabajo sin preocuparse por los cargadores. Disfruta de cinco a nueve d\u00edas de actividad y progreso con un cargador menos en tu bolso.<\/li>\n<\/ul>\n<\/div>\n","protected":false},"excerpt":{"rendered":"<p>\u00a1Amazfit Bip U Pro es su primer paso hacia el fitness inteligente!\u00a0Una resoluci\u00f3n de 320&#215;302 p\u00edxeles crea una visualizaci\u00f3n exquisita, haciendo que todas las llamadas entrantes, mensajes y recordatorios sean<\/p>\n","protected":false},"featured_media":88361,"comment_status":"open","ping_status":"closed","template":"","meta":{"_acf_changed":false,"_joinchat":[]},"product_brand":[],"product_cat":[1518,305,311,312],"product_tag":[],"class_list":{"0":"post-88357","1":"product","2":"type-product","3":"status-publish","4":"has-post-thumbnail","6":"product_cat-ofertas-wearables","7":"product_cat-wearables","8":"product_cat-android-smartwatches","9":"product_cat-ver-todo-wearables","11":"first","12":"instock","13":"sale","14":"shipping-taxable","15":"purchasable","16":"product-type-simple"},"acf":[],"_links":{"self":[{"href":"https:\/\/defabrica.com.mx\/defabrica\/wp-json\/wp\/v2\/product\/88357","targetHints":{"allow":["GET"]}}],"collection":[{"href":"https:\/\/defabrica.com.mx\/defabrica\/wp-json\/wp\/v2\/product"}],"about":[{"href":"https:\/\/defabrica.com.mx\/defabrica\/wp-json\/wp\/v2\/types\/product"}],"replies":[{"embeddable":true,"href":"https:\/\/defabrica.com.mx\/defabrica\/wp-json\/wp\/v2\/comments?post=88357"}],"wp:featuredmedia":[{"embeddable":true,"href":"https:\/\/defabrica.com.mx\/defabrica\/wp-json\/wp\/v2\/media\/88361"}],"wp:attachment":[{"href":"https:\/\/defabrica.com.mx\/defabrica\/wp-json\/wp\/v2\/media?parent=88357"}],"wp:term":[{"taxonomy":"product_brand","embeddable":true,"href":"https:\/\/defabrica.com.mx\/defabrica\/wp-json\/wp\/v2\/product_brand?post=88357"},{"taxonomy":"product_cat","embeddable":true,"href":"https:\/\/defabrica.com.mx\/defabrica\/wp-json\/wp\/v2\/product_cat?post=88357"},{"taxonomy":"product_tag","embeddable":true,"href":"https:\/\/defabrica.com.mx\/defabrica\/wp-json\/wp\/v2\/product_tag?post=88357"}],"curies":[{"name":"wp","href":"https:\/\/api.w.org\/{rel}","templated":true}]}}