{"id":88344,"date":"2022-07-08T17:56:57","date_gmt":"2022-07-08T22:56:57","guid":{"rendered":"https:\/\/defabrica.com.mx\/defabrica\/?post_type=product&#038;p=88344"},"modified":"2022-07-18T14:20:26","modified_gmt":"2022-07-18T19:20:26","slug":"amazfit-gts-2-smartwatch-42-mm-aleacion-de-aluminio-negro-medianoche","status":"publish","type":"product","link":"https:\/\/defabrica.com.mx\/defabrica\/producto\/amazfit-gts-2-smartwatch-42-mm-aleacion-de-aluminio-negro-medianoche\/","title":{"rendered":"Amazfit &#8211; GTS 2 Smartwatch 42 mm Aleaci\u00f3n de aluminio &#8211; Negro medianoche"},"content":{"rendered":"<div class=\"embedded-component-container lv product-description\">\n<div>\n<div id=\"shop-product-description-33022802\" class=\"_none\" data-version=\"1.3.45\">\n<div class=\"shop-product-description\">\n<section class=\"align-heading-left\" data-reactroot=\"\">\n<div class=\"long-description-container body-copy \">\n<div class=\"html-fragment\"><span>El Amazfit GTS 2 cuenta con una pantalla AMOLED que compite con las mejores pantallas del mundo.\u00a0La densidad de p\u00edxeles de 341 ppi hace que la pantalla sea clara, exquisita y realista, con colores vivos que garantizan una lectura fluida.<\/span><\/div>\n<\/div>\n<\/section>\n<\/div>\n<\/div>\n<\/div>\n<\/div>\n<div class=\"embedded-component-container lv product-features\">\n<h3><\/h3>\n<h3 class=\"heading-5 v-fw-regular feature-heading\"><strong>Caracter\u00edsticas<\/strong><\/h3>\n<ul>\n<li><strong>\u00a1Este reloj est\u00e1 repleto de funciones para el d\u00eda a d\u00eda!<\/strong><br \/>\nEl reloj puede manejar con soltura sus agendas personales, notificarle llamadas o mensajes y brindarle recordatorios de sedentarismo. El reloj tambi\u00e9n har\u00e1 un seguimiento de su actividad diaria, sus eventos y ofrece funciones de No molestar, cron\u00f3metro y pron\u00f3stico del tiempo.<\/li>\n<li><strong>Compatibilidad<\/strong><br \/>\nCompatible con dispositivos iOS y Android.<\/li>\n<li><strong>Monitor<\/strong><br \/>\nEl Amazfit GTS 2 cuenta con una pantalla AMOLED que compite con las mejores pantallas del mundo. La densidad de p\u00edxeles de 341 ppi hace que la pantalla sea clara, exquisita y realista, con colores vivos que garantizan una legibilidad fluida<\/li>\n<li><strong>Dise\u00f1o<\/strong><br \/>\nDise\u00f1o curvo 3D sin Bessel. Revestimiento de carbono tipo diamante para proporcionar una pantalla m\u00e1s resistente a los ara\u00f1azos y al desgaste.<\/li>\n<li><strong>Medici\u00f3n de la saturaci\u00f3n de ox\u00edgeno en la sangre<\/strong><br \/>\nCuando participa en un trabajo mental sostenido, corre una marat\u00f3n o hace ejercicio intenso al aire libre, puede evaluar su nivel de SpO2 en el momento en que comienza a sentirse mal, obteniendo una mejor comprensi\u00f3n de su condici\u00f3n f\u00edsica y manteniendo su salud bajo control.<\/li>\n<li><strong>Monitoreo de frecuencia card\u00edaca durante todo el d\u00eda<\/strong><br \/>\nEl Amazfit GTS 2 cuenta con monitoreo de frecuencia card\u00edaca de precisi\u00f3n las 24 horas, que cubre las zonas de frecuencia card\u00edaca y brinda advertencias cuando su frecuencia card\u00edaca en reposo es anormalmente elevada.<\/li>\n<li><strong>PAI<\/strong><br \/>\nUn valor PAI se calcula procesando datos sobre su frecuencia card\u00edaca, tiempo de ejercicio y otra informaci\u00f3n de salud compleja con un algoritmo.<\/li>\n<li><strong>Monitoreo del sue\u00f1o<\/strong><br \/>\nAdmite un control profundo del sue\u00f1o, que puede determinar con mayor precisi\u00f3n los problemas y proporcionar an\u00e1lisis de calidad y sugerencias para mejorar en funci\u00f3n de una noche de sue\u00f1o.<\/li>\n<li><strong>Supervisar los niveles de estr\u00e9s<\/strong><br \/>\nVerifique d\u00f3nde se encuentra su nivel de estr\u00e9s personal, desde relajado, normal, medio o alto, cada vez que se sienta presionado durante el d\u00eda, para que sepa cu\u00e1ndo relajarse y reducirlo.<\/li>\n<li><strong>Almacenamiento y reproducci\u00f3n de m\u00fasica<\/strong><br \/>\nEl Amazfit GTS 2 admite el control de la reproducci\u00f3n de m\u00fasica m\u00f3vil a trav\u00e9s del reloj, y con un almacenamiento de m\u00fasica local masivo de 3 GB, puede transferir de 300 a 600 de sus canciones favoritas al reloj a trav\u00e9s de su tel\u00e9fono m\u00f3vil.<\/li>\n<li><strong>90 modos deportivos incorporados<\/strong><br \/>\nActive uno de los 90 modos deportivos que necesita y, una vez finalizado el ejercicio, el reloj generar\u00e1 un informe anal\u00edtico correspondiente que tambi\u00e9n se puede ver en la aplicaci\u00f3n m\u00f3vil, para ayudarlo a mejorar continuamente su plan de ejercicios.<\/li>\n<li><strong>5 cajeros autom\u00e1ticos a prueba de agua<\/strong><br \/>\nGracias a la impermeabilizaci\u00f3n profesional que ofrece protecci\u00f3n hasta una profundidad de 50 metros, el Amazfit GTS 2 est\u00e1 a la par de los relojes tradicionales de alta gama y se puede usar sin preocupaciones para el uso diario o para nadar.<\/li>\n<li><strong>Duraci\u00f3n de la bater\u00eda<\/strong><br \/>\nM\u00e1s delgado, m\u00e1s liviano y con una bater\u00eda de mayor duraci\u00f3n. Equipado con una bater\u00eda grande de 246 mAh que puede durar 7 d\u00edas con un uso normal y siempre est\u00e1 listo para acompa\u00f1arlo en sus viajes y seguir su progreso.<\/li>\n<li><strong>Compatible con aplicaciones<\/strong><br \/>\nEl reloj est\u00e1 conectado a la aplicaci\u00f3n Zepp recientemente actualizada, que realiza un an\u00e1lisis exhaustivo de m\u00faltiples fuentes de datos para proporcionar una gesti\u00f3n de datos corporales las 24 horas del d\u00eda, los 7 d\u00edas de la semana, lo que ayuda al usuario a comprobar su estado f\u00edsico en cualquier momento.<\/li>\n<\/ul>\n<\/div>\n","protected":false},"excerpt":{"rendered":"<p>El Amazfit GTS 2 cuenta con una pantalla AMOLED que compite con las mejores pantallas del mundo.\u00a0La densidad de p\u00edxeles de 341 ppi hace que la pantalla sea clara, exquisita<\/p>\n","protected":false},"featured_media":88346,"comment_status":"open","ping_status":"closed","template":"","meta":{"_acf_changed":false,"_joinchat":[]},"product_brand":[],"product_cat":[1518,305,311,312],"product_tag":[],"class_list":{"0":"post-88344","1":"product","2":"type-product","3":"status-publish","4":"has-post-thumbnail","6":"product_cat-ofertas-wearables","7":"product_cat-wearables","8":"product_cat-android-smartwatches","9":"product_cat-ver-todo-wearables","11":"first","12":"instock","13":"sale","14":"shipping-taxable","15":"purchasable","16":"product-type-simple"},"acf":[],"_links":{"self":[{"href":"https:\/\/defabrica.com.mx\/defabrica\/wp-json\/wp\/v2\/product\/88344","targetHints":{"allow":["GET"]}}],"collection":[{"href":"https:\/\/defabrica.com.mx\/defabrica\/wp-json\/wp\/v2\/product"}],"about":[{"href":"https:\/\/defabrica.com.mx\/defabrica\/wp-json\/wp\/v2\/types\/product"}],"replies":[{"embeddable":true,"href":"https:\/\/defabrica.com.mx\/defabrica\/wp-json\/wp\/v2\/comments?post=88344"}],"wp:featuredmedia":[{"embeddable":true,"href":"https:\/\/defabrica.com.mx\/defabrica\/wp-json\/wp\/v2\/media\/88346"}],"wp:attachment":[{"href":"https:\/\/defabrica.com.mx\/defabrica\/wp-json\/wp\/v2\/media?parent=88344"}],"wp:term":[{"taxonomy":"product_brand","embeddable":true,"href":"https:\/\/defabrica.com.mx\/defabrica\/wp-json\/wp\/v2\/product_brand?post=88344"},{"taxonomy":"product_cat","embeddable":true,"href":"https:\/\/defabrica.com.mx\/defabrica\/wp-json\/wp\/v2\/product_cat?post=88344"},{"taxonomy":"product_tag","embeddable":true,"href":"https:\/\/defabrica.com.mx\/defabrica\/wp-json\/wp\/v2\/product_tag?post=88344"}],"curies":[{"name":"wp","href":"https:\/\/api.w.org\/{rel}","templated":true}]}}