{"id":88329,"date":"2022-07-08T17:44:39","date_gmt":"2022-07-08T22:44:39","guid":{"rendered":"https:\/\/defabrica.com.mx\/defabrica\/?post_type=product&#038;p=88329"},"modified":"2023-01-18T13:00:48","modified_gmt":"2023-01-18T19:00:48","slug":"amazfit-reloj-inteligente-para-exteriores-t-rex-2-353-mm-verde-salvaje","status":"publish","type":"product","link":"https:\/\/defabrica.com.mx\/defabrica\/producto\/amazfit-reloj-inteligente-para-exteriores-t-rex-2-353-mm-verde-salvaje\/","title":{"rendered":"Amazfit &#8211; Reloj inteligente para exteriores T-Rex 2 35,3 mm &#8211; Verde salvaje"},"content":{"rendered":"<div class=\"embedded-component-container lv product-description\">\n<div>\n<div id=\"shop-product-description-16485224\" class=\"_none\" data-version=\"1.3.45\">\n<div class=\"shop-product-description\">\n<section class=\"align-heading-left\" data-reactroot=\"\">\n<div class=\"long-description-container body-copy \">\n<div class=\"html-fragment\">Amazfit T-Rex 2 Outdoor Smartwatch est\u00e1 dise\u00f1ado para explorar tu instinto.\u00a0Dureza de grado militar con resistencia al agua de 10 ATM, resistencia al calor de 70 \u00b0C, resistencia al fr\u00edo de -40 \u00b0C, resistencia a la humedad de 240 horas y resistencia a la niebla salina de 96 horas.\u00a0Sea testigo de la resistencia que desaf\u00eda los elementos con facilidad.\u00a0Obtenga un socio de exploraci\u00f3n de alto nivel que cuenta con cinco sistemas satelitales de navegaci\u00f3n global, un rastreador meteorol\u00f3gico, un monitor de amanecer y atardecer, una pantalla de fase lunar actual, una br\u00fajula y un alt\u00edmetro barom\u00e9trico.\u00a0Duraci\u00f3n de la bater\u00eda ultralarga de 24 d\u00edas con un uso t\u00edpico y m\u00e1s de 150 modos deportivos diferentes para realizar un seguimiento de cada uno de tus movimientos.\u00a0Proteja su salud y mant\u00e9ngase en forma con la frecuencia card\u00edaca, el control de la calidad del sue\u00f1o y la medici\u00f3n de la saturaci\u00f3n de ox\u00edgeno en la sangre, y obtenga evaluaciones personalizadas a trav\u00e9s del sistema PAI de evaluaci\u00f3n de la salud integrado.<\/div>\n<\/div>\n<\/section>\n<\/div>\n<\/div>\n<\/div>\n<\/div>\n<div class=\"embedded-component-container lv product-features\">\n<h3><\/h3>\n<h3 class=\"heading-5 v-fw-regular feature-heading\"><strong>Caracter\u00edsticas<\/strong><\/h3>\n<ul>\n<li><strong>Compatibilidad<\/strong><br \/>\nCompatible con dispositivos Android e IOS<\/li>\n<li><strong>Duraci\u00f3n de la bater\u00eda<\/strong><br \/>\n18 dias<\/li>\n<li><strong>Tenacidad<\/strong><br \/>\nGrado militar<\/li>\n<li><strong>Resistencia al agua<\/strong><br \/>\nResistencia al agua 10 ATM<\/li>\n<li><strong>Modos deportivos<\/strong><br \/>\n150+<\/li>\n<li><strong>Componentes incorporados<\/strong><br \/>\nAlt\u00edmetro barom\u00e9trico y br\u00fajula incorporados<\/li>\n<li><strong>Monitor<\/strong><br \/>\nPantalla AMOLED de 1,39&#8243; siempre activa<\/li>\n<\/ul>\n<\/div>\n","protected":false},"excerpt":{"rendered":"<p>Amazfit T-Rex 2 Outdoor Smartwatch est\u00e1 dise\u00f1ado para explorar tu instinto.\u00a0Dureza de grado militar con resistencia al agua de 10 ATM, resistencia al calor de 70 \u00b0C, resistencia al fr\u00edo<\/p>\n","protected":false},"featured_media":88331,"comment_status":"open","ping_status":"closed","template":"","meta":{"_acf_changed":false,"_joinchat":[]},"product_brand":[],"product_cat":[305,311,312],"product_tag":[],"class_list":{"0":"post-88329","1":"product","2":"type-product","3":"status-publish","4":"has-post-thumbnail","6":"product_cat-wearables","7":"product_cat-android-smartwatches","8":"product_cat-ver-todo-wearables","10":"first","11":"instock","12":"sale","13":"shipping-taxable","14":"purchasable","15":"product-type-simple"},"acf":[],"_links":{"self":[{"href":"https:\/\/defabrica.com.mx\/defabrica\/wp-json\/wp\/v2\/product\/88329","targetHints":{"allow":["GET"]}}],"collection":[{"href":"https:\/\/defabrica.com.mx\/defabrica\/wp-json\/wp\/v2\/product"}],"about":[{"href":"https:\/\/defabrica.com.mx\/defabrica\/wp-json\/wp\/v2\/types\/product"}],"replies":[{"embeddable":true,"href":"https:\/\/defabrica.com.mx\/defabrica\/wp-json\/wp\/v2\/comments?post=88329"}],"wp:featuredmedia":[{"embeddable":true,"href":"https:\/\/defabrica.com.mx\/defabrica\/wp-json\/wp\/v2\/media\/88331"}],"wp:attachment":[{"href":"https:\/\/defabrica.com.mx\/defabrica\/wp-json\/wp\/v2\/media?parent=88329"}],"wp:term":[{"taxonomy":"product_brand","embeddable":true,"href":"https:\/\/defabrica.com.mx\/defabrica\/wp-json\/wp\/v2\/product_brand?post=88329"},{"taxonomy":"product_cat","embeddable":true,"href":"https:\/\/defabrica.com.mx\/defabrica\/wp-json\/wp\/v2\/product_cat?post=88329"},{"taxonomy":"product_tag","embeddable":true,"href":"https:\/\/defabrica.com.mx\/defabrica\/wp-json\/wp\/v2\/product_tag?post=88329"}],"curies":[{"name":"wp","href":"https:\/\/api.w.org\/{rel}","templated":true}]}}