{"id":88239,"date":"2022-07-08T07:28:45","date_gmt":"2022-07-08T12:28:45","guid":{"rendered":"https:\/\/defabrica.com.mx\/defabrica\/?post_type=product&#038;p=88239"},"modified":"2022-07-08T07:28:45","modified_gmt":"2022-07-08T12:28:45","slug":"garmin-fenix-6x-pro-gps-smartwatch-35-mm-polimero-reforzado-con-fibra-negro-con-correa-negra","status":"publish","type":"product","link":"https:\/\/defabrica.com.mx\/defabrica\/producto\/garmin-fenix-6x-pro-gps-smartwatch-35-mm-polimero-reforzado-con-fibra-negro-con-correa-negra\/","title":{"rendered":"Garmin &#8211; f\u0113nix 6X Pro GPS Smartwatch 35 mm Pol\u00edmero reforzado con fibra &#8211; Negro con correa negra"},"content":{"rendered":"<p><span>Trabaja para alcanzar tus objetivos de fitness con este reloj GPS multideporte Garmin f\u0113nix 6X Pro.\u00a0El monitor de frecuencia card\u00edaca y Pulse Ox monitorean tus entrenamientos, mientras que la funci\u00f3n Pace Pro te empuja a mejorar tu rendimiento al correr.\u00a0Este reloj GPS multideporte Garmin f\u0113nix 6X Pro tiene mapas TOPO precargados para actividades al aire libre seguras.<\/span><\/p>\n<h3 class=\"heading-5 v-fw-regular feature-heading\"><strong>Caracter\u00edsticas<\/strong><\/h3>\n<ul>\n<li><strong>Compatible con determinados dispositivos Apple y Android<\/strong><br \/>\nIncluye modelos de iPhone y iPad y tel\u00e9fonos celulares y tabletas seleccionados con Android para una comunicaci\u00f3n inal\u00e1mbrica simple.<\/li>\n<li><strong>Conectividad inteligente<\/strong><br \/>\nCuenta con notificaciones inteligentes, cargas autom\u00e1ticas a Garmin Connect\u2122 y personalizaci\u00f3n a trav\u00e9s de pantallas de reloj y aplicaciones gratuitas de Connect IQ\u2122.<\/li>\n<li><strong>Pantalla digital retroiluminada<\/strong><br \/>\nGarantiza la legibilidad en todas las condiciones ambientales. La tecnolog\u00eda transflectiva refleja y transmite luz al mismo tiempo para que la esfera del reloj sea m\u00e1s legible bajo la luz solar intensa.<\/li>\n<li><strong>Monitoreo basado en la mu\u00f1eca<\/strong><br \/>\nLe permite controlar su frecuencia card\u00edaca sin usar una correa para el pecho, junto con la detecci\u00f3n de saturaci\u00f3n de ox\u00edgeno en sangre Pulse Ox para un control avanzado del sue\u00f1o.<\/li>\n<li><strong>Sensores de navegaci\u00f3n incorporados<\/strong><br \/>\nIncluya br\u00fajula de tres ejes, giroscopio y alt\u00edmetro barom\u00e9trico, as\u00ed como capacidades de GPS, GLONASS y Galileo, para realizar un seguimiento en entornos m\u00e1s desafiantes que el GPS solo.<\/li>\n<li><strong>Gu\u00eda PacePro<\/strong><br \/>\nJunto con los mapas topogr\u00e1ficos precargados, proporciona orientaci\u00f3n ajustada al grado e informaci\u00f3n topogr\u00e1fica de calidad.<\/li>\n<li><strong>Materiales de primera calidad<\/strong><br \/>\nEste reloj inteligente cuenta con una caja de pol\u00edmero reforzado con fibra y un bisel de acero inoxidable, junto con una lente Corning Gorilla Glass 3, que est\u00e1n dise\u00f1ados para aventuras dif\u00edciles.<\/li>\n<li><strong>Garmin Pay<\/strong><br \/>\nPermite pagos sin contacto con solo un movimiento de la mano para realizar compras r\u00e1pidamente.<\/li>\n<li><b>m\u00fasica viajera<\/b><br \/>\nPuede almacenar canciones directamente en su reloj para escucharlas sin usar el tel\u00e9fono mientras viaja.<\/li>\n<li><strong>Modo\u00a0<\/strong><b>vibraci\u00f3n<\/b><br \/>\nLe avisa en silencio sobre una variedad de notificaciones, como correos electr\u00f3nicos entrantes, llamadas y mensajes de texto, as\u00ed como sobre los pr\u00f3ximos eventos del calendario.<\/li>\n<\/ul>\n","protected":false},"excerpt":{"rendered":"<p>Trabaja para alcanzar tus objetivos de fitness con este reloj GPS multideporte Garmin f\u0113nix 6X Pro.\u00a0El monitor de frecuencia card\u00edaca y Pulse Ox monitorean tus entrenamientos, mientras que la funci\u00f3n<\/p>\n","protected":false},"featured_media":88240,"comment_status":"open","ping_status":"closed","template":"","meta":{"_acf_changed":false,"_joinchat":[]},"product_brand":[],"product_cat":[305,311],"product_tag":[],"class_list":{"0":"post-88239","1":"product","2":"type-product","3":"status-publish","4":"has-post-thumbnail","6":"product_cat-wearables","7":"product_cat-android-smartwatches","9":"first","10":"instock","11":"sale","12":"shipping-taxable","13":"purchasable","14":"product-type-simple"},"acf":[],"_links":{"self":[{"href":"https:\/\/defabrica.com.mx\/defabrica\/wp-json\/wp\/v2\/product\/88239","targetHints":{"allow":["GET"]}}],"collection":[{"href":"https:\/\/defabrica.com.mx\/defabrica\/wp-json\/wp\/v2\/product"}],"about":[{"href":"https:\/\/defabrica.com.mx\/defabrica\/wp-json\/wp\/v2\/types\/product"}],"replies":[{"embeddable":true,"href":"https:\/\/defabrica.com.mx\/defabrica\/wp-json\/wp\/v2\/comments?post=88239"}],"wp:featuredmedia":[{"embeddable":true,"href":"https:\/\/defabrica.com.mx\/defabrica\/wp-json\/wp\/v2\/media\/88240"}],"wp:attachment":[{"href":"https:\/\/defabrica.com.mx\/defabrica\/wp-json\/wp\/v2\/media?parent=88239"}],"wp:term":[{"taxonomy":"product_brand","embeddable":true,"href":"https:\/\/defabrica.com.mx\/defabrica\/wp-json\/wp\/v2\/product_brand?post=88239"},{"taxonomy":"product_cat","embeddable":true,"href":"https:\/\/defabrica.com.mx\/defabrica\/wp-json\/wp\/v2\/product_cat?post=88239"},{"taxonomy":"product_tag","embeddable":true,"href":"https:\/\/defabrica.com.mx\/defabrica\/wp-json\/wp\/v2\/product_tag?post=88239"}],"curies":[{"name":"wp","href":"https:\/\/api.w.org\/{rel}","templated":true}]}}