{"id":88201,"date":"2022-07-08T06:34:49","date_gmt":"2022-07-08T11:34:49","guid":{"rendered":"https:\/\/defabrica.com.mx\/defabrica\/?post_type=product&#038;p=88201"},"modified":"2023-01-17T15:50:33","modified_gmt":"2023-01-17T21:50:33","slug":"garmin-instinct-2-solar-45-mm-reloj-inteligente-polimero-reforzado-con-fibra-grafito","status":"publish","type":"product","link":"https:\/\/defabrica.com.mx\/defabrica\/producto\/garmin-instinct-2-solar-45-mm-reloj-inteligente-polimero-reforzado-con-fibra-grafito\/","title":{"rendered":"Garmin &#8211; Instinct 2 Solar 45 mm Reloj inteligente Pol\u00edmero reforzado con fibra &#8211; Grafito"},"content":{"rendered":"<p>Hagas lo que hagas, hazlo tuyo con Instinct 2 Solar.\u00a0Este resistente reloj inteligente con GPS es lo suficientemente resistente como para seguirle el ritmo y lo suficientemente exclusivo como para adaptarse a su estilo.\u00a0Adem\u00e1s, la carga solar le brinda una duraci\u00f3n ilimitada de la bater\u00eda en el modo de reloj inteligente (suponiendo que se usa durante todo el d\u00eda con 3 horas por d\u00eda al aire libre en condiciones de 50,000 lux) para que pueda aprovechar las posibilidades ilimitadas de la vida.\u00a0Haz m\u00e1s de lo que te gusta con los perfiles de actividad precargados para correr, andar en bicicleta, nadar, hacer entrenamiento de fuerza y \u200b\u200bm\u00e1s.<\/p>\n<h3 class=\"heading-5 v-fw-regular feature-heading\"><strong>Caracter\u00edsticas<\/strong><\/h3>\n<ul>\n<li><strong>Obtenga m\u00e1s bater\u00eda de la vida<\/strong><br \/>\nPase m\u00e1s tiempo que nunca con la carga solar que le brinda una duraci\u00f3n ilimitada de la bater\u00eda en el modo de reloj inteligente (suponiendo que se use durante todo el d\u00eda con 3 horas por d\u00eda al aire libre en condiciones de 50,000 lux)<\/li>\n<li><strong>Dise\u00f1ado para la resistencia<\/strong><br \/>\nEl resistente reloj inteligente con GPS tiene una clasificaci\u00f3n de resistencia al agua de hasta 100 metros y es resistente a la temperatura y a los golpes con una carcasa de pol\u00edmero reforzado con fibra y un cristal Corning Gorilla resistente a los ara\u00f1azos<\/li>\n<li><strong>Aplicaciones deportivas integradas<\/strong><br \/>\nAplicaciones deportivas integradas para correr, andar en bicicleta, nadar, hacer entrenamiento de fuerza y \u200b\u200bm\u00e1s; adem\u00e1s, VO2 Max y otras funciones de entrenamiento<\/li>\n<li><strong>Notificaciones inteligentes<\/strong><br \/>\nVive la mejor vida conectada con notificaciones inteligentes y compatibilidad con Connect IQ cuando se combina con tu tel\u00e9fono inteligente compatible.<\/li>\n<li><strong>Compatibilidad con varios GNSS<\/strong><br \/>\nRealice un seguimiento de sus aventuras con la br\u00fajula de 3 ejes y el alt\u00edmetro barom\u00e9trico integrados, adem\u00e1s de m\u00faltiples sistemas globales de navegaci\u00f3n por sat\u00e9lite (GPS, GLONASS y Galileo)<\/li>\n<li><strong>Vigilancia de la salud<\/strong><br \/>\nConozca mejor su cuerpo con las funciones de monitoreo de salud durante todo el d\u00eda que rastrean su frecuencia card\u00edaca, sue\u00f1o, Pulse Ox, respiraci\u00f3n y m\u00e1s (Pulse Ox no est\u00e1 disponible en todos los pa\u00edses. Este dispositivo est\u00e1 dise\u00f1ado para brindar una estimaci\u00f3n de su actividad y m\u00e9tricas; es no es un dispositivo m\u00e9dico)<\/li>\n<li><strong>Administrador de energ\u00eda<\/strong><br \/>\nProlongue la duraci\u00f3n de la bater\u00eda y su tiempo haciendo lo que le gusta con el administrador de energ\u00eda para ver c\u00f3mo la configuraci\u00f3n y los sensores afectan la duraci\u00f3n de la bater\u00eda de su reloj y realice cambios sobre la marcha<\/li>\n<li><strong>Rendimiento de la bater\u00eda<\/strong><br \/>\nDuraci\u00f3n de la bater\u00eda: ilimitada en modo reloj inteligente (con carga solar (suponiendo uso durante todo el d\u00eda con 3 horas por d\u00eda al aire libre en condiciones de 50 000 lux)) y hasta 48 horas en modo GPS (con carga solar (suponiendo condiciones de 50 000 lux))<\/li>\n<\/ul>\n","protected":false},"excerpt":{"rendered":"<p>Hagas lo que hagas, hazlo tuyo con Instinct 2 Solar.\u00a0Este resistente reloj inteligente con GPS es lo suficientemente resistente como para seguirle el ritmo y lo suficientemente exclusivo como para<\/p>\n","protected":false},"featured_media":88202,"comment_status":"open","ping_status":"closed","template":"","meta":{"_acf_changed":false,"_joinchat":[]},"product_brand":[],"product_cat":[305,311],"product_tag":[],"class_list":{"0":"post-88201","1":"product","2":"type-product","3":"status-publish","4":"has-post-thumbnail","6":"product_cat-wearables","7":"product_cat-android-smartwatches","9":"first","10":"instock","11":"sale","12":"shipping-taxable","13":"purchasable","14":"product-type-simple"},"acf":[],"_links":{"self":[{"href":"https:\/\/defabrica.com.mx\/defabrica\/wp-json\/wp\/v2\/product\/88201","targetHints":{"allow":["GET"]}}],"collection":[{"href":"https:\/\/defabrica.com.mx\/defabrica\/wp-json\/wp\/v2\/product"}],"about":[{"href":"https:\/\/defabrica.com.mx\/defabrica\/wp-json\/wp\/v2\/types\/product"}],"replies":[{"embeddable":true,"href":"https:\/\/defabrica.com.mx\/defabrica\/wp-json\/wp\/v2\/comments?post=88201"}],"wp:featuredmedia":[{"embeddable":true,"href":"https:\/\/defabrica.com.mx\/defabrica\/wp-json\/wp\/v2\/media\/88202"}],"wp:attachment":[{"href":"https:\/\/defabrica.com.mx\/defabrica\/wp-json\/wp\/v2\/media?parent=88201"}],"wp:term":[{"taxonomy":"product_brand","embeddable":true,"href":"https:\/\/defabrica.com.mx\/defabrica\/wp-json\/wp\/v2\/product_brand?post=88201"},{"taxonomy":"product_cat","embeddable":true,"href":"https:\/\/defabrica.com.mx\/defabrica\/wp-json\/wp\/v2\/product_cat?post=88201"},{"taxonomy":"product_tag","embeddable":true,"href":"https:\/\/defabrica.com.mx\/defabrica\/wp-json\/wp\/v2\/product_tag?post=88201"}],"curies":[{"name":"wp","href":"https:\/\/api.w.org\/{rel}","templated":true}]}}