{"id":88177,"date":"2022-07-08T05:58:37","date_gmt":"2022-07-08T10:58:37","guid":{"rendered":"https:\/\/defabrica.com.mx\/defabrica\/?post_type=product&#038;p=88177"},"modified":"2022-07-08T05:58:37","modified_gmt":"2022-07-08T10:58:37","slug":"garmin-fenix-6s-sapphire-gps-smartwatch-30-mm-polimero-reforzado-con-fibra-tono-de-oro-rosa-con-correa-de-silicona-gris-polvo","status":"publish","type":"product","link":"https:\/\/defabrica.com.mx\/defabrica\/producto\/garmin-fenix-6s-sapphire-gps-smartwatch-30-mm-polimero-reforzado-con-fibra-tono-de-oro-rosa-con-correa-de-silicona-gris-polvo\/","title":{"rendered":"Garmin &#8211; f\u0113nix 6S Sapphire GPS Smartwatch 30 mm Pol\u00edmero reforzado con fibra &#8211; Tono de oro rosa con correa de silicona gris polvo"},"content":{"rendered":"<p><span>Explora entornos m\u00e1s desafiantes sin perderte con este reloj inteligente Garmin f\u0113nix 6S.\u00a0La pantalla de 1,2 pulgadas te permite ajustar la configuraci\u00f3n o leer notificaciones sin esfuerzo, incluso bajo la luz solar directa, mientras que Pulse Ox admite un control avanzado del sue\u00f1o para obtener informaci\u00f3n \u00fatil sobre tus niveles de actividad.\u00a0Este reloj inteligente Garmin f\u0113nix 6S cuenta con un administrador de energ\u00eda personalizable para realizar cambios de extensi\u00f3n de la bater\u00eda f\u00e1cilmente.<\/span><\/p>\n<h3 class=\"heading-5 v-fw-regular feature-heading\"><strong>Caracter\u00edsticas<\/strong><\/h3>\n<ul>\n<li><strong>Compatible con determinados dispositivos Apple iOS y Android<\/strong><br \/>\nIncluyendo iPad\u00ae Pro, iPad mini, iPad Air, iPhone\u00ae 7, 8, X y XS, as\u00ed como la mayor\u00eda de los dispositivos con sistema operativo Android.<\/li>\n<li><strong>Datos de rendimiento al alcance de su mano<\/strong><br \/>\nRecopile informaci\u00f3n sobre el equilibrio de la carga de entrenamiento, el estado del entrenamiento y la din\u00e1mica de carrera y ciclismo para mejorar su experiencia f\u00edsica.<\/li>\n<li><strong>Tecnolog\u00eda PacePro\u2122 para entrenamiento avanzado<\/strong><br \/>\nProporciona orientaci\u00f3n sobre el ritmo a lo largo de su actividad, adem\u00e1s de estimaciones del estado de entrenamiento y el VO2 m\u00e1ximo ajustado al entorno.<\/li>\n<li><strong>SMS, calendario, correo electr\u00f3nico y notificaciones sociales<\/strong><br \/>\nMantenerlo actualizado sobre los acontecimientos del d\u00eda a d\u00eda.<\/li>\n<li><strong>Visi\u00f3n clara, incluso en la oscuridad o bajo la luz directa del sol<\/strong><br \/>\nCuenta con una pantalla transflectiva de memoria en p\u00edxeles (MIP) de 1,2&#8243; visible a la luz del sol con una resoluci\u00f3n de 240 x 240.<\/li>\n<li><strong>Seguimiento de la frecuencia card\u00edaca en la mu\u00f1eca y tecnolog\u00eda Pulse Ox<\/strong><br \/>\nLe permite monitorear su frecuencia card\u00edaca y la saturaci\u00f3n de ox\u00edgeno en la sangre para respaldar el monitoreo avanzado del sue\u00f1o y la aclimataci\u00f3n a la altitud en elevaciones altas.<\/li>\n<li><strong>Navegaci\u00f3n exterior mejorada<\/strong><br \/>\nAdmite m\u00faltiples sistemas satelitales de navegaci\u00f3n global (GPS, GLONASS y Galileo) y sensores integrados para br\u00fajula de tres ejes, giroscopio y alt\u00edmetro barom\u00e9trico para rastrear en entornos m\u00e1s desafiantes.<\/li>\n<li><strong>Caja de pol\u00edmero reforzado con fibra con cubierta trasera de metal<\/strong><br \/>\nJunto con una correa de reloj de silicona, garantiza durabilidad y comodidad para actividades deportivas.<\/li>\n<li><strong>Garmin Connect IQ<\/strong><br \/>\nPersonaliza tu reloj inteligente con car\u00e1tulas, campos de datos, widgets y aplicaciones descargables.<\/li>\n<li><strong>Garmin Pay<\/strong><br \/>\nPermite pagos sin contacto simples y seguros.<\/li>\n<li><strong>edici\u00f3n zafiro<\/strong><br \/>\nCuenta con una lente de zafiro resistente a los ara\u00f1azos. Su reloj tambi\u00e9n puede conectarse a su red inal\u00e1mbrica y enviar autom\u00e1ticamente cargas de actividad para compartir en Garmin Connect.<\/li>\n<li><strong>Mapas topogr\u00e1ficos y de esqu\u00ed precargados<\/strong><br \/>\nDisfrute de la navegaci\u00f3n de un vistazo y la referencia de ubicaci\u00f3n en su mu\u00f1eca.<\/li>\n<\/ul>\n","protected":false},"excerpt":{"rendered":"<p>Explora entornos m\u00e1s desafiantes sin perderte con este reloj inteligente Garmin f\u0113nix 6S.\u00a0La pantalla de 1,2 pulgadas te permite ajustar la configuraci\u00f3n o leer notificaciones sin esfuerzo, incluso bajo la<\/p>\n","protected":false},"featured_media":88178,"comment_status":"open","ping_status":"closed","template":"","meta":{"_acf_changed":false,"_joinchat":[]},"product_brand":[],"product_cat":[305,311],"product_tag":[],"class_list":{"0":"post-88177","1":"product","2":"type-product","3":"status-publish","4":"has-post-thumbnail","6":"product_cat-wearables","7":"product_cat-android-smartwatches","9":"first","10":"instock","11":"sale","12":"shipping-taxable","13":"purchasable","14":"product-type-simple"},"acf":[],"_links":{"self":[{"href":"https:\/\/defabrica.com.mx\/defabrica\/wp-json\/wp\/v2\/product\/88177","targetHints":{"allow":["GET"]}}],"collection":[{"href":"https:\/\/defabrica.com.mx\/defabrica\/wp-json\/wp\/v2\/product"}],"about":[{"href":"https:\/\/defabrica.com.mx\/defabrica\/wp-json\/wp\/v2\/types\/product"}],"replies":[{"embeddable":true,"href":"https:\/\/defabrica.com.mx\/defabrica\/wp-json\/wp\/v2\/comments?post=88177"}],"wp:featuredmedia":[{"embeddable":true,"href":"https:\/\/defabrica.com.mx\/defabrica\/wp-json\/wp\/v2\/media\/88178"}],"wp:attachment":[{"href":"https:\/\/defabrica.com.mx\/defabrica\/wp-json\/wp\/v2\/media?parent=88177"}],"wp:term":[{"taxonomy":"product_brand","embeddable":true,"href":"https:\/\/defabrica.com.mx\/defabrica\/wp-json\/wp\/v2\/product_brand?post=88177"},{"taxonomy":"product_cat","embeddable":true,"href":"https:\/\/defabrica.com.mx\/defabrica\/wp-json\/wp\/v2\/product_cat?post=88177"},{"taxonomy":"product_tag","embeddable":true,"href":"https:\/\/defabrica.com.mx\/defabrica\/wp-json\/wp\/v2\/product_tag?post=88177"}],"curies":[{"name":"wp","href":"https:\/\/api.w.org\/{rel}","templated":true}]}}