{"id":88164,"date":"2022-07-08T05:39:31","date_gmt":"2022-07-08T10:39:31","guid":{"rendered":"https:\/\/defabrica.com.mx\/defabrica\/?post_type=product&#038;p=88164"},"modified":"2022-07-08T05:39:31","modified_gmt":"2022-07-08T10:39:31","slug":"garmin-fenix-6-sapphire-gps-smartwatch-33-mm-polimero-reforzado-con-fibra-dlc-gris-carbon-con-correa-negra","status":"publish","type":"product","link":"https:\/\/defabrica.com.mx\/defabrica\/producto\/garmin-fenix-6-sapphire-gps-smartwatch-33-mm-polimero-reforzado-con-fibra-dlc-gris-carbon-con-correa-negra\/","title":{"rendered":"Garmin &#8211; f\u0113nix 6 Sapphire GPS Smartwatch 33 mm Pol\u00edmero reforzado con fibra &#8211; DLC gris carb\u00f3n con correa negra"},"content":{"rendered":"<p><span>Realice un seguimiento de las m\u00e9tricas de actividad f\u00edsica con este reloj GPS Garmin f\u0113nix 6 gris carb\u00f3n.\u00a0<\/span><span>El resistente bisel de acero inoxidable cuenta con una pantalla siempre encendida que se puede leer a la luz del sol, lo que le permite ver el equilibrio de su carga de entrenamiento y la din\u00e1mica de carrera mientras hace ejercicio.\u00a0<\/span><span>Este reloj GPS Garmin f\u0113nix 6 tiene un rastreador de frecuencia card\u00edaca mejorado para monitorear el sue\u00f1o y otra informaci\u00f3n, y los sensores integrados rastrean con precisi\u00f3n tu ubicaci\u00f3n en entornos dif\u00edciles.<\/span><\/p>\n<h3 class=\"heading-5 v-fw-regular feature-heading\"><strong>Caracter\u00edsticas<\/strong><\/h3>\n<ul>\n<li><strong>Compatible con determinados modelos de iPhone\u00ae y tel\u00e9fonos Android<\/strong><br \/>\nPuede permanecer conectado mientras su tel\u00e9fono est\u00e1 fuera de la vista.<\/li>\n<li><strong>Notificaciones de llamadas perdidas, SMS, correo electr\u00f3nico y aplicaciones sociales<\/strong><br \/>\nMantenerlo actualizado sobre los acontecimientos del d\u00eda a d\u00eda.<\/li>\n<li><strong>Visi\u00f3n clara, incluso en la oscuridad o bajo la luz directa del sol<\/strong><br \/>\nEste reloj inteligente cuenta con una pantalla LCD transflectiva de 1,3&#8243;. La luz de fondo se activa con un movimiento r\u00e1pido de la mu\u00f1eca.<\/li>\n<li><strong>Caja de pol\u00edmero reforzado con fibra<\/strong><br \/>\nGarantiza durabilidad y un aspecto elegante.<\/li>\n<li><strong>Dise\u00f1o resistente al agua<\/strong><br \/>\nDefiende su reloj inteligente contra la inmersi\u00f3n en hasta 328 &#8216;de agua.<\/li>\n<li><strong>Conexi\u00f3n inal\u00e1mbrica a su dispositivo<\/strong><br \/>\nLa tecnolog\u00eda Wi-Fi y Bluetooth proporciona una conexi\u00f3n inal\u00e1mbrica confiable.<\/li>\n<li><strong>Monitoreo integral<\/strong><br \/>\nRealiza un seguimiento de la distancia, el tiempo, la velocidad, las calor\u00edas quemadas, la actividad, la actividad del sue\u00f1o, la frecuencia card\u00edaca, los pasos dados, los pisos subidos y el nivel de estr\u00e9s.<\/li>\n<li><strong>Sistema de navegaci\u00f3n avanzado<\/strong><br \/>\nAdmite m\u00faltiples sistemas globales de navegaci\u00f3n por sat\u00e9lite (GPS, GLONASS y Galileo), sensores integrados para br\u00fajula de tres ejes, giroscopio y alt\u00edmetro barom\u00e9trico, y mapas topogr\u00e1ficos y de esqu\u00ed precargados para m\u00e1s de 2000 estaciones de esqu\u00ed en todo el mundo.<\/li>\n<\/ul>\n","protected":false},"excerpt":{"rendered":"<p>Realice un seguimiento de las m\u00e9tricas de actividad f\u00edsica con este reloj GPS Garmin f\u0113nix 6 gris carb\u00f3n.\u00a0El resistente bisel de acero inoxidable cuenta con una pantalla siempre encendida que<\/p>\n","protected":false},"featured_media":88165,"comment_status":"open","ping_status":"closed","template":"","meta":{"_acf_changed":false,"_joinchat":[]},"product_brand":[],"product_cat":[305,311],"product_tag":[],"class_list":{"0":"post-88164","1":"product","2":"type-product","3":"status-publish","4":"has-post-thumbnail","6":"product_cat-wearables","7":"product_cat-android-smartwatches","9":"first","10":"instock","11":"sale","12":"shipping-taxable","13":"purchasable","14":"product-type-simple"},"acf":[],"_links":{"self":[{"href":"https:\/\/defabrica.com.mx\/defabrica\/wp-json\/wp\/v2\/product\/88164","targetHints":{"allow":["GET"]}}],"collection":[{"href":"https:\/\/defabrica.com.mx\/defabrica\/wp-json\/wp\/v2\/product"}],"about":[{"href":"https:\/\/defabrica.com.mx\/defabrica\/wp-json\/wp\/v2\/types\/product"}],"replies":[{"embeddable":true,"href":"https:\/\/defabrica.com.mx\/defabrica\/wp-json\/wp\/v2\/comments?post=88164"}],"wp:featuredmedia":[{"embeddable":true,"href":"https:\/\/defabrica.com.mx\/defabrica\/wp-json\/wp\/v2\/media\/88165"}],"wp:attachment":[{"href":"https:\/\/defabrica.com.mx\/defabrica\/wp-json\/wp\/v2\/media?parent=88164"}],"wp:term":[{"taxonomy":"product_brand","embeddable":true,"href":"https:\/\/defabrica.com.mx\/defabrica\/wp-json\/wp\/v2\/product_brand?post=88164"},{"taxonomy":"product_cat","embeddable":true,"href":"https:\/\/defabrica.com.mx\/defabrica\/wp-json\/wp\/v2\/product_cat?post=88164"},{"taxonomy":"product_tag","embeddable":true,"href":"https:\/\/defabrica.com.mx\/defabrica\/wp-json\/wp\/v2\/product_tag?post=88164"}],"curies":[{"name":"wp","href":"https:\/\/api.w.org\/{rel}","templated":true}]}}