{"id":88124,"date":"2022-07-08T03:11:24","date_gmt":"2022-07-08T08:11:24","guid":{"rendered":"https:\/\/defabrica.com.mx\/defabrica\/?post_type=product&#038;p=88124"},"modified":"2022-07-08T03:11:45","modified_gmt":"2022-07-08T08:11:45","slug":"amazfit-verge-lite-smartwatch-43mm-policarbonato-fibra-de-vidrio-blanco-con-correa-de-silicona-blanca","status":"publish","type":"product","link":"https:\/\/defabrica.com.mx\/defabrica\/producto\/amazfit-verge-lite-smartwatch-43mm-policarbonato-fibra-de-vidrio-blanco-con-correa-de-silicona-blanca\/","title":{"rendered":"Amazfit &#8211; Verge Lite Smartwatch 43mm Policarbonato\/Fibra de vidrio &#8211; Blanco con correa de silicona blanca"},"content":{"rendered":"<p>Mu\u00e9vete con este reloj inteligente Amazfit Verge Lite blanco.\u00a0El GPS y los m\u00faltiples modos de deporte brindan estad\u00edsticas detalladas para diversas actividades f\u00edsicas, mientras que la frecuencia card\u00edaca y el control del sue\u00f1o agregan datos \u00fatiles para mantener su salud bajo control.\u00a0Recargue este reloj inteligente Amazfit Verge Lite con menos frecuencia con su bater\u00eda de 20 horas de duraci\u00f3n y reciba recordatorios sedentarios para ayudarlo a mantenerse activo.<\/p>\n<h3 class=\"heading-5 v-fw-regular feature-heading\"><strong>Caracter\u00edsticas<\/strong><\/h3>\n<ul>\n<li><strong>Compatible con dispositivos Android e iOS selectos<\/strong><br \/>\nIncluye modelos de iPhone y iPad y tel\u00e9fonos celulares y tabletas seleccionados con Android para una comunicaci\u00f3n inal\u00e1mbrica simple.<\/li>\n<li><strong>Conectividad inteligente<\/strong><br \/>\nAmazfit presenta notificaciones inteligentes, controles de m\u00fasica y personalizaci\u00f3n a trav\u00e9s de esferas de reloj gratuitas disponibles en la tienda de relojes.<\/li>\n<li><strong>Pantalla AMOLED de 1,3&#8243;<\/strong><br \/>\nOfrece una navegaci\u00f3n sencilla e im\u00e1genes claras con una resoluci\u00f3n de 360 \u200b\u200bx 360.<\/li>\n<li><strong>Dise\u00f1o resistente al agua<\/strong><br \/>\nBrinda una protecci\u00f3n confiable para su reloj inteligente contra la lluvia o las salpicaduras de agua.<\/li>\n<li><strong>Conexi\u00f3n inal\u00e1mbrica a su dispositivo<\/strong><br \/>\nLa tecnolog\u00eda Bluetooth permite una conexi\u00f3n fiable sin cables.<\/li>\n<li><strong>Monitoreo integral<\/strong><br \/>\nVerge Lite rastrea las calor\u00edas quemadas, la frecuencia card\u00edaca, las horas dormidas, la calidad del sue\u00f1o y los pasos dados.<\/li>\n<li><strong>Seguimiento multideporte<\/strong><br \/>\nEste reloj inteligente cuenta con siete modos de seguimiento deportivo, que incluyen caminar, correr, andar en cinta, entrenamiento el\u00edptico, ejercicio, ciclismo en interiores y exteriores.<\/li>\n<li><strong>Sensores de navegaci\u00f3n incorporados<\/strong><br \/>\nHaga que la b\u00fasqueda de se\u00f1ales satelitales sea r\u00e1pida y precisa para rastrear sus rutas y distancias.<\/li>\n<\/ul>\n","protected":false},"excerpt":{"rendered":"<p>Mu\u00e9vete con este reloj inteligente Amazfit Verge Lite blanco.\u00a0El GPS y los m\u00faltiples modos de deporte brindan estad\u00edsticas detalladas para diversas actividades f\u00edsicas, mientras que la frecuencia card\u00edaca y el<\/p>\n","protected":false},"featured_media":88125,"comment_status":"open","ping_status":"closed","template":"","meta":{"_acf_changed":false,"_joinchat":[]},"product_brand":[],"product_cat":[305,311,312],"product_tag":[],"class_list":{"0":"post-88124","1":"product","2":"type-product","3":"status-publish","4":"has-post-thumbnail","6":"product_cat-wearables","7":"product_cat-android-smartwatches","8":"product_cat-ver-todo-wearables","10":"first","11":"instock","12":"sale","13":"shipping-taxable","14":"purchasable","15":"product-type-simple"},"acf":[],"_links":{"self":[{"href":"https:\/\/defabrica.com.mx\/defabrica\/wp-json\/wp\/v2\/product\/88124","targetHints":{"allow":["GET"]}}],"collection":[{"href":"https:\/\/defabrica.com.mx\/defabrica\/wp-json\/wp\/v2\/product"}],"about":[{"href":"https:\/\/defabrica.com.mx\/defabrica\/wp-json\/wp\/v2\/types\/product"}],"replies":[{"embeddable":true,"href":"https:\/\/defabrica.com.mx\/defabrica\/wp-json\/wp\/v2\/comments?post=88124"}],"wp:featuredmedia":[{"embeddable":true,"href":"https:\/\/defabrica.com.mx\/defabrica\/wp-json\/wp\/v2\/media\/88125"}],"wp:attachment":[{"href":"https:\/\/defabrica.com.mx\/defabrica\/wp-json\/wp\/v2\/media?parent=88124"}],"wp:term":[{"taxonomy":"product_brand","embeddable":true,"href":"https:\/\/defabrica.com.mx\/defabrica\/wp-json\/wp\/v2\/product_brand?post=88124"},{"taxonomy":"product_cat","embeddable":true,"href":"https:\/\/defabrica.com.mx\/defabrica\/wp-json\/wp\/v2\/product_cat?post=88124"},{"taxonomy":"product_tag","embeddable":true,"href":"https:\/\/defabrica.com.mx\/defabrica\/wp-json\/wp\/v2\/product_tag?post=88124"}],"curies":[{"name":"wp","href":"https:\/\/api.w.org\/{rel}","templated":true}]}}