{"id":88060,"date":"2022-07-08T02:39:43","date_gmt":"2022-07-08T07:39:43","guid":{"rendered":"https:\/\/defabrica.com.mx\/defabrica\/?post_type=product&#038;p=88060"},"modified":"2022-07-08T02:40:13","modified_gmt":"2022-07-08T07:40:13","slug":"fossil-reloj-inteligente-gen-5-44-mm-acero-inoxidable-oro-rosa-con-correa-de-acero-inoxidable-en-tono-oro-rosa","status":"publish","type":"product","link":"https:\/\/defabrica.com.mx\/defabrica\/producto\/fossil-reloj-inteligente-gen-5-44-mm-acero-inoxidable-oro-rosa-con-correa-de-acero-inoxidable-en-tono-oro-rosa\/","title":{"rendered":"Fossil &#8211; Reloj inteligente Gen 5 44 mm Acero inoxidable &#8211; Oro rosa con correa de acero inoxidable en tono oro rosa"},"content":{"rendered":"<p>Controle el tiempo y mant\u00e9ngase conectado con este reloj inteligente Fossil Gen 5 Julianna HR de oro rosa.\u00a0La bater\u00eda recargable ofrece hasta un d\u00eda de tiempo de actividad, mientras que tres modos de bater\u00eda inteligente admiten el uso de varios d\u00edas.\u00a0Este reloj inteligente Fossil Gen 5 Julianna HR utiliza Wear OS de Google, que le permite conectar tel\u00e9fonos inteligentes Android e iOS, y la funci\u00f3n Asistente de Google activada por voz responde a trav\u00e9s del altavoz incorporado.<\/p>\n<h3><\/h3>\n<h3 class=\"heading-5 v-fw-regular feature-heading\"><strong>Caracter\u00edsticas<\/strong><\/h3>\n<ul>\n<li><strong>Compatible con tel\u00e9fonos Android y iPhone\u00ae<\/strong><br \/>\nIncluye modelos con Android 4.4 o posterior (excluyendo la edici\u00f3n Go) o iOS 9.3 o sistema operativo posterior para una amplia variedad de usos.<\/li>\n<li><strong>Notificaciones de calendario, SMS, correo electr\u00f3nico y aplicaciones sociales<\/strong><br \/>\nMantenerlo actualizado sobre los acontecimientos del d\u00eda a d\u00eda.<\/li>\n<li><strong>Pantalla AMOLED sensible al tacto<\/strong><br \/>\nControla el reloj inteligente directamente desde la pantalla.<\/li>\n<li><strong>Caja de acero inoxidable<\/strong><br \/>\nJunto con una correa de reloj de acero inoxidable de 22 mm, garantiza durabilidad y un aspecto elegante.<\/li>\n<li><strong>Dise\u00f1o resistente al agua<\/strong><br \/>\nDefiende su reloj inteligente contra la inmersi\u00f3n en hasta 98 \u200b\u200b&#8217;de agua.<\/li>\n<li><strong>Conexi\u00f3n inal\u00e1mbrica a su dispositivo<\/strong><br \/>\nLa conectividad Bluetooth y la tecnolog\u00eda NFC permiten un emparejamiento simple con un solo toque.<\/li>\n<li><strong>Monitoreo integral<\/strong><br \/>\nRealiza un seguimiento de la actividad, la actividad del sue\u00f1o y la frecuencia card\u00edaca.<\/li>\n<li><strong>Micr\u00f3fono<\/strong><br \/>\nHable en el reloj inteligente para utilizar aplicaciones que requieran sonido.<\/li>\n<li><strong>Bater\u00eda recargable<\/strong><br \/>\nPara una mayor duraci\u00f3n de la bater\u00eda. Cargue f\u00e1cilmente con el cargador magn\u00e9tico USB incluido.<\/li>\n<\/ul>\n","protected":false},"excerpt":{"rendered":"<p>Controle el tiempo y mant\u00e9ngase conectado con este reloj inteligente Fossil Gen 5 Julianna HR de oro rosa.\u00a0La bater\u00eda recargable ofrece hasta un d\u00eda de tiempo de actividad, mientras que<\/p>\n","protected":false},"featured_media":88063,"comment_status":"open","ping_status":"closed","template":"","meta":{"_acf_changed":false,"_joinchat":[]},"product_brand":[],"product_cat":[305,311,312],"product_tag":[],"class_list":{"0":"post-88060","1":"product","2":"type-product","3":"status-publish","4":"has-post-thumbnail","6":"product_cat-wearables","7":"product_cat-android-smartwatches","8":"product_cat-ver-todo-wearables","10":"first","11":"instock","12":"sale","13":"shipping-taxable","14":"purchasable","15":"product-type-simple"},"acf":[],"_links":{"self":[{"href":"https:\/\/defabrica.com.mx\/defabrica\/wp-json\/wp\/v2\/product\/88060","targetHints":{"allow":["GET"]}}],"collection":[{"href":"https:\/\/defabrica.com.mx\/defabrica\/wp-json\/wp\/v2\/product"}],"about":[{"href":"https:\/\/defabrica.com.mx\/defabrica\/wp-json\/wp\/v2\/types\/product"}],"replies":[{"embeddable":true,"href":"https:\/\/defabrica.com.mx\/defabrica\/wp-json\/wp\/v2\/comments?post=88060"}],"wp:featuredmedia":[{"embeddable":true,"href":"https:\/\/defabrica.com.mx\/defabrica\/wp-json\/wp\/v2\/media\/88063"}],"wp:attachment":[{"href":"https:\/\/defabrica.com.mx\/defabrica\/wp-json\/wp\/v2\/media?parent=88060"}],"wp:term":[{"taxonomy":"product_brand","embeddable":true,"href":"https:\/\/defabrica.com.mx\/defabrica\/wp-json\/wp\/v2\/product_brand?post=88060"},{"taxonomy":"product_cat","embeddable":true,"href":"https:\/\/defabrica.com.mx\/defabrica\/wp-json\/wp\/v2\/product_cat?post=88060"},{"taxonomy":"product_tag","embeddable":true,"href":"https:\/\/defabrica.com.mx\/defabrica\/wp-json\/wp\/v2\/product_tag?post=88060"}],"curies":[{"name":"wp","href":"https:\/\/api.w.org\/{rel}","templated":true}]}}