{"id":88048,"date":"2022-07-08T02:30:32","date_gmt":"2022-07-08T07:30:32","guid":{"rendered":"https:\/\/defabrica.com.mx\/defabrica\/?post_type=product&#038;p=88048"},"modified":"2023-01-18T12:52:33","modified_gmt":"2023-01-18T18:52:33","slug":"reloj-inteligente-fossil-gen-6-42-mm-cuero-gris-gris","status":"publish","type":"product","link":"https:\/\/defabrica.com.mx\/defabrica\/producto\/reloj-inteligente-fossil-gen-6-42-mm-cuero-gris-gris\/","title":{"rendered":"Reloj inteligente Fossil Gen 6 42 mm Cuero gris &#8211; Gris"},"content":{"rendered":"<div class=\"embedded-component-container lv product-description\">\n<div>\n<div id=\"shop-product-description-59110343\" class=\"_none\" data-version=\"1.3.45\">\n<div class=\"shop-product-description\">\n<section class=\"align-heading-left\" data-reactroot=\"\">\n<div class=\"long-description-container body-copy \">\n<div class=\"html-fragment\">Mucho m\u00e1s.\u00a0Mucho m\u00e1s r\u00e1pido.\u00a0Este reloj inteligente con pantalla t\u00e1ctil Gen 6 de 44 mm cuenta con una correa de cuero gris, una velocidad de carga 2 veces m\u00e1s r\u00e1pida (80 % en poco m\u00e1s de 30 minutos), tecnolog\u00eda Qualcomm 4100+ y toneladas de opciones de personalizaci\u00f3n.<\/div>\n<\/div>\n<\/section>\n<\/div>\n<\/div>\n<\/div>\n<\/div>\n<div class=\"embedded-component-container lv product-features\">\n<h3><\/h3>\n<h3 class=\"heading-5 v-fw-regular feature-heading\"><strong>Caracter\u00edsticas<\/strong><\/h3>\n<ul>\n<li><strong>Ser notificado<\/strong><br \/>\nMant\u00e9ngase conectado con notificaciones de llamadas, mensajes de texto, aplicaciones y hora autom\u00e1tica, zona horaria y sincronizaci\u00f3n de calendario. Nunca pierda una llamada: responda y haga llamadas directamente en su reloj cuando su tel\u00e9fono est\u00e9 fuera de alcance. Optimice la duraci\u00f3n de su bater\u00eda con los modos de bater\u00eda inteligente recientemente simplificados.<\/li>\n<li><strong>Modos de bater\u00eda de varios d\u00edas<\/strong><br \/>\nModo extendido de 24 horas + varios d\u00edas **Var\u00eda seg\u00fan el uso y despu\u00e9s de la instalaci\u00f3n de las actualizaciones**. El cable de datos USB con base magn\u00e9tica se ajusta a los anillos divididos en la parte posterior de la caja del reloj y gira 360 grados para facilitar su uso. Aproximadamente media hora para llegar al 80%.<\/li>\n<li><strong>personalizar<\/strong><br \/>\nSiempre en pantalla ahora m\u00e1s brillante con m\u00e1s colores. Miles de car\u00e1tulas para personalizar tu look y ver siempre la hora. Cientos de aplicaciones, desde asistente hasta actividad f\u00edsica, pagos, m\u00fasica, redes sociales, noticias, juegos, cron\u00f3metros y m\u00e1s.<\/li>\n<li><strong>Sistema operativo<\/strong><br \/>\nWear OS by Google funciona con tel\u00e9fonos que ejecutan la \u00faltima versi\u00f3n de Android\u2122 (excluyendo la edici\u00f3n Go y los tel\u00e9fonos sin Google Play Store) o iOS. Las funciones admitidas pueden variar entre plataformas y pa\u00edses y la compatibilidad est\u00e1 sujeta a cambios.<\/li>\n<li><strong>Trabajar. Eso. Afuera.<\/strong><br \/>\nRealiza un seguimiento autom\u00e1tico de los objetivos de actividad, los pasos, el sue\u00f1o, la frecuencia card\u00edaca, el nivel cardiovascular, SPO2 (ox\u00edgeno en la sangre) y m\u00e1s. Los modos de actividad con GPS te mantienen al tanto de tu distancia y ruta. Los sensores avanzados proporcionan los datos para impulsar todas sus aplicaciones de salud y fitness.<\/li>\n<\/ul>\n<\/div>\n","protected":false},"excerpt":{"rendered":"<p>Mucho m\u00e1s.\u00a0Mucho m\u00e1s r\u00e1pido.\u00a0Este reloj inteligente con pantalla t\u00e1ctil Gen 6 de 44 mm cuenta con una correa de cuero gris, una velocidad de carga 2 veces m\u00e1s r\u00e1pida (80<\/p>\n","protected":false},"featured_media":88049,"comment_status":"open","ping_status":"closed","template":"","meta":{"_acf_changed":false,"_joinchat":[]},"product_brand":[],"product_cat":[305,311,312],"product_tag":[],"class_list":{"0":"post-88048","1":"product","2":"type-product","3":"status-publish","4":"has-post-thumbnail","6":"product_cat-wearables","7":"product_cat-android-smartwatches","8":"product_cat-ver-todo-wearables","10":"first","11":"instock","12":"sale","13":"shipping-taxable","14":"purchasable","15":"product-type-simple"},"acf":[],"_links":{"self":[{"href":"https:\/\/defabrica.com.mx\/defabrica\/wp-json\/wp\/v2\/product\/88048","targetHints":{"allow":["GET"]}}],"collection":[{"href":"https:\/\/defabrica.com.mx\/defabrica\/wp-json\/wp\/v2\/product"}],"about":[{"href":"https:\/\/defabrica.com.mx\/defabrica\/wp-json\/wp\/v2\/types\/product"}],"replies":[{"embeddable":true,"href":"https:\/\/defabrica.com.mx\/defabrica\/wp-json\/wp\/v2\/comments?post=88048"}],"wp:featuredmedia":[{"embeddable":true,"href":"https:\/\/defabrica.com.mx\/defabrica\/wp-json\/wp\/v2\/media\/88049"}],"wp:attachment":[{"href":"https:\/\/defabrica.com.mx\/defabrica\/wp-json\/wp\/v2\/media?parent=88048"}],"wp:term":[{"taxonomy":"product_brand","embeddable":true,"href":"https:\/\/defabrica.com.mx\/defabrica\/wp-json\/wp\/v2\/product_brand?post=88048"},{"taxonomy":"product_cat","embeddable":true,"href":"https:\/\/defabrica.com.mx\/defabrica\/wp-json\/wp\/v2\/product_cat?post=88048"},{"taxonomy":"product_tag","embeddable":true,"href":"https:\/\/defabrica.com.mx\/defabrica\/wp-json\/wp\/v2\/product_tag?post=88048"}],"curies":[{"name":"wp","href":"https:\/\/api.w.org\/{rel}","templated":true}]}}