{"id":88036,"date":"2022-07-08T02:24:38","date_gmt":"2022-07-08T07:24:38","guid":{"rendered":"https:\/\/defabrica.com.mx\/defabrica\/?post_type=product&#038;p=88036"},"modified":"2023-01-18T12:51:54","modified_gmt":"2023-01-18T18:51:54","slug":"garmin-ee-uu-venu-sq-gps-smartwatch-33-mm-polimero-reforzado-con-fibra-gris-sombra","status":"publish","type":"product","link":"https:\/\/defabrica.com.mx\/defabrica\/producto\/garmin-ee-uu-venu-sq-gps-smartwatch-33-mm-polimero-reforzado-con-fibra-gris-sombra\/","title":{"rendered":"Garmin EE. UU. &#8211; Venu Sq GPS Smartwatch 33 mm Pol\u00edmero reforzado con fibra &#8211; Gris sombra"},"content":{"rendered":"<div class=\"embedded-component-container lv product-description\">\n<div>\n<div id=\"shop-product-description-46395852\" class=\"_none\" data-version=\"1.3.45\">\n<div class=\"shop-product-description\">\n<section class=\"align-heading-left\" data-reactroot=\"\">\n<div class=\"long-description-container body-copy \">\n<div class=\"html-fragment\">Ahora es el momento perfecto para mudarse.\u00a0Con una pantalla a color brillante, el reloj inteligente con GPS Venu\u00ae Sq combina el estilo diario con funciones de seguimiento de la salud y estado f\u00edsico que lo inspiran a mantenerse en movimiento.\u00a0Realice un seguimiento de su frecuencia card\u00edaca, sue\u00f1o, estr\u00e9s, niveles de energ\u00eda de Body Battery\u2122 y mucho m\u00e1s (los dispositivos Garmin no est\u00e1n dise\u00f1ados para usarse como dispositivos m\u00e9dicos).\u00a0Camine, corra, ande en bicicleta o elija entre m\u00e1s de 20 aplicaciones precargadas para deportes de interior o al aire libre.\u00a0No te pierdas ni una llamada ni un mensaje de texto con las notificaciones inteligentes enviadas a tu mu\u00f1eca (cuando se combina con un tel\u00e9fono inteligente compatible).\u00a0Pase r\u00e1pidamente por las l\u00edneas de pago y seleccione los sistemas de tr\u00e1nsito con los pagos sin contacto de Garmin Pay\u2122 (con una red de pago compatible).\u00a0Pase m\u00e1s tiempo entre cargas con hasta 6 d\u00edas de duraci\u00f3n de la bater\u00eda.\u00a0Nade, ande en bicicleta, corra: h\u00e1galo todo con un reloj inteligente que utiliza m\u00faltiples sistemas satelitales para realizar un seguimiento preciso de sus entrenamientos.<\/div>\n<\/div>\n<\/section>\n<\/div>\n<\/div>\n<\/div>\n<\/div>\n<div class=\"embedded-component-container lv product-features\">\n<h3><\/h3>\n<h3 class=\"heading-5 v-fw-regular feature-heading\"><strong>Caracter\u00edsticas<\/strong><\/h3>\n<ul>\n<li><strong>Funciones inteligentes<\/strong><br \/>\nNunca pierda una alerta de llamada, mensaje de texto o redes sociales con notificaciones inteligentes enviadas directamente a su mu\u00f1eca cuando se combina con un tel\u00e9fono inteligente Apple iOS de Andriod compatible<\/li>\n<li><strong>Monitoreo y Concientizaci\u00f3n de la Salud<\/strong><br \/>\nLa salud es importante para usted, as\u00ed que controle todo, desde los niveles de energ\u00eda de su Body Battery, la respiraci\u00f3n, la hidrataci\u00f3n y el estr\u00e9s hasta el sue\u00f1o, el ciclo menstrual, la frecuencia card\u00edaca y m\u00e1s*<\/li>\n<li><strong>Aplicaciones deportivas precargadas<\/strong><br \/>\nEncuentre nuevas formas de mantenerse en movimiento con m\u00e1s de 20 aplicaciones deportivas precargadas, que incluyen caminar, correr, andar en bicicleta, respirar conscientemente, nadar, jugar al golf y muchas m\u00e1s.<\/li>\n<li><strong>Entrenamientos y Entrenamiento<\/strong><br \/>\nUsa entrenamientos precargados que incluyen cardio, yoga, fuerza e incluso Pilates, crea los tuyos propios en la aplicaci\u00f3n Garmin Connect\u2122** o prueba los planes de entrenamiento adaptables gratuitos de Garmin Coach para ayudarte a prepararte para tu pr\u00f3ximo desaf\u00edo de carrera<\/li>\n<li><strong>Pantalla de cristal l\u00edquido<\/strong><br \/>\nVea todo claramente en una pantalla a color brillante que incluye un modo siempre encendido, perfecto para vistazos r\u00e1pidos<\/li>\n<li><strong>Pagos sin contacto<\/strong><br \/>\nDeje su efectivo y tarjetas en casa; Los pagos sin contacto de Garmin Pay\u2122 (con una red de pago compatible) le permiten pagar sus compras sobre la marcha<\/li>\n<li><strong>Detecci\u00f3n de incidentes<\/strong><br \/>\nLas funciones de seguridad y seguimiento incluyen detecci\u00f3n de incidentes (durante actividades seleccionadas) y asistencia, las cuales env\u00edan su ubicaci\u00f3n en vivo a contactos de emergencia cuando se vinculan con un tel\u00e9fono inteligente compatible<\/li>\n<li><strong>Personalizaci\u00f3n personalizada<\/strong><br \/>\nPersonalice su reloj con miles de car\u00e1tulas, aplicaciones y widgets gratuitos de nuestra tienda Connect IQ\u2122 (cuando se combina con su computadora o tel\u00e9fono inteligente compatible descargado con la aplicaci\u00f3n Connect IQ Store)<\/li>\n<li><strong>Duraci\u00f3n de la bater\u00eda<\/strong><br \/>\nDura m\u00e1s tiempo con una sola carga con hasta 6 d\u00edas de duraci\u00f3n de la bater\u00eda en modo reloj inteligente y hasta 14 horas en modo GPS<\/li>\n<li><strong>Descargo de responsabilidad<\/strong><br \/>\nLos dispositivos de Garmin no est\u00e1n dise\u00f1ados para ser utilizados como dispositivos m\u00e9dicos. Requiere una aplicaci\u00f3n en un tel\u00e9fono inteligente compatible.<\/li>\n<\/ul>\n<\/div>\n","protected":false},"excerpt":{"rendered":"<p>Ahora es el momento perfecto para mudarse.\u00a0Con una pantalla a color brillante, el reloj inteligente con GPS Venu\u00ae Sq combina el estilo diario con funciones de seguimiento de la salud<\/p>\n","protected":false},"featured_media":88037,"comment_status":"open","ping_status":"closed","template":"","meta":{"_acf_changed":false,"_joinchat":[]},"product_brand":[],"product_cat":[305,311,312],"product_tag":[],"class_list":{"0":"post-88036","1":"product","2":"type-product","3":"status-publish","4":"has-post-thumbnail","6":"product_cat-wearables","7":"product_cat-android-smartwatches","8":"product_cat-ver-todo-wearables","10":"first","11":"instock","12":"sale","13":"shipping-taxable","14":"purchasable","15":"product-type-simple"},"acf":[],"_links":{"self":[{"href":"https:\/\/defabrica.com.mx\/defabrica\/wp-json\/wp\/v2\/product\/88036","targetHints":{"allow":["GET"]}}],"collection":[{"href":"https:\/\/defabrica.com.mx\/defabrica\/wp-json\/wp\/v2\/product"}],"about":[{"href":"https:\/\/defabrica.com.mx\/defabrica\/wp-json\/wp\/v2\/types\/product"}],"replies":[{"embeddable":true,"href":"https:\/\/defabrica.com.mx\/defabrica\/wp-json\/wp\/v2\/comments?post=88036"}],"wp:featuredmedia":[{"embeddable":true,"href":"https:\/\/defabrica.com.mx\/defabrica\/wp-json\/wp\/v2\/media\/88037"}],"wp:attachment":[{"href":"https:\/\/defabrica.com.mx\/defabrica\/wp-json\/wp\/v2\/media?parent=88036"}],"wp:term":[{"taxonomy":"product_brand","embeddable":true,"href":"https:\/\/defabrica.com.mx\/defabrica\/wp-json\/wp\/v2\/product_brand?post=88036"},{"taxonomy":"product_cat","embeddable":true,"href":"https:\/\/defabrica.com.mx\/defabrica\/wp-json\/wp\/v2\/product_cat?post=88036"},{"taxonomy":"product_tag","embeddable":true,"href":"https:\/\/defabrica.com.mx\/defabrica\/wp-json\/wp\/v2\/product_tag?post=88036"}],"curies":[{"name":"wp","href":"https:\/\/api.w.org\/{rel}","templated":true}]}}