{"id":88020,"date":"2022-07-08T02:09:29","date_gmt":"2022-07-08T07:09:29","guid":{"rendered":"https:\/\/defabrica.com.mx\/defabrica\/?post_type=product&#038;p=88020"},"modified":"2023-01-18T12:32:47","modified_gmt":"2023-01-18T18:32:47","slug":"garmin-usa-forerunner-745-gps-smartwatch-30-mm-polimero-reforzado-con-fibra-piedra-blanca","status":"publish","type":"product","link":"https:\/\/defabrica.com.mx\/defabrica\/producto\/garmin-usa-forerunner-745-gps-smartwatch-30-mm-polimero-reforzado-con-fibra-piedra-blanca\/","title":{"rendered":"Garmin USA &#8211; Forerunner 745 GPS Smartwatch 30 mm Pol\u00edmero reforzado con fibra &#8211; Piedra Blanca"},"content":{"rendered":"<div class=\"embedded-component-container lv product-description\">\n<div>\n<div id=\"shop-product-description-94351435\" class=\"_none\" data-version=\"1.3.45\">\n<div class=\"shop-product-description\">\n<section class=\"align-heading-left\" data-reactroot=\"\">\n<div class=\"long-description-container body-copy \">\n<div class=\"html-fragment\">Consigue nuevas relaciones p\u00fablicas con Forerunner\u00ae 745. Este reloj para correr con GPS est\u00e1 hecho para corredores y triatletas como t\u00fa que necesitan estad\u00edsticas de entrenamiento detalladas y entrenamientos en el dispositivo, adem\u00e1s de funciones de reloj inteligente como m\u00fasica, pagos sin contacto y m\u00e1s.\u00a0Los perfiles de actividad precargados para ciclismo y nataci\u00f3n en piscina te permiten completar tu rutina de entrenamiento, y el perfil multideporte consolida los datos para tus entrenamientos b\u00e1sicos.\u00a0Aproveche las funciones de fisioterapia avanzadas, como la aclimataci\u00f3n al calor y la altitud, el enfoque de la carga de entrenamiento y el predictor de carrera para alcanzar sus objetivos.\u00a0Sincronice m\u00fasica de servicios de transmisi\u00f3n seleccionados (se requiere suscripci\u00f3n premium) para almacenarla en su reloj y escucharla sin usar el tel\u00e9fono mientras corre.<\/div>\n<\/div>\n<\/section>\n<\/div>\n<\/div>\n<\/div>\n<\/div>\n<div class=\"embedded-component-container lv product-features\">\n<h3><\/h3>\n<h3 class=\"heading-5 v-fw-regular feature-heading\"><strong>Caracter\u00edsticas<\/strong><\/h3>\n<ul>\n<li><strong>Gu\u00eda de capacitaci\u00f3n conectada<\/strong><br \/>\nObtenga orientaci\u00f3n de entrenamiento sincronizando entrenamientos estructurados en interiores o exteriores con su dispositivo desde Garmin Connect\u2122 u otras aplicaciones*, incluidas TrainingPeaks\u00ae y TrainerRoad<\/li>\n<li><strong>Seguimiento de actividad GPS<\/strong><br \/>\nNade, ande en bicicleta, corra: h\u00e1galo todo con un reloj inteligente que utiliza m\u00faltiples sistemas satelitales para realizar un seguimiento preciso de sus entrenamientos<\/li>\n<li><strong>Perfiles de actividad precargados<\/strong><br \/>\nCambia tu rutina de ejercicios cuando quieras con perfiles de actividad precargados para carrera, triatl\u00f3n, multideporte, ciclismo, nataci\u00f3n en piscina, carrera en pista y m\u00e1s<\/li>\n<li><strong>Sugerencias de entrenamiento diario<\/strong><br \/>\nReciba en el dispositivo sugerencias de ejercicios diarios para correr y andar en bicicleta seg\u00fan su carga de entrenamiento actual y su VO2 m\u00e1x.<\/li>\n<li><strong>Analiza m\u00e1s<\/strong><br \/>\nAnalice m\u00e1s datos para ayudarlo a alcanzar su potencial de carrera, incluidas din\u00e1micas avanzadas de carrera, ciclismo y nataci\u00f3n.<\/li>\n<li><strong>M\u00fasica en tu mu\u00f1eca<\/strong><br \/>\nLleve m\u00fasica para cada milla sincronizando con servicios de transmisi\u00f3n de m\u00fasica** como Amazon Music, Deezer, Spotify\u00ae y m\u00e1s para almacenar y reproducir f\u00e1cilmente hasta 500 canciones desde su mu\u00f1eca<\/li>\n<li><strong>Pagos sin contacto Garmin Pay\u2122<\/strong><br \/>\nDeje su efectivo y tarjetas en casa; Los pagos contactless de Garmin Pay\u2122*** le permiten pagar sus compras sobre la marcha<\/li>\n<li><strong>Duraci\u00f3n de la bater\u00eda<\/strong><br \/>\nSupere sus carreras m\u00e1s largas con hasta 1 semana de duraci\u00f3n de la bater\u00eda en modo reloj inteligente, 6 horas en modo GPS con m\u00fasica y hasta 30 horas en modo UltraTrac\u2122<\/li>\n<\/ul>\n<\/div>\n","protected":false},"excerpt":{"rendered":"<p>Consigue nuevas relaciones p\u00fablicas con Forerunner\u00ae 745. Este reloj para correr con GPS est\u00e1 hecho para corredores y triatletas como t\u00fa que necesitan estad\u00edsticas de entrenamiento detalladas y entrenamientos en<\/p>\n","protected":false},"featured_media":88022,"comment_status":"open","ping_status":"closed","template":"","meta":{"_acf_changed":false,"_joinchat":[]},"product_brand":[],"product_cat":[305,311,312],"product_tag":[],"class_list":{"0":"post-88020","1":"product","2":"type-product","3":"status-publish","4":"has-post-thumbnail","6":"product_cat-wearables","7":"product_cat-android-smartwatches","8":"product_cat-ver-todo-wearables","10":"first","11":"instock","12":"sale","13":"shipping-taxable","14":"purchasable","15":"product-type-simple"},"acf":[],"_links":{"self":[{"href":"https:\/\/defabrica.com.mx\/defabrica\/wp-json\/wp\/v2\/product\/88020","targetHints":{"allow":["GET"]}}],"collection":[{"href":"https:\/\/defabrica.com.mx\/defabrica\/wp-json\/wp\/v2\/product"}],"about":[{"href":"https:\/\/defabrica.com.mx\/defabrica\/wp-json\/wp\/v2\/types\/product"}],"replies":[{"embeddable":true,"href":"https:\/\/defabrica.com.mx\/defabrica\/wp-json\/wp\/v2\/comments?post=88020"}],"wp:featuredmedia":[{"embeddable":true,"href":"https:\/\/defabrica.com.mx\/defabrica\/wp-json\/wp\/v2\/media\/88022"}],"wp:attachment":[{"href":"https:\/\/defabrica.com.mx\/defabrica\/wp-json\/wp\/v2\/media?parent=88020"}],"wp:term":[{"taxonomy":"product_brand","embeddable":true,"href":"https:\/\/defabrica.com.mx\/defabrica\/wp-json\/wp\/v2\/product_brand?post=88020"},{"taxonomy":"product_cat","embeddable":true,"href":"https:\/\/defabrica.com.mx\/defabrica\/wp-json\/wp\/v2\/product_cat?post=88020"},{"taxonomy":"product_tag","embeddable":true,"href":"https:\/\/defabrica.com.mx\/defabrica\/wp-json\/wp\/v2\/product_tag?post=88020"}],"curies":[{"name":"wp","href":"https:\/\/api.w.org\/{rel}","templated":true}]}}