{"id":88014,"date":"2022-07-08T01:39:48","date_gmt":"2022-07-08T06:39:48","guid":{"rendered":"https:\/\/defabrica.com.mx\/defabrica\/?post_type=product&#038;p=88014"},"modified":"2022-07-08T01:39:48","modified_gmt":"2022-07-08T06:39:48","slug":"iconnect-by-timex-iconnect-smartwatch-37mm-resina-raya-rosa","status":"publish","type":"product","link":"https:\/\/defabrica.com.mx\/defabrica\/producto\/iconnect-by-timex-iconnect-smartwatch-37mm-resina-raya-rosa\/","title":{"rendered":"iConnect by Timex &#8211; Iconnect Smartwatch 37mm Resina &#8211; Raya rosa"},"content":{"rendered":"<div class=\"embedded-component-container lv product-description\">\n<div>\n<div id=\"shop-product-description-39505669\" class=\"_none\" data-version=\"1.3.45\">\n<div class=\"shop-product-description\">\n<section class=\"align-heading-left\" data-reactroot=\"\">\n<div class=\"long-description-container body-copy \">\n<div class=\"html-fragment\"><span>Conc\u00e9ntrese en el ejercicio con este reloj inteligente iConnect by Timex Kids Active.\u00a0Los monitores de actividad diaria realizan un seguimiento de la frecuencia card\u00edaca, el consumo de calor\u00edas, la distancia recorrida y los pasos realizados para ayudar a crear una rutina personalizada.\u00a0La correa de tela liviana con rayas rosadas de este reloj inteligente iConnect by Timex Kids Active es c\u00f3moda de usar y se ajusta para adaptarse a mu\u00f1ecas de hasta 8 pulgadas de di\u00e1metro para un ajuste c\u00f3modo.<\/span><\/div>\n<\/div>\n<\/section>\n<\/div>\n<\/div>\n<\/div>\n<\/div>\n<div class=\"embedded-component-container lv product-features\">\n<h3><\/h3>\n<h3 class=\"heading-5 v-fw-regular feature-heading\"><strong>Caracter\u00edsticas<\/strong><\/h3>\n<ul>\n<li><strong>Compatible con tel\u00e9fonos iPhone\u00ae y Android<\/strong><br \/>\nIncluidos modelos con sistema operativo iOS 9 o posterior o Android 5.0 (Lollipop) o posterior para una amplia variedad de usos.<\/li>\n<li><strong>Notificaciones por SMS, correo electr\u00f3nico y aplicaciones sociales<\/strong><br \/>\nMantenerlo actualizado sobre los acontecimientos del d\u00eda a d\u00eda.<\/li>\n<li><strong>Caja de resina<\/strong><br \/>\nJunto con una correa de reloj de tela de 20 mm, garantiza durabilidad y una apariencia elegante.<\/li>\n<li><strong>Conexi\u00f3n inal\u00e1mbrica a su dispositivo<\/strong><br \/>\nLa tecnolog\u00eda Bluetooth proporciona una conexi\u00f3n inal\u00e1mbrica fiable.<\/li>\n<li><strong>pod\u00f3metro incorporado<\/strong><br \/>\nRealiza un seguimiento de las distancias de caminata y carrera para ayudarlo a mantenerse en forma.<\/li>\n<\/ul>\n<\/div>\n","protected":false},"excerpt":{"rendered":"<p>Conc\u00e9ntrese en el ejercicio con este reloj inteligente iConnect by Timex Kids Active.\u00a0Los monitores de actividad diaria realizan un seguimiento de la frecuencia card\u00edaca, el consumo de calor\u00edas, la distancia<\/p>\n","protected":false},"featured_media":88016,"comment_status":"open","ping_status":"closed","template":"","meta":{"_acf_changed":false,"_joinchat":[]},"product_brand":[],"product_cat":[305,311,312],"product_tag":[],"class_list":{"0":"post-88014","1":"product","2":"type-product","3":"status-publish","4":"has-post-thumbnail","6":"product_cat-wearables","7":"product_cat-android-smartwatches","8":"product_cat-ver-todo-wearables","10":"first","11":"instock","12":"sale","13":"shipping-taxable","14":"purchasable","15":"product-type-simple"},"acf":[],"_links":{"self":[{"href":"https:\/\/defabrica.com.mx\/defabrica\/wp-json\/wp\/v2\/product\/88014","targetHints":{"allow":["GET"]}}],"collection":[{"href":"https:\/\/defabrica.com.mx\/defabrica\/wp-json\/wp\/v2\/product"}],"about":[{"href":"https:\/\/defabrica.com.mx\/defabrica\/wp-json\/wp\/v2\/types\/product"}],"replies":[{"embeddable":true,"href":"https:\/\/defabrica.com.mx\/defabrica\/wp-json\/wp\/v2\/comments?post=88014"}],"wp:featuredmedia":[{"embeddable":true,"href":"https:\/\/defabrica.com.mx\/defabrica\/wp-json\/wp\/v2\/media\/88016"}],"wp:attachment":[{"href":"https:\/\/defabrica.com.mx\/defabrica\/wp-json\/wp\/v2\/media?parent=88014"}],"wp:term":[{"taxonomy":"product_brand","embeddable":true,"href":"https:\/\/defabrica.com.mx\/defabrica\/wp-json\/wp\/v2\/product_brand?post=88014"},{"taxonomy":"product_cat","embeddable":true,"href":"https:\/\/defabrica.com.mx\/defabrica\/wp-json\/wp\/v2\/product_cat?post=88014"},{"taxonomy":"product_tag","embeddable":true,"href":"https:\/\/defabrica.com.mx\/defabrica\/wp-json\/wp\/v2\/product_tag?post=88014"}],"curies":[{"name":"wp","href":"https:\/\/api.w.org\/{rel}","templated":true}]}}