{"id":87989,"date":"2022-07-08T01:09:37","date_gmt":"2022-07-08T06:09:37","guid":{"rendered":"https:\/\/defabrica.com.mx\/defabrica\/?post_type=product&#038;p=87989"},"modified":"2023-01-17T16:00:21","modified_gmt":"2023-01-17T22:00:21","slug":"garmin-venu-2-plus-gps-smartwatch-43-mm-polimero-reforzado-con-fibra-pizarra","status":"publish","type":"product","link":"https:\/\/defabrica.com.mx\/defabrica\/producto\/garmin-venu-2-plus-gps-smartwatch-43-mm-polimero-reforzado-con-fibra-pizarra\/","title":{"rendered":"Garmin &#8211; Venu 2 Plus GPS Smartwatch 43 mm Pol\u00edmero reforzado con fibra &#8211; Pizarra"},"content":{"rendered":"<div class=\"embedded-component-container lv product-description\">\n<div>\n<div id=\"shop-product-description-51360687\" class=\"_none\" data-version=\"1.3.45\">\n<div class=\"shop-product-description\">\n<section class=\"align-heading-left\" data-reactroot=\"\">\n<div class=\"long-description-container body-copy \">\n<div class=\"html-fragment\">Marca tu bienestar con Venu 2 Plus.\u00a0Este reloj inteligente con GPS tiene funciones avanzadas de salud y estado f\u00edsico para ayudarlo a comprender mejor su cuerpo.\u00a0Cuando se combina con su tel\u00e9fono inteligente compatible, disfrute de la comodidad de mantener ese tel\u00e9fono en su bolsillo y hacer y recibir llamadas directamente desde su mu\u00f1eca.\u00a0Incluso puede usar el asistente de voz de su tel\u00e9fono inteligente para responder mensajes de texto.\u00a0Cambia tus actividades con entrenamientos animados y m\u00e1s de 25 aplicaciones deportivas integradas.\u00a0El almacenamiento de m\u00fasica integrado te permite llevar contigo tus canciones favoritas.\u00a0Y obt\u00e9n a\u00fan m\u00e1s funciones en la mu\u00f1eca con los pagos contactless de Garmin Pay en pa\u00edses y redes de pago admitidos, funciones de seguimiento de seguridad y m\u00e1s (requiere configuraci\u00f3n y tu tel\u00e9fono inteligente para estar en un \u00e1rea con cobertura de red donde la conectividad de datos est\u00e9 disponible)<\/div>\n<\/div>\n<\/section>\n<\/div>\n<\/div>\n<\/div>\n<\/div>\n<div class=\"embedded-component-container lv product-features\">\n<h3><\/h3>\n<h3 class=\"heading-5 v-fw-regular feature-heading\"><strong>Caracter\u00edsticas<\/strong><\/h3>\n<ul>\n<li><strong>Pantalla brillante y n\u00edtida<\/strong><br \/>\nAdapta tu estilo con un reloj inteligente que est\u00e1 disponible en tres colores y cuenta con una pantalla AMOLED brillante y n\u00edtida<\/li>\n<li><strong>Duraci\u00f3n de la bater\u00eda y recarga r\u00e1pida<\/strong><br \/>\nObtenga una imagen ininterrumpida de su salud, gracias a la duraci\u00f3n de la bater\u00eda de hasta 9 d\u00edas en modo reloj inteligente y hasta 8 horas en modo GPS con m\u00fasica, adem\u00e1s de recarga r\u00e1pida y modo de ahorro de bater\u00eda<\/li>\n<li><strong>Habla con tu asistente de voz<\/strong><br \/>\nUse el asistente de voz de su tel\u00e9fono inteligente compatible para responder mensajes de texto, hacer preguntas, controlar dispositivos dom\u00e9sticos inteligentes compatibles y m\u00e1s<\/li>\n<li><strong>*Vigilancia de la salud<\/strong><br \/>\nConozca mejor su cuerpo con amplias funciones de control de la salud, incluida la funci\u00f3n Instant\u00e1nea de salud, los niveles de energ\u00eda de la bater\u00eda corporal, la puntuaci\u00f3n e informaci\u00f3n sobre el sue\u00f1o, la edad f\u00edsica, el seguimiento del estr\u00e9s y m\u00e1s.<\/li>\n<li><strong>GPS integrado y aplicaciones para deportes de interior<\/strong><br \/>\nEncuentre nuevas formas de mantener su cuerpo en movimiento con m\u00e1s de 25 aplicaciones deportivas integradas para interiores y GPS, que incluyen caminar, correr, andar en bicicleta, HIIT, nadar, golf y muchas m\u00e1s.<\/li>\n<li><strong>Cualquier entrenamiento, en cualquier momento<\/strong><br \/>\nUse entrenamientos precargados que incluyen cardio, yoga, fuerza, HIIT y Pilates, cree los suyos propios en la aplicaci\u00f3n Garmin Connect en su tel\u00e9fono inteligente compatible o pruebe Garmin<\/li>\n<li><strong>M\u00fasica<\/strong><br \/>\nDescargue hasta 650 canciones a su reloj, incluidas listas de reproducci\u00f3n de Spotify, Amazon Music o Deezer (puede requerir una suscripci\u00f3n premium) y con\u00e9ctese con sus auriculares inal\u00e1mbricos para escuchar sin tel\u00e9fono<\/li>\n<li><strong>Pago Garmin<\/strong><br \/>\nCon un pa\u00eds compatible y una red de pago, deje su efectivo y tarjetas en casa; Los pagos contactless de Garmin Pay te permiten pagar tus compras sobre la marcha<\/li>\n<li><strong>**Caracter\u00edsticas de seguridad y seguimiento<\/strong><br \/>\nLas funciones de seguridad y seguimiento incluyen detecci\u00f3n de incidentes (durante caminatas al aire libre, carreras y paseos en bicicleta) y asistencia, las cuales env\u00edan un mensaje con su ubicaci\u00f3n en vivo a los contactos de emergencia<\/li>\n<li><strong>Llamadas telef\u00f3nicas desde tu mu\u00f1eca<\/strong><br \/>\nDisfrute de la comodidad de hacer y recibir llamadas telef\u00f3nicas desde su mu\u00f1eca cuando se empareja con su tel\u00e9fono inteligente compatible<\/li>\n<li><strong>Personaliza tu reloj<\/strong><br \/>\nPersonaliza Venu 2 Plus con esferas de reloj y aplicaciones de la aplicaci\u00f3n Connect IQ Store en tu smartphone compatible y sincroniza con la aplicaci\u00f3n Garmin Connect en tu smartphone compatible para revisar tus datos de salud y estado f\u00edsico en detalle<\/li>\n<li><strong>*Descargo de responsabilidad<\/strong><br \/>\nEste dispositivo pretende ser una estimaci\u00f3n de su actividad y m\u00e9tricas; no es un dispositivo m\u00e9dico.<\/li>\n<li><strong>**Descargo de responsabilidad<\/strong><br \/>\nRequiere configuraci\u00f3n y su tel\u00e9fono inteligente para estar en un \u00e1rea con cobertura de red donde la conectividad de datos est\u00e1 disponible<\/li>\n<\/ul>\n<\/div>\n","protected":false},"excerpt":{"rendered":"<p>Marca tu bienestar con Venu 2 Plus.\u00a0Este reloj inteligente con GPS tiene funciones avanzadas de salud y estado f\u00edsico para ayudarlo a comprender mejor su cuerpo.\u00a0Cuando se combina con su<\/p>\n","protected":false},"featured_media":87990,"comment_status":"open","ping_status":"closed","template":"","meta":{"_acf_changed":false,"_joinchat":[]},"product_brand":[],"product_cat":[305,311,312],"product_tag":[],"class_list":{"0":"post-87989","1":"product","2":"type-product","3":"status-publish","4":"has-post-thumbnail","6":"product_cat-wearables","7":"product_cat-android-smartwatches","8":"product_cat-ver-todo-wearables","10":"first","11":"instock","12":"sale","13":"shipping-taxable","14":"purchasable","15":"product-type-simple"},"acf":[],"_links":{"self":[{"href":"https:\/\/defabrica.com.mx\/defabrica\/wp-json\/wp\/v2\/product\/87989","targetHints":{"allow":["GET"]}}],"collection":[{"href":"https:\/\/defabrica.com.mx\/defabrica\/wp-json\/wp\/v2\/product"}],"about":[{"href":"https:\/\/defabrica.com.mx\/defabrica\/wp-json\/wp\/v2\/types\/product"}],"replies":[{"embeddable":true,"href":"https:\/\/defabrica.com.mx\/defabrica\/wp-json\/wp\/v2\/comments?post=87989"}],"wp:featuredmedia":[{"embeddable":true,"href":"https:\/\/defabrica.com.mx\/defabrica\/wp-json\/wp\/v2\/media\/87990"}],"wp:attachment":[{"href":"https:\/\/defabrica.com.mx\/defabrica\/wp-json\/wp\/v2\/media?parent=87989"}],"wp:term":[{"taxonomy":"product_brand","embeddable":true,"href":"https:\/\/defabrica.com.mx\/defabrica\/wp-json\/wp\/v2\/product_brand?post=87989"},{"taxonomy":"product_cat","embeddable":true,"href":"https:\/\/defabrica.com.mx\/defabrica\/wp-json\/wp\/v2\/product_cat?post=87989"},{"taxonomy":"product_tag","embeddable":true,"href":"https:\/\/defabrica.com.mx\/defabrica\/wp-json\/wp\/v2\/product_tag?post=87989"}],"curies":[{"name":"wp","href":"https:\/\/api.w.org\/{rel}","templated":true}]}}